{"id":112113,"date":"2025-09-18T13:22:43","date_gmt":"2025-09-18T13:22:43","guid":{"rendered":"https:\/\/www.vetspanel.com\/undersokning-blockerad\/"},"modified":"2025-09-18T14:30:43","modified_gmt":"2025-09-18T14:30:43","slug":"undersokning-blockerad","status":"publish","type":"page","link":"https:\/\/www.vetspanel.com\/sv\/undersokning-blockerad\/","title":{"rendered":"Unders\u00f6kning blockerad"},"content":{"rendered":"<div class=\"wpb-content-wrapper\"><p>[vc_row][vc_column column_width_percent=&#8221;100&#8243; align_horizontal=&#8221;align_center&#8221; gutter_size=&#8221;3&#8243; overlay_alpha=&#8221;50&#8243; shift_x=&#8221;0&#8243; shift_y=&#8221;0&#8243; shift_y_down=&#8221;0&#8243; z_index=&#8221;0&#8243; medium_width=&#8221;0&#8243; mobile_width=&#8221;0&#8243; width=&#8221;1\/1&#8243;][vc_icon icon=&#8221;fa fa-close&#8221; icon_color=&#8221;color-rgdb&#8221; size=&#8221;fa-5x&#8221;][\/vc_icon][\/vc_column][\/vc_row][vc_row][vc_column column_width_percent=&#8221;100&#8243; align_horizontal=&#8221;align_center&#8221; gutter_size=&#8221;3&#8243; overlay_alpha=&#8221;50&#8243; shift_x=&#8221;0&#8243; shift_y=&#8221;0&#8243; shift_y_down=&#8221;0&#8243; z_index=&#8221;0&#8243; medium_width=&#8221;0&#8243; mobile_width=&#8221;0&#8243; width=&#8221;1\/1&#8243;][vc_custom_heading uncode_shortcode_id=&#8221;182428&#8243;]<span class=\"font-385128\">Tyv\u00e4rr uppfyllde du inte kriterierna f\u00f6r den h\u00e4r unders\u00f6kningen vid det h\u00e4r tillf\u00e4llet. Detta kan bero p\u00e5 en eller flera av f\u00f6ljande anledningar: <\/span><\/p>\n<p>[\/vc_custom_heading][vc_custom_heading text_color=&#8221;color-rgdb&#8221; text_size=&#8221;h4&#8243; uncode_shortcode_id=&#8221;538493&#8243; text_color_type=&#8221;uncode-palette&#8221;]<span class=\"font-385128\">Du kanske redan har besvarat den h\u00e4r enk\u00e4ten via en annan panel.<\/span><br \/>\n<span class=\"font-385128\">Systemet kan ha uppt\u00e4ckt att du anv\u00e4nder en VPN-anslutning.<\/span><br \/>\n<span class=\"font-385128\">Du kanske f\u00f6rs\u00f6ker komma \u00e5t den h\u00e4r unders\u00f6kningen fr\u00e5n ett annat land \u00e4n det som den \u00e4r avsedd f\u00f6r.<\/span><br \/>\n<span class=\"font-385128\">Systemet kan ha uppt\u00e4ckt att din IP redan har anv\u00e4nts av en annan respondent.<\/span><\/p>\n<p>[\/vc_custom_heading][vc_custom_heading uncode_shortcode_id=&#8221;117640&#8243;]<span class=\"font-385128\">Tack f\u00f6r din tid och ditt intresse f\u00f6r denna unders\u00f6kning.<\/span><\/p>\n<p>[\/vc_custom_heading][\/vc_column][\/vc_row][vc_row][vc_column column_width_percent=&#8221;100&#8243; align_horizontal=&#8221;align_center&#8221; gutter_size=&#8221;3&#8243; overlay_alpha=&#8221;50&#8243; shift_x=&#8221;0&#8243; shift_y=&#8221;0&#8243; shift_y_down=&#8221;0&#8243; z_index=&#8221;0&#8243; medium_width=&#8221;0&#8243; mobile_width=&#8221;0&#8243; width=&#8221;1\/1&#8243; uncode_shortcode_id=&#8221;206923&#8243;][vc_button button_color=&#8221;color-rgdb&#8221; size=&#8221;btn-xl&#8221; radius=&#8221;btn-circle&#8221; hover_fx=&#8221;outlined&#8221; outline=&#8221;yes&#8221; text_skin=&#8221;yes&#8221; custom_typo=&#8221;yes&#8221; font_family=&#8221;font-385128&#8243; font_weight=&#8221;600&#8243; border_width=&#8221;2&#8243; link=&#8221;url:https%3A%2F%2Fwww.vetspanel.com%2Fsv%2Fmedlemsinloggning%2F|title:G%C3%A5%20med|&#8221; width=&#8221;150&#8243; button_color_type=&#8221;uncode-palette&#8221; uncode_shortcode_id=&#8221;247342&#8243;]Logga in[\/vc_button][\/vc_column][\/vc_row]<\/p>\n<\/div>","protected":false},"excerpt":{"rendered":"<p>[vc_row][vc_column column_width_percent=&#8221;100&#8243; align_horizontal=&#8221;align_center&#8221; gutter_size=&#8221;3&#8243; overlay_alpha=&#8221;50&#8243; shift_x=&#8221;0&#8243; shift_y=&#8221;0&#8243; shift_y_down=&#8221;0&#8243; z_index=&#8221;0&#8243; medium_width=&#8221;0&#8243; mobile_width=&#8221;0&#8243; width=&#8221;1\/1&#8243;][vc_icon icon=&#8221;fa fa-close&#8221; icon_color=&#8221;color-rgdb&#8221; size=&#8221;fa-5x&#8221;][\/vc_icon][\/vc_column][\/vc_row][vc_row][vc_column column_width_percent=&#8221;100&#8243; align_horizontal=&#8221;align_center&#8221; gutter_size=&#8221;3&#8243; overlay_alpha=&#8221;50&#8243; [&hellip;]<\/p>\n","protected":false},"author":14,"featured_media":0,"parent":0,"menu_order":0,"comment_status":"closed","ping_status":"closed","template":"","meta":{"_monsterinsights_skip_tracking":false,"_monsterinsights_sitenote_active":false,"_monsterinsights_sitenote_note":"","_monsterinsights_sitenote_category":0,"footnotes":""},"class_list":["post-112113","page","type-page","status-publish","hentry"],"_links":{"self":[{"href":"https:\/\/www.vetspanel.com\/sv\/wp-json\/wp\/v2\/pages\/112113","targetHints":{"allow":["GET"]}}],"collection":[{"href":"https:\/\/www.vetspanel.com\/sv\/wp-json\/wp\/v2\/pages"}],"about":[{"href":"https:\/\/www.vetspanel.com\/sv\/wp-json\/wp\/v2\/types\/page"}],"author":[{"embeddable":true,"href":"https:\/\/www.vetspanel.com\/sv\/wp-json\/wp\/v2\/users\/14"}],"replies":[{"embeddable":true,"href":"https:\/\/www.vetspanel.com\/sv\/wp-json\/wp\/v2\/comments?post=112113"}],"version-history":[{"count":0,"href":"https:\/\/www.vetspanel.com\/sv\/wp-json\/wp\/v2\/pages\/112113\/revisions"}],"wp:attachment":[{"href":"https:\/\/www.vetspanel.com\/sv\/wp-json\/wp\/v2\/media?parent=112113"}],"curies":[{"name":"wp","href":"https:\/\/api.w.org\/{rel}","templated":true}]}}