{"id":91192,"date":"2020-09-24T10:41:26","date_gmt":"2020-09-24T10:41:26","guid":{"rendered":"https:\/\/www.vetspanel.com\/pagina-inicial\/"},"modified":"2025-06-03T13:50:56","modified_gmt":"2025-06-03T13:50:56","slug":"pagina-inicial","status":"publish","type":"page","link":"https:\/\/www.vetspanel.com\/pt-pt\/","title":{"rendered":"P\u00e1gina Inicial"},"content":{"rendered":"<div class=\"wpb-content-wrapper\"><p>[vc_row unlock_row_content=&#8221;yes&#8221; row_height_percent=&#8221;0&#8243; override_padding=&#8221;yes&#8221; h_padding=&#8221;0&#8243; top_padding=&#8221;0&#8243; bottom_padding=&#8221;0&#8243; overlay_alpha=&#8221;100&#8243; gutter_size=&#8221;0&#8243; style=&#8221;inherited&#8221;][\/vc_row][vc_row unlock_row_content=&#8221;yes&#8221; row_height_percent=&#8221;0&#8243; override_padding=&#8221;yes&#8221; h_padding=&#8221;0&#8243; top_padding=&#8221;0&#8243; bottom_padding=&#8221;0&#8243; overlay_alpha=&#8221;50&#8243; equal_height=&#8221;yes&#8221; gutter_size=&#8221;0&#8243; shift_y=&#8221;0&#8243;][\/vc_row][vc_row row_height_percent=&#8221;0&#8243; override_padding=&#8221;yes&#8221; h_padding=&#8221;2&#8243; top_padding=&#8221;2&#8243; bottom_padding=&#8221;2&#8243; overlay_alpha=&#8221;50&#8243; gutter_size=&#8221;4&#8243; column_width_percent=&#8221;100&#8243; shift_y=&#8221;0&#8243; z_index=&#8221;0&#8243; el_class=&#8221;inverted-device-order&#8221; uncode_shortcode_id=&#8221;119323&#8243;][vc_column column_width_use_pixel=&#8221;yes&#8221; position_vertical=&#8221;middle&#8221; gutter_size=&#8221;3&#8243; overlay_alpha=&#8221;50&#8243; shift_x=&#8221;0&#8243; shift_y=&#8221;0&#8243; shift_y_down=&#8221;0&#8243; z_index=&#8221;0&#8243; align_medium=&#8221;align_center_tablet&#8221; medium_width=&#8221;0&#8243; align_mobile=&#8221;align_center_mobile&#8221; mobile_width=&#8221;0&#8243; width=&#8221;1\/2&#8243; column_width_pixel=&#8221;900&#8243;][vc_custom_heading text_color=&#8221;color-wayh&#8221; heading_semantic=&#8221;h3&#8243; text_font=&#8221;font-385128&#8243; text_size=&#8221;h1&#8243; uncode_shortcode_id=&#8221;137419&#8243; text_color_type=&#8221;uncode-palette&#8221;]<span class=\"font-762333 font-385128\">Participe da nossa comunidade para profissionais da \u00e1rea veterin\u00e1ria e seja pago por suas opini\u00f5es e expertise<\/span>[\/vc_custom_heading][vc_row_inner row_inner_height_percent=&#8221;0&#8243; overlay_alpha=&#8221;50&#8243; gutter_size=&#8221;3&#8243; shift_y=&#8221;0&#8243; z_index=&#8221;0&#8243; limit_content=&#8221;&#8221; uncode_shortcode_id=&#8221;156641&#8243;][vc_column_inner column_width_percent=&#8221;100&#8243; position_horizontal=&#8221;right&#8221; align_horizontal=&#8221;align_center&#8221; gutter_size=&#8221;3&#8243; overlay_alpha=&#8221;50&#8243; shift_x=&#8221;0&#8243; shift_y=&#8221;0&#8243; shift_y_down=&#8221;0&#8243; z_index=&#8221;0&#8243; align_medium=&#8221;align_center_tablet&#8221; medium_width=&#8221;0&#8243; align_mobile=&#8221;align_center_mobile&#8221; mobile_width=&#8221;0&#8243; width=&#8221;1\/1&#8243; uncode_shortcode_id=&#8221;553593&#8243;][vc_button button_color=&#8221;color-rgdb&#8221; size=&#8221;btn-xl&#8221; radius=&#8221;btn-circle&#8221; hover_fx=&#8221;outlined&#8221; text_skin=&#8221;yes&#8221; custom_typo=&#8221;yes&#8221; font_family=&#8221;font-385128&#8243; font_weight=&#8221;600&#8243; border_width=&#8221;2&#8243; link=&#8221;url:https%3A%2F%2Fwww.vetspanel.com%2Fpt-pt%2Fparticipe%2F|title:Participe|&#8221; width=&#8221;150&#8243; button_color_type=&#8221;uncode-palette&#8221; uncode_shortcode_id=&#8221;160059&#8243;]Participe[\/vc_button][\/vc_column_inner][\/vc_row_inner][\/vc_column][vc_column column_width_percent=&#8221;100&#8243; gutter_size=&#8221;3&#8243; overlay_alpha=&#8221;50&#8243; shift_x=&#8221;0&#8243; shift_y=&#8221;0&#8243; shift_y_down=&#8221;0&#8243; z_index=&#8221;0&#8243; medium_visibility=&#8221;yes&#8221; medium_width=&#8221;0&#8243; mobile_visibility=&#8221;yes&#8221; mobile_width=&#8221;0&#8243; width=&#8221;1\/2&#8243; uncode_shortcode_id=&#8221;340437&#8243;][vc_single_image media=&#8221;88425&#8243; media_width_use_pixel=&#8221;yes&#8221; alignment=&#8221;center&#8221; media_width_pixel=&#8221;600&#8243;][\/vc_column][\/vc_row][vc_row row_height_percent=&#8221;0&#8243; override_padding=&#8221;yes&#8221; h_padding=&#8221;2&#8243; top_padding=&#8221;1&#8243; bottom_padding=&#8221;1&#8243; overlay_alpha=&#8221;50&#8243; gutter_size=&#8221;4&#8243; column_width_percent=&#8221;100&#8243; shift_y=&#8221;0&#8243; z_index=&#8221;0&#8243;][vc_column column_width_percent=&#8221;100&#8243; position_vertical=&#8221;middle&#8221; gutter_size=&#8221;3&#8243; overlay_alpha=&#8221;50&#8243; shift_x=&#8221;0&#8243; shift_y=&#8221;0&#8243; shift_y_down=&#8221;0&#8243; z_index=&#8221;0&#8243; medium_width=&#8221;0&#8243; mobile_width=&#8221;0&#8243; width=&#8221;1\/2&#8243;][vc_single_image media=&#8221;88450&#8243; media_width_use_pixel=&#8221;yes&#8221; alignment=&#8221;center&#8221; media_width_pixel=&#8221;600&#8243;][\/vc_column][vc_column column_width_use_pixel=&#8221;yes&#8221; position_vertical=&#8221;middle&#8221; gutter_size=&#8221;3&#8243; overlay_alpha=&#8221;50&#8243; shift_x=&#8221;0&#8243; shift_y=&#8221;0&#8243; shift_y_down=&#8221;0&#8243; z_index=&#8221;0&#8243; medium_width=&#8221;0&#8243; mobile_width=&#8221;0&#8243; width=&#8221;1\/2&#8243; column_width_pixel=&#8221;900&#8243;][vc_custom_heading heading_semantic=&#8221;h3&#8243; text_font=&#8221;font-385128&#8243; text_size=&#8221;fontsize-155944&#8243; subheading=&#8221;O site Vetspanel \u00e9 uma comunidade online exclusivamente profissionais da \u00e1rea veterin\u00e1ria. Oferecemos a nossos membros a oportunidade de participar de pesquisas de mercado com v\u00e1rias metodologias relevantes para o campo e pag\u00e1-los por seu tempo e experi\u00eancia.&#8221; uncode_shortcode_id=&#8221;183448&#8243;]<\/p>\n<h1><span class=\"font-385128\">O que \u00e9 o Vetspanel?<\/span><\/h1>\n<p>[\/vc_custom_heading][\/vc_column][\/vc_row][vc_row row_height_percent=&#8221;0&#8243; override_padding=&#8221;yes&#8221; h_padding=&#8221;2&#8243; top_padding=&#8221;2&#8243; bottom_padding=&#8221;2&#8243; overlay_alpha=&#8221;50&#8243; gutter_size=&#8221;4&#8243; column_width_percent=&#8221;100&#8243; shift_y=&#8221;0&#8243; z_index=&#8221;0&#8243; el_class=&#8221;inverted-device-order&#8221;][vc_column column_width_use_pixel=&#8221;yes&#8221; position_vertical=&#8221;middle&#8221; gutter_size=&#8221;3&#8243; overlay_alpha=&#8221;50&#8243; shift_x=&#8221;0&#8243; shift_y=&#8221;0&#8243; shift_y_down=&#8221;0&#8243; z_index=&#8221;0&#8243; medium_width=&#8221;0&#8243; mobile_width=&#8221;0&#8243; width=&#8221;1\/2&#8243; column_width_pixel=&#8221;900&#8243;][vc_custom_heading heading_semantic=&#8221;h3&#8243; text_font=&#8221;font-385128&#8243; text_size=&#8221;fontsize-155944&#8243; subheading=&#8221;Basta clicar no bot\u00e3o de registro abaixo para se registrar e falar um pouco sobre voc\u00ea. Assim que tivermos confirmado seus dados, come\u00e7aremos a convid\u00e1-lo para pesquisas relevantes. Ap\u00f3s voc\u00ea tiver conclu\u00eddo as pesquisas, seus pontos estar\u00e3o prontos para serem gastos imediatamente. Eles podem ser resgatados em dinheiro atrav\u00e9s do PayPal, vouchers (por exemplo, Amazon, iTunes) ou doados a uma de nossas institui\u00e7\u00f5es de caridade.&#8221; uncode_shortcode_id=&#8221;112584&#8243;]<\/p>\n<h1><span class=\"font-385128\">Como funciona?<\/span><\/h1>\n<p>[\/vc_custom_heading][vc_button button_color=&#8221;color-rgdb&#8221; size=&#8221;btn-xl&#8221; radius=&#8221;btn-circle&#8221; hover_fx=&#8221;outlined&#8221; text_skin=&#8221;yes&#8221; custom_typo=&#8221;yes&#8221; font_family=&#8221;font-385128&#8243; font_weight=&#8221;600&#8243; border_width=&#8221;2&#8243; link=&#8221;url:https%3A%2F%2Fwww.vetspanel.com%2Fpt-pt%2Fparticipe%2F|title:Participe|&#8221; width=&#8221;150&#8243; button_color_type=&#8221;uncode-palette&#8221; uncode_shortcode_id=&#8221;211000&#8243;]Participe[\/vc_button][\/vc_column][vc_column width=&#8221;1\/2&#8243;][vc_single_image media=&#8221;88454&#8243; media_width_use_pixel=&#8221;yes&#8221; alignment=&#8221;center&#8221; media_width_pixel=&#8221;600&#8243;][\/vc_column][\/vc_row][vc_row row_height_percent=&#8221;0&#8243; override_padding=&#8221;yes&#8221; h_padding=&#8221;2&#8243; top_padding=&#8221;3&#8243; bottom_padding=&#8221;3&#8243; back_color=&#8221;color-lxmt&#8221; overlay_alpha=&#8221;50&#8243; gutter_size=&#8221;3&#8243; column_width_percent=&#8221;100&#8243; shift_y=&#8221;0&#8243; z_index=&#8221;0&#8243;][vc_column column_width_percent=&#8221;100&#8243; align_horizontal=&#8221;align_center&#8221; gutter_size=&#8221;2&#8243; font_family=&#8221;font-385128&#8243; overlay_alpha=&#8221;50&#8243; shift_x=&#8221;0&#8243; shift_y=&#8221;0&#8243; shift_y_down=&#8221;0&#8243; z_index=&#8221;0&#8243; medium_width=&#8221;0&#8243; mobile_width=&#8221;0&#8243; width=&#8221;1\/3&#8243;][vc_custom_heading text_color=&#8221;color-wayh&#8221; heading_semantic=&#8221;h3&#8243; text_font=&#8221;font-385128&#8243; text_size=&#8221;h4&#8243;]<span class=\"font-762333\">Participe<\/span>[\/vc_custom_heading][uncode_counter value=&#8221;30,000&#8243; counter_color=&#8221;color-rgdb&#8221; font=&#8221;font-385128&#8243; size=&#8221;h1&#8243; weight=&#8221;600&#8243; height=&#8221;fontheight-179065&#8243; suffix=&#8221;+&#8221; uncode_shortcode_id=&#8221;142777&#8243; counter_color_type=&#8221;uncode-palette&#8221;][vc_custom_heading text_color=&#8221;color-wayh&#8221; heading_semantic=&#8221;h3&#8243; text_font=&#8221;font-385128&#8243; text_size=&#8221;h4&#8243;]Profissionais de \u00e1rea <span class=\"font-762333\">Veterin\u00e1ria <\/span>[\/vc_custom_heading][\/vc_column][vc_column column_width_percent=&#8221;100&#8243; align_horizontal=&#8221;align_center&#8221; gutter_size=&#8221;2&#8243; style=&#8221;dark&#8221; font_family=&#8221;font-385128&#8243; overlay_alpha=&#8221;50&#8243; shift_x=&#8221;0&#8243; shift_y=&#8221;0&#8243; shift_y_down=&#8221;0&#8243; z_index=&#8221;0&#8243; medium_width=&#8221;0&#8243; mobile_width=&#8221;0&#8243; width=&#8221;1\/3&#8243;][vc_custom_heading text_color=&#8221;color-wayh&#8221; heading_semantic=&#8221;h3&#8243; text_font=&#8221;font-385128&#8243; text_size=&#8221;h4&#8243;]Atrav\u00e9s[\/vc_custom_heading][uncode_counter value=&#8221;17&#8243; counter_color=&#8221;color-rgdb&#8221; font=&#8221;font-385128&#8243; size=&#8221;h1&#8243; weight=&#8221;600&#8243; height=&#8221;fontheight-179065&#8243;][vc_custom_heading text_color=&#8221;color-wayh&#8221; heading_semantic=&#8221;h3&#8243; text_font=&#8221;font-385128&#8243; text_size=&#8221;h4&#8243;]Pa\u00edses[\/vc_custom_heading][\/vc_column][vc_column column_width_percent=&#8221;100&#8243; align_horizontal=&#8221;align_center&#8221; gutter_size=&#8221;2&#8243; style=&#8221;dark&#8221; font_family=&#8221;font-385128&#8243; overlay_alpha=&#8221;50&#8243; shift_x=&#8221;0&#8243; shift_y=&#8221;0&#8243; shift_y_down=&#8221;0&#8243; z_index=&#8221;0&#8243; medium_width=&#8221;0&#8243; mobile_width=&#8221;0&#8243; width=&#8221;1\/3&#8243;][vc_custom_heading text_color=&#8221;color-wayh&#8221; heading_semantic=&#8221;h3&#8243; text_font=&#8221;font-385128&#8243; text_size=&#8221;h4&#8243;]Sobre[\/vc_custom_heading][uncode_counter value=&#8221;1,300,000&#8243; prefix=&#8221;\u00a3&#8221; counter_color=&#8221;color-rgdb&#8221; font=&#8221;font-385128&#8243; size=&#8221;h1&#8243; weight=&#8221;600&#8243; height=&#8221;fontheight-179065&#8243; suffix=&#8221;+&#8221;][vc_custom_heading text_color=&#8221;color-wayh&#8221; heading_semantic=&#8221;h3&#8243; text_font=&#8221;font-385128&#8243; text_size=&#8221;h4&#8243;]Em incentivos pagos[\/vc_custom_heading][\/vc_column][\/vc_row][vc_row row_height_percent=&#8221;0&#8243; override_padding=&#8221;yes&#8221; h_padding=&#8221;2&#8243; top_padding=&#8221;3&#8243; bottom_padding=&#8221;0&#8243; overlay_alpha=&#8221;50&#8243; gutter_size=&#8221;3&#8243; column_width_percent=&#8221;100&#8243; shift_y=&#8221;0&#8243; z_index=&#8221;0&#8243;][vc_column column_width_percent=&#8221;100&#8243; align_horizontal=&#8221;align_center&#8221; gutter_size=&#8221;3&#8243; overlay_alpha=&#8221;50&#8243; shift_x=&#8221;0&#8243; shift_y=&#8221;0&#8243; shift_y_down=&#8221;0&#8243; z_index=&#8221;0&#8243; align_medium=&#8221;align_center_tablet&#8221; medium_width=&#8221;0&#8243; align_mobile=&#8221;align_center_mobile&#8221; mobile_width=&#8221;0&#8243; width=&#8221;1\/1&#8243;][vc_custom_heading heading_semantic=&#8221;h3&#8243; text_font=&#8221;font-385128&#8243; text_size=&#8221;fontsize-155944&#8243;]<\/p>\n<h1 style=\"text-align: center;\"><span class=\"font-385128\">O que nossos membros dizem<br \/>\n<\/span><\/h1>\n<p>[\/vc_custom_heading][\/vc_column][\/vc_row][vc_row unlock_row_content=&#8221;yes&#8221; row_height_percent=&#8221;0&#8243; override_padding=&#8221;yes&#8221; h_padding=&#8221;0&#8243; top_padding=&#8221;0&#8243; bottom_padding=&#8221;0&#8243; overlay_alpha=&#8221;100&#8243; gutter_size=&#8221;0&#8243; style=&#8221;inherited&#8221;][\/vc_row][vc_row unlock_row_content=&#8221;yes&#8221; row_height_percent=&#8221;0&#8243; override_padding=&#8221;yes&#8221; h_padding=&#8221;0&#8243; top_padding=&#8221;0&#8243; bottom_padding=&#8221;0&#8243; overlay_alpha=&#8221;50&#8243; equal_height=&#8221;yes&#8221; gutter_size=&#8221;0&#8243; shift_y=&#8221;0&#8243;][\/vc_row][vc_row unlock_row_content=&#8221;yes&#8221; row_height_percent=&#8221;0&#8243; override_padding=&#8221;yes&#8221; h_padding=&#8221;0&#8243; top_padding=&#8221;0&#8243; bottom_padding=&#8221;0&#8243; overlay_alpha=&#8221;100&#8243; gutter_size=&#8221;0&#8243; style=&#8221;inherited&#8221;][\/vc_row][vc_row unlock_row_content=&#8221;yes&#8221; row_height_percent=&#8221;0&#8243; override_padding=&#8221;yes&#8221; h_padding=&#8221;0&#8243; top_padding=&#8221;0&#8243; bottom_padding=&#8221;0&#8243; overlay_alpha=&#8221;50&#8243; equal_height=&#8221;yes&#8221; gutter_size=&#8221;0&#8243; shift_y=&#8221;0&#8243;][\/vc_row][vc_row unlock_row_content=&#8221;yes&#8221; row_height_percent=&#8221;0&#8243; override_padding=&#8221;yes&#8221; h_padding=&#8221;0&#8243; top_padding=&#8221;0&#8243; bottom_padding=&#8221;0&#8243; overlay_alpha=&#8221;100&#8243; gutter_size=&#8221;0&#8243; style=&#8221;inherited&#8221;][\/vc_row][vc_row unlock_row_content=&#8221;yes&#8221; row_height_percent=&#8221;0&#8243; override_padding=&#8221;yes&#8221; h_padding=&#8221;0&#8243; top_padding=&#8221;0&#8243; bottom_padding=&#8221;0&#8243; overlay_alpha=&#8221;50&#8243; equal_height=&#8221;yes&#8221; gutter_size=&#8221;0&#8243; shift_y=&#8221;0&#8243;][\/vc_row][vc_row unlock_row_content=&#8221;yes&#8221; row_height_percent=&#8221;0&#8243; override_padding=&#8221;yes&#8221; h_padding=&#8221;0&#8243; top_padding=&#8221;0&#8243; bottom_padding=&#8221;0&#8243; overlay_alpha=&#8221;100&#8243; gutter_size=&#8221;0&#8243; style=&#8221;inherited&#8221;][\/vc_row][vc_row unlock_row_content=&#8221;yes&#8221; row_height_percent=&#8221;0&#8243; override_padding=&#8221;yes&#8221; h_padding=&#8221;0&#8243; top_padding=&#8221;0&#8243; bottom_padding=&#8221;0&#8243; overlay_alpha=&#8221;50&#8243; equal_height=&#8221;yes&#8221; gutter_size=&#8221;0&#8243; shift_y=&#8221;0&#8243;][\/vc_row][vc_row row_height_percent=&#8221;0&#8243; override_padding=&#8221;yes&#8221; h_padding=&#8221;2&#8243; top_padding=&#8221;2&#8243; bottom_padding=&#8221;5&#8243; overlay_alpha=&#8221;50&#8243; gutter_size=&#8221;3&#8243; column_width_percent=&#8221;100&#8243; shift_y=&#8221;0&#8243; z_index=&#8221;0&#8243;][vc_column column_width_use_pixel=&#8221;yes&#8221; gutter_size=&#8221;3&#8243; back_color=&#8221;color-lxmt&#8221; overlay_alpha=&#8221;50&#8243; shift_x=&#8221;0&#8243; shift_y=&#8221;0&#8243; shift_y_down=&#8221;0&#8243; z_index=&#8221;0&#8243; medium_width=&#8221;0&#8243; mobile_width=&#8221;0&#8243; width=&#8221;1\/1&#8243; column_width_pixel=&#8221;900&#8243;][vc_custom_heading heading_semantic=&#8221;h3&#8243; text_font=&#8221;font-385128&#8243; text_size=&#8221;h3&#8243; text_height=&#8221;fontheight-357766&#8243; uncode_shortcode_id=&#8221;183345&#8243;]<span class=\"font-385128\"> &#8220;O Vetspanel \u00e9 brilhante. Uma \u00f3tima maneira de influenciar novos produtos e ideias, para ajudar as empresas a saberem como melhor fornecer produtos para a comunidade veterin\u00e1ria. O Vetspanel \u00e9 muito f\u00e1cil de usar e realmente interessante e informativo. \u00c9 \u00f3timo ouvir ideias de outros profissionais e interessante ver quais s\u00e3o os novos produtos em fase de prepara\u00e7\u00e3o. Trata-se de \u00f3tima maneira de retribuir e fazer parte do futuro de maneira agrad\u00e1vel ao mesmo tempo&#8221;.<\/span>[\/vc_custom_heading][vc_column_text]\u2014 Chris, veterin\u00e1rio, Reino Unido[\/vc_column_text][\/vc_column][\/vc_row][vc_row row_height_percent=&#8221;0&#8243; override_padding=&#8221;yes&#8221; h_padding=&#8221;2&#8243; top_padding=&#8221;2&#8243; bottom_padding=&#8221;2&#8243; overlay_alpha=&#8221;100&#8243; gutter_size=&#8221;3&#8243; column_width_percent=&#8221;100&#8243; border_color=&#8221;color-gyho&#8221; border_style=&#8221;solid&#8221; shift_y=&#8221;0&#8243; z_index=&#8221;0&#8243;][vc_column column_width_percent=&#8221;100&#8243; align_horizontal=&#8221;align_center&#8221; gutter_size=&#8221;3&#8243; overlay_alpha=&#8221;100&#8243; shift_x=&#8221;0&#8243; shift_y=&#8221;0&#8243; z_index=&#8221;0&#8243; medium_width=&#8221;0&#8243; zoom_width=&#8221;0&#8243; zoom_height=&#8221;0&#8243; width=&#8221;1\/1&#8243;][vc_custom_heading heading_semantic=&#8221;h4&#8243; text_font=&#8221;font-385128&#8243; text_size=&#8221;h4&#8243; uncode_shortcode_id=&#8221;168488&#8243;]<\/p>\n<h3 style=\"text-align: center;\"><span class=\"font-385128\">Nossos parceiros<br \/>\n<\/span><\/h3>\n<p>[\/vc_custom_heading][vc_gallery el_id=&#8221;gallery-85457&#8243; type=&#8221;carousel&#8221; medias=&#8221;88332,88329,88328,88330,88327,88331&#8243; carousel_lg=&#8221;7&#8243; carousel_md=&#8221;5&#8243; carousel_sm=&#8221;3&#8243; gutter_size=&#8221;3&#8243; media_items=&#8221;media|nolink|original,icon&#8221; carousel_interval=&#8221;3000&#8243; carousel_navspeed=&#8221;400&#8243; carousel_loop=&#8221;yes&#8221; stage_padding=&#8221;0&#8243; single_overlay_opacity=&#8221;50&#8243; single_overlay_anim=&#8221;no&#8221; single_text_anim=&#8221;no&#8221; single_image_anim=&#8221;no&#8221; single_padding=&#8221;2&#8243; single_border=&#8221;yes&#8221; title=&#8221;Clientes&#8221;][\/vc_column][\/vc_row]<\/p>\n<\/div>","protected":false},"excerpt":{"rendered":"<p>[vc_row unlock_row_content=&#8221;yes&#8221; row_height_percent=&#8221;0&#8243; override_padding=&#8221;yes&#8221; h_padding=&#8221;0&#8243; top_padding=&#8221;0&#8243; bottom_padding=&#8221;0&#8243; overlay_alpha=&#8221;100&#8243; gutter_size=&#8221;0&#8243; style=&#8221;inherited&#8221;][\/vc_row][vc_row unlock_row_content=&#8221;yes&#8221; row_height_percent=&#8221;0&#8243; override_padding=&#8221;yes&#8221; h_padding=&#8221;0&#8243; top_padding=&#8221;0&#8243; bottom_padding=&#8221;0&#8243; overlay_alpha=&#8221;50&#8243; equal_height=&#8221;yes&#8221; gutter_size=&#8221;0&#8243; shift_y=&#8221;0&#8243;][\/vc_row][vc_row [&hellip;]<\/p>\n","protected":false},"author":14,"featured_media":0,"parent":0,"menu_order":0,"comment_status":"closed","ping_status":"closed","template":"","meta":{"_monsterinsights_skip_tracking":false,"_monsterinsights_sitenote_active":false,"_monsterinsights_sitenote_note":"","_monsterinsights_sitenote_category":0,"footnotes":""},"class_list":["post-91192","page","type-page","status-publish","hentry"],"_links":{"self":[{"href":"https:\/\/www.vetspanel.com\/pt-pt\/wp-json\/wp\/v2\/pages\/91192","targetHints":{"allow":["GET"]}}],"collection":[{"href":"https:\/\/www.vetspanel.com\/pt-pt\/wp-json\/wp\/v2\/pages"}],"about":[{"href":"https:\/\/www.vetspanel.com\/pt-pt\/wp-json\/wp\/v2\/types\/page"}],"author":[{"embeddable":true,"href":"https:\/\/www.vetspanel.com\/pt-pt\/wp-json\/wp\/v2\/users\/14"}],"replies":[{"embeddable":true,"href":"https:\/\/www.vetspanel.com\/pt-pt\/wp-json\/wp\/v2\/comments?post=91192"}],"version-history":[{"count":0,"href":"https:\/\/www.vetspanel.com\/pt-pt\/wp-json\/wp\/v2\/pages\/91192\/revisions"}],"wp:attachment":[{"href":"https:\/\/www.vetspanel.com\/pt-pt\/wp-json\/wp\/v2\/media?parent=91192"}],"curies":[{"name":"wp","href":"https:\/\/api.w.org\/{rel}","templated":true}]}}