{"id":91183,"date":"2021-07-22T23:10:49","date_gmt":"2021-07-22T23:10:49","guid":{"rendered":"https:\/\/www.vetspanel.com\/participe\/"},"modified":"2025-12-03T05:27:02","modified_gmt":"2025-12-03T05:27:02","slug":"participe","status":"publish","type":"page","link":"https:\/\/www.vetspanel.com\/pt-pt\/participe\/","title":{"rendered":"Participe"},"content":{"rendered":"<div class=\"wpb-content-wrapper\"><p>[vc_row row_height_percent=&#8221;0&#8243; back_color=&#8221;color-rgdb&#8221; overlay_alpha=&#8221;50&#8243; gutter_size=&#8221;3&#8243; column_width_percent=&#8221;100&#8243; shift_y=&#8221;0&#8243; z_index=&#8221;0&#8243; desktop_visibility=&#8221;yes&#8221; medium_visibility=&#8221;yes&#8221; mobile_visibility=&#8221;yes&#8221; content_parallax=&#8221;0&#8243; uncode_shortcode_id=&#8221;106132&#8243; back_color_type=&#8221;uncode-palette&#8221;][vc_column width=&#8221;1\/1&#8243;][vc_row_inner row_inner_height_percent=&#8221;0&#8243; overlay_alpha=&#8221;50&#8243; gutter_size=&#8221;3&#8243; shift_y=&#8221;0&#8243; z_index=&#8221;0&#8243; uncode_shortcode_id=&#8221;141966&#8243;][vc_column_inner width=&#8221;1\/6&#8243;][\/vc_column_inner][vc_column_inner width=&#8221;2\/3&#8243;][vc_column_text text_lead=&#8221;yes&#8221; text_color=&#8221;color-lxmt&#8221; uncode_shortcode_id=&#8221;154494&#8243; text_color_type=&#8221;uncode-palette&#8221;]<em>Estamos a realizar uma manuten\u00e7\u00e3o programada na segunda-feira, dia 1, das 00:00 \u00e0s 06:00 CET. Durante este per\u00edodo, o acesso \u00e0 conta e aos inqu\u00e9ritos estar\u00e1 temporariamente indispon\u00edvel.<\/em>[\/vc_column_text][\/vc_column_inner][vc_column_inner width=&#8221;1\/6&#8243;][\/vc_column_inner][\/vc_row_inner][\/vc_column][\/vc_row][vc_row row_height_percent=&#8221;100&#8243; overlay_alpha=&#8221;50&#8243; gutter_size=&#8221;3&#8243; column_width_percent=&#8221;100&#8243; shift_y=&#8221;0&#8243; z_index=&#8221;0&#8243; uncode_shortcode_id=&#8221;112223&#8243;][vc_column width=&#8221;1\/1&#8243;][vc_raw_html]PGlmcmFtZSBpZD0iam9pbnNyIiB3aWR0aD0iMTAwJSIgc2Nyb2xsaW5nPSJ5ZXMiIGhlaWdodD0iMTUwMCBweCIgc3R5bGU9ImJvcmRlcjpub25lOyBvdmVyZmxvdzp2aXNpYmxlOyAgIiB0aXRsZT0iUGFydGljaXBlIiBzdHlsZTo9IiI+PC9pZnJhbWU+IAoKPHNjcmlwdD4KdmFyIGxhbmc9J1tsYW5ndWFnZV0nOwogZG9jdW1lbnQuZ2V0RWxlbWVudEJ5SWQoImpvaW5zciIpLnNyYyA9CiAgICAiaHR0cHM6Ly9zdXJ2ZXkudmV0c3BhbmVsLmNvbS9TMi8xNTAvYmx1cnBvLz8mTGFuZz0iKyBsYW5nOwo8L3NjcmlwdD4=[\/vc_raw_html][\/vc_column][\/vc_row]<\/p>\n<\/div>","protected":false},"excerpt":{"rendered":"<p>[vc_row row_height_percent=&#8221;0&#8243; back_color=&#8221;color-rgdb&#8221; overlay_alpha=&#8221;50&#8243; gutter_size=&#8221;3&#8243; column_width_percent=&#8221;100&#8243; shift_y=&#8221;0&#8243; z_index=&#8221;0&#8243; desktop_visibility=&#8221;yes&#8221; medium_visibility=&#8221;yes&#8221; mobile_visibility=&#8221;yes&#8221; content_parallax=&#8221;0&#8243; uncode_shortcode_id=&#8221;106132&#8243; back_color_type=&#8221;uncode-palette&#8221;][vc_column width=&#8221;1\/1&#8243;][vc_row_inner row_inner_height_percent=&#8221;0&#8243; overlay_alpha=&#8221;50&#8243; gutter_size=&#8221;3&#8243; shift_y=&#8221;0&#8243; z_index=&#8221;0&#8243; [&hellip;]<\/p>\n","protected":false},"author":2,"featured_media":0,"parent":0,"menu_order":0,"comment_status":"closed","ping_status":"closed","template":"","meta":{"_monsterinsights_skip_tracking":false,"_monsterinsights_sitenote_active":false,"_monsterinsights_sitenote_note":"","_monsterinsights_sitenote_category":0,"footnotes":""},"class_list":["post-91183","page","type-page","status-publish","hentry"],"_links":{"self":[{"href":"https:\/\/www.vetspanel.com\/pt-pt\/wp-json\/wp\/v2\/pages\/91183","targetHints":{"allow":["GET"]}}],"collection":[{"href":"https:\/\/www.vetspanel.com\/pt-pt\/wp-json\/wp\/v2\/pages"}],"about":[{"href":"https:\/\/www.vetspanel.com\/pt-pt\/wp-json\/wp\/v2\/types\/page"}],"author":[{"embeddable":true,"href":"https:\/\/www.vetspanel.com\/pt-pt\/wp-json\/wp\/v2\/users\/2"}],"replies":[{"embeddable":true,"href":"https:\/\/www.vetspanel.com\/pt-pt\/wp-json\/wp\/v2\/comments?post=91183"}],"version-history":[{"count":0,"href":"https:\/\/www.vetspanel.com\/pt-pt\/wp-json\/wp\/v2\/pages\/91183\/revisions"}],"wp:attachment":[{"href":"https:\/\/www.vetspanel.com\/pt-pt\/wp-json\/wp\/v2\/media?parent=91183"}],"curies":[{"name":"wp","href":"https:\/\/api.w.org\/{rel}","templated":true}]}}