{"id":91170,"date":"2020-09-27T00:49:25","date_gmt":"2020-09-27T00:49:25","guid":{"rendered":"https:\/\/www.vetspanel.com\/login-de-membro\/"},"modified":"2026-04-16T06:17:15","modified_gmt":"2026-04-16T06:17:15","slug":"login-de-membro","status":"publish","type":"page","link":"https:\/\/www.vetspanel.com\/pt-pt\/login-de-membro\/","title":{"rendered":"Iniciar sess\u00e3o"},"content":{"rendered":"<div class=\"wpb-content-wrapper\"><p>[vc_row row_height_percent=&#8221;0&#8243; back_color=&#8221;color-rgdb&#8221; overlay_alpha=&#8221;50&#8243; gutter_size=&#8221;3&#8243; column_width_percent=&#8221;100&#8243; shift_y=&#8221;0&#8243; z_index=&#8221;0&#8243; desktop_visibility=&#8221;yes&#8221; medium_visibility=&#8221;yes&#8221; mobile_visibility=&#8221;yes&#8221; inverted_device_order=&#8221;yes&#8221; auto_height_device=&#8221;yes&#8221; content_parallax=&#8221;0&#8243; uncode_shortcode_id=&#8221;123341&#8243; back_color_type=&#8221;uncode-palette&#8221;][vc_column width=&#8221;1\/1&#8243;][vc_row_inner row_inner_height_percent=&#8221;0&#8243; overlay_alpha=&#8221;50&#8243; gutter_size=&#8221;3&#8243; shift_y=&#8221;0&#8243; z_index=&#8221;0&#8243; uncode_shortcode_id=&#8221;141966&#8243;][vc_column_inner width=&#8221;1\/6&#8243;][\/vc_column_inner][vc_column_inner width=&#8221;2\/3&#8243;][vc_column_text text_lead=&#8221;yes&#8221; text_color=&#8221;color-lxmt&#8221; uncode_shortcode_id=&#8221;708127&#8243; text_color_type=&#8221;uncode-palette&#8221;]<em>Estamos a efetuar uma manuten\u00e7\u00e3o programada no domingo, dia 8, das 17h00 \u00e0s 22h00 CST. Durante este per\u00edodo, o acesso \u00e0 conta e aos inqu\u00e9ritos estar\u00e1 temporariamente indispon\u00edvel. <\/em>[\/vc_column_text][\/vc_column_inner][vc_column_inner width=&#8221;1\/6&#8243;][\/vc_column_inner][\/vc_row_inner][\/vc_column][\/vc_row][vc_row row_height_percent=&#8221;0&#8243; override_padding=&#8221;yes&#8221; h_padding=&#8221;2&#8243; top_padding=&#8221;1&#8243; bottom_padding=&#8221;1&#8243; overlay_alpha=&#8221;50&#8243; gutter_size=&#8221;3&#8243; column_width_percent=&#8221;100&#8243; shift_y=&#8221;0&#8243; z_index=&#8221;0&#8243;][vc_column column_width_percent=&#8221;100&#8243; align_horizontal=&#8221;align_center&#8221; gutter_size=&#8221;3&#8243; overlay_alpha=&#8221;50&#8243; shift_x=&#8221;0&#8243; shift_y=&#8221;0&#8243; shift_y_down=&#8221;0&#8243; z_index=&#8221;0&#8243; align_medium=&#8221;align_center_tablet&#8221; medium_width=&#8221;0&#8243; align_mobile=&#8221;align_center_mobile&#8221; mobile_width=&#8221;0&#8243; width=&#8221;1\/1&#8243;][vc_custom_heading heading_semantic=&#8221;h3&#8243; text_font=&#8221;font-385128&#8243; text_size=&#8221;fontsize-155944&#8243;]<\/p>\n<h1 style=\"text-align: center;\"><span class=\"font-184920\">Iniciar sess\u00e3o<br \/>\n<\/span><\/h1>\n<p>[\/vc_custom_heading][\/vc_column][\/vc_row][vc_row][vc_column column_width_use_pixel=&#8221;yes&#8221; gutter_size=&#8221;3&#8243; font_family=&#8221;font-385128&#8243; back_color=&#8221;color-lxmt&#8221; overlay_alpha=&#8221;50&#8243; border_color=&#8221;color-nhtu&#8221; border_style=&#8221;solid&#8221; shift_x=&#8221;0&#8243; shift_y=&#8221;0&#8243; shift_y_down=&#8221;0&#8243; z_index=&#8221;0&#8243; medium_width=&#8221;0&#8243; mobile_width=&#8221;0&#8243; column_width_pixel=&#8221;600&#8243;][vc_column_text text_lead=&#8221;yes&#8221;]\n\n    <div class=\"klm live\">\n\n      <form id=\"klm_form\" name=\"klm_form\" class=\"klm-form\"\n      action=\"\/wp-admin\/admin-ajax.php?action=klm_login_action\" method=\"post\"><p class=\"klm-input-container\">\n\n          \n          <input type=\"text\" name=\"klm_username\" placeholder=\"Endere\u00e7o de email\" \/>\n          <input type=\"password\" name=\"klm_password\" placeholder=\"Palavra-passe\" \/>\n\n        <\/p>\n\n        <p class=\"klm-input-container\">\n\n\n        <\/p><p class=\"klm-input-container\">\n          <input type=\"submit\" name=\"klm_submit\" value=\"Iniciar sess\u00e3o\" class=\"custom-link btn btn-xl btn-custom-typo font-385128 font-weight-600 text-initial no-letterspace border-width-2 btn-text-skin btn-color-rgdb btn-circle btn-outline btn-icon-left\" style=\"min-width:150px\" title=\"Member Login\">\n        <\/p><p><a href=\"https:\/\/www.vetspanel.com\/pt-pt\/\/Reset-Password\">Esqueceu-se da palavra-passe?<\/a><\/p><p> <a href=\"https:\/\/www.vetspanel.com\/pt-pt\/\/embedded-join\/\"> Ainda n\u00e3o \u00e9 membro? Registe-se<\/a><\/p>\n      <\/form>\n\n    <\/div>\n\n  <br \/>\n[\/vc_column_text][\/vc_column][\/vc_row]<\/p>\n<\/div>","protected":false},"excerpt":{"rendered":"<p>[vc_row row_height_percent=&#8221;0&#8243; back_color=&#8221;color-rgdb&#8221; overlay_alpha=&#8221;50&#8243; gutter_size=&#8221;3&#8243; column_width_percent=&#8221;100&#8243; shift_y=&#8221;0&#8243; z_index=&#8221;0&#8243; desktop_visibility=&#8221;yes&#8221; medium_visibility=&#8221;yes&#8221; mobile_visibility=&#8221;yes&#8221; inverted_device_order=&#8221;yes&#8221; auto_height_device=&#8221;yes&#8221; content_parallax=&#8221;0&#8243; uncode_shortcode_id=&#8221;123341&#8243; back_color_type=&#8221;uncode-palette&#8221;][vc_column width=&#8221;1\/1&#8243;][vc_row_inner row_inner_height_percent=&#8221;0&#8243; overlay_alpha=&#8221;50&#8243; gutter_size=&#8221;3&#8243; [&hellip;]<\/p>\n","protected":false},"author":14,"featured_media":0,"parent":0,"menu_order":0,"comment_status":"closed","ping_status":"closed","template":"","meta":{"_monsterinsights_skip_tracking":false,"_monsterinsights_sitenote_active":false,"_monsterinsights_sitenote_note":"","_monsterinsights_sitenote_category":0,"footnotes":""},"class_list":["post-91170","page","type-page","status-publish","hentry"],"_links":{"self":[{"href":"https:\/\/www.vetspanel.com\/pt-pt\/wp-json\/wp\/v2\/pages\/91170","targetHints":{"allow":["GET"]}}],"collection":[{"href":"https:\/\/www.vetspanel.com\/pt-pt\/wp-json\/wp\/v2\/pages"}],"about":[{"href":"https:\/\/www.vetspanel.com\/pt-pt\/wp-json\/wp\/v2\/types\/page"}],"author":[{"embeddable":true,"href":"https:\/\/www.vetspanel.com\/pt-pt\/wp-json\/wp\/v2\/users\/14"}],"replies":[{"embeddable":true,"href":"https:\/\/www.vetspanel.com\/pt-pt\/wp-json\/wp\/v2\/comments?post=91170"}],"version-history":[{"count":0,"href":"https:\/\/www.vetspanel.com\/pt-pt\/wp-json\/wp\/v2\/pages\/91170\/revisions"}],"wp:attachment":[{"href":"https:\/\/www.vetspanel.com\/pt-pt\/wp-json\/wp\/v2\/media?parent=91170"}],"curies":[{"name":"wp","href":"https:\/\/api.w.org\/{rel}","templated":true}]}}