{"id":95875,"date":"2022-08-30T11:58:44","date_gmt":"2022-08-30T11:58:44","guid":{"rendered":"https:\/\/www.vetspanel.com\/politica-de-privacidade-do-gdpr\/"},"modified":"2023-02-27T16:52:10","modified_gmt":"2023-02-27T16:52:10","slug":"politica-de-privacidade-do-gdpr","status":"publish","type":"page","link":"https:\/\/www.vetspanel.com\/pt-br\/politica-de-privacidade-do-gdpr\/","title":{"rendered":"Pol\u00edtica de privacidade do GDPR"},"content":{"rendered":"<div class=\"wpb-content-wrapper\"><p>[vc_row][vc_column column_width_percent=&#8221;100&#8243; gutter_size=&#8221;3&#8243; overlay_alpha=&#8221;50&#8243; shift_x=&#8221;0&#8243; shift_y=&#8221;0&#8243; shift_y_down=&#8221;0&#8243; z_index=&#8221;0&#8243; medium_width=&#8221;0&#8243; mobile_width=&#8221;0&#8243; width=&#8221;1\/1&#8243; uncode_shortcode_id=&#8221;277968&#8243;][vc_custom_heading text_color=&#8221;color-prif&#8221; heading_semantic=&#8221;h1&#8243; text_font=&#8221;font-145443&#8243; text_size=&#8221;h1&#8243; text_uppercase=&#8221;&#8221; uncode_shortcode_id=&#8221;767435&#8243; text_color_type=&#8221;uncode-palette&#8221;]<span class=\"font-385128\">Pol\u00edtica de privacidade do GDPR<\/span>[\/vc_custom_heading][\/vc_column][\/vc_row][vc_row row_height_percent=&#8221;0&#8243; override_padding=&#8221;yes&#8221; h_padding=&#8221;2&#8243; top_padding=&#8221;2&#8243; bottom_padding=&#8221;5&#8243; overlay_alpha=&#8221;100&#8243; gutter_size=&#8221;3&#8243; column_width_percent=&#8221;100&#8243; shift_y=&#8221;0&#8243; z_index=&#8221;0&#8243; row_height_use_pixel=&#8221;&#8221; uncode_shortcode_id=&#8221;228376&#8243;][vc_column column_width_percent=&#8221;100&#8243; align_horizontal=&#8221;align_center&#8221; gutter_size=&#8221;3&#8243; overlay_alpha=&#8221;50&#8243; shift_x=&#8221;0&#8243; shift_y=&#8221;0&#8243; shift_y_down=&#8221;0&#8243; z_index=&#8221;0&#8243; medium_width=&#8221;0&#8243; mobile_width=&#8221;0&#8243; zoom_width=&#8221;0&#8243; zoom_height=&#8221;0&#8243; uncode_shortcode_id=&#8221;471945&#8243;][vc_column_text text_lead=&#8221;yes&#8221; uncode_shortcode_id=&#8221;210575&#8243;]<\/p>\n<p style=\"text-align: left;\"><span class=\"font-385128\">Esta pol\u00edtica de privacidade refere-se \u00e0 coleta de dados pessoais pela CM Research ou Vetspanel e refere-se a quaisquer dados pessoais coletados por qualquer motivo relacionado a pesquisas ou a comunidade.<\/span><\/p>\n<p style=\"text-align: left;\"><span class=\"font-385128\"><strong>QUEM SOMOS<\/strong><\/span><\/p>\n<p style=\"text-align: left;\"><span class=\"font-385128\">Vetspanel \u00e9 uma comunidade on-line de profissionais veterin\u00e1rios, que compartilham suas opini\u00f5es participando de pesquisas. O Vetspanel pertence e \u00e9 administrado pela empresa CM Research Ltd. A CM Research tamb\u00e9m realiza pesquisas de mercado. Estamos sediados em:<br \/>\nFirst Floor,<br \/>\n74 Church Street,<br \/>\nLeatherhead<br \/>\nSurrey<br \/>\nKT22 8ER<br \/>\nReino Unido<br \/>\n<a href=\"https:\/\/www.cm-research.com\/\" target=\"\u201d_blank\u201d\" rel=\"noopener\">https:\/\/www.cm-research.com\/<\/a> <\/span><\/p>\n<p style=\"text-align: left;\"><span class=\"font-385128\">Para quaisquer d\u00favidas sobre GDPR ou prote\u00e7\u00e3o de dados, entre em contato com nosso Diretor de Prote\u00e7\u00e3o de Dados em <a href=\"mailto:gdpr@cm-research.com\" target=\"blank\" rel=\"noopener\">gdpr@cm-research.com<\/a>. Para outras d\u00favidas, por favor entre em contato com <a href=\"mailto:contact@vetspanel.com\" target=\"blank\" rel=\"noopener\">contact@vetspanel.com<\/a>.<\/span><\/p>\n<p style=\"text-align: left;\"><span class=\"font-385128\"><strong>O QUE FAZEMOS E POR QU\u00ca?<\/strong><\/span><\/p>\n<p style=\"text-align: left;\"><span class=\"font-385128\">Os dados pessoais que coletamos variam de acordo com a situa\u00e7\u00e3o, mas, em geral, os dados pessoais incluem:<br \/>\n\u2022 Nome<br \/>\n\u2022 Endere\u00e7o residencial\/endere\u00e7o da cl\u00ednica<br \/>\n\u2022 N\u00famero de telefone<br \/>\n\u2022 Endere\u00e7o de email<br \/>\n\u2022 Data de nascimento<br \/>\n\u2022 Grava\u00e7\u00e3o de voz<br \/>\n\u2022 Foto\/v\u00eddeo do rosto<\/span><\/p>\n<p style=\"text-align: left;\"><span class=\"font-385128\">Coletamos dados pessoais apenas para pesquisa de mercado e somente com o seu consentimento. As tarefas espec\u00edficas de pesquisa de mercado para as quais usamos os dados pessoais incluem: <\/span><\/p>\n<p style=\"text-align: left;\"><span class=\"font-385128\">\u2022 Para recrutar para o painel<br \/>\n\u2022 Para convidar membros para pesquisas (por email).<br \/>\n\u2022 Para contatar membros sobre alguma informa\u00e7\u00e3o que esteja faltando no perfil (por email)<br \/>\n\u2022 Para pagar n\u00e3o-membros por participarem em uma pesquisa.<br \/>\n\u2022 Para recrutar para entrevista pessoalmente ou por telefone<br \/>\n\u2022 Para conduzir um pesquisa pessoalmente ou por telefone, depois do recrutamento.<\/span><\/p>\n<p style=\"text-align: left;\"><span class=\"font-385128\">A raz\u00e3o que se aplica ser\u00e1 especificada no ponto da coleta, e consentimento ser\u00e1 sempre requerido.<\/span><\/p>\n<p style=\"text-align: left;\"><span class=\"font-385128\">Os funcion\u00e1rios da CM Research est\u00e3o baseados no Reino Unido, que \u00e9 coberto pelo GDPR do Reino Unido, e tamb\u00e9m na Espanha, onde o GDPR da UE se aplica com as mesmas restri\u00e7\u00f5es. Os dados pessoais (incluindo grava\u00e7\u00f5es de v\u00eddeo\/\u00e1udio) nunca s\u00e3o compartilhados fora da CM Research sem o seu consentimento expl\u00edcito.<\/span><\/p>\n<p style=\"text-align: left;\"><span class=\"font-385128\"><strong>PER\u00cdODO DE RETEN\u00c7\u00c3O<\/strong><\/span><\/p>\n<p style=\"text-align: left;\"><span class=\"font-385128\">Todos os dados pessoais relativos a uma determinada pesquisa ser\u00e3o exclu\u00eddos tr\u00eas meses ap\u00f3s o encerramento do projeto. <\/span><\/p>\n<p style=\"text-align: left;\"><span class=\"font-385128\">Os dados pessoais armazenados no sistema ser\u00e3o mantidos at\u00e9 2 anos ap\u00f3s a \u00faltima participa\u00e7\u00e3o na pesquisa, momento em que o membro ser\u00e1 contatado e perguntado se deseja permanecer na comunidade.<\/span><\/p>\n<p style=\"text-align: left;\"><span class=\"font-385128\"><strong>SEUS DIREITOS<\/strong><\/span><\/p>\n<p style=\"text-align: left;\"><span class=\"font-385128\">Voc\u00ea n\u00e3o tem obriga\u00e7\u00e3o de fornecer dados pessoais \u00e0 CM Research\/Vetspanel e tem o direito de recusar. Isso pode fazer com que voc\u00ea n\u00e3o possa participar da pesquisa ou que n\u00e3o possamos pag\u00e1-lo.<\/span><\/p>\n<p style=\"text-align: left;\"><span class=\"font-385128\">Caso mude de ideia sobre participar de uma pesquisa (o direito de retirar o consentimento), voc\u00ea pode fazer o seguinte:<\/span><\/p>\n<p style=\"text-align: left;\"><span class=\"font-385128\">\u2022 Se voc\u00ea estiver no meio da pesquisa, basta fechar o navegador ou informar ao entrevistador que n\u00e3o deseja mais participar.<br \/>\n\u2022 Se voc\u00ea j\u00e1 concluiu a pesquisa, entre em contato conosco em contact@vetspanel.com<a href=\"mailto:contact@vetspanel.com\" target=\"blank\" rel=\"noopener\"><\/a> <\/span><\/p>\n<p style=\"text-align: left;\"><span class=\"font-385128\">Voc\u00ea tem o direito de visualizar ou alterar os dados que mantemos sobre voc\u00ea. Entre em contato conosco em <a href=\"mailto:gdpr@cm-research.com\" target=\"blank\" rel=\"noopener\">gdpr@cm-research.com<\/a> e enviaremos o formul\u00e1rio de solicita\u00e7\u00e3o apropriado.<\/span><\/p>\n<p style=\"text-align: left;\"><span class=\"font-385128\">Voc\u00ea tamb\u00e9m tem o direito de solicitar a exclus\u00e3o de todos os dados que mantemos sobre voc\u00ea. Mais uma vez, entre em contato conosco em <a href=\"mailto:gdpr@cm-research.com\" target=\"blank\" rel=\"noopener\">gdpr@cm-research.com<\/a> e enviaremos o formul\u00e1rio de solicita\u00e7\u00e3o apropriado.<\/span><\/p>\n<p style=\"text-align: left;\"><span class=\"font-385128\">Caso deseje registrar uma reclama\u00e7\u00e3o relacionada ao GDPR sobre a CM Research ou Vetspanel, entre em contato conosco em primeira inst\u00e2ncia em <a href=\"mailto:gdpr@cm-research.com\" target=\"blank\" rel=\"noopener\">gdpr@cm-research.com<\/a> ou, de outra forma, entre em contato com o Information Commissioner&#8217;s Office (ICO) em <a href=\"https:\/\/ico.org.uk\/\" target=\"\u201d_blank\u201d\" rel=\"noopener\">https:\/\/ico.org.uk\/<\/a> <\/span><\/p>\n<p>[\/vc_column_text][\/vc_column][\/vc_row]<\/p>\n<\/div>","protected":false},"excerpt":{"rendered":"<p>[vc_row][vc_column column_width_percent=&#8221;100&#8243; gutter_size=&#8221;3&#8243; overlay_alpha=&#8221;50&#8243; shift_x=&#8221;0&#8243; shift_y=&#8221;0&#8243; shift_y_down=&#8221;0&#8243; z_index=&#8221;0&#8243; medium_width=&#8221;0&#8243; mobile_width=&#8221;0&#8243; width=&#8221;1\/1&#8243; uncode_shortcode_id=&#8221;277968&#8243;][vc_custom_heading text_color=&#8221;color-prif&#8221; heading_semantic=&#8221;h1&#8243; text_font=&#8221;font-145443&#8243; text_size=&#8221;h1&#8243; text_uppercase=&#8221;&#8221; uncode_shortcode_id=&#8221;767435&#8243; text_color_type=&#8221;uncode-palette&#8221;]Pol\u00edtica de [&hellip;]<\/p>\n","protected":false},"author":14,"featured_media":0,"parent":0,"menu_order":0,"comment_status":"closed","ping_status":"closed","template":"","meta":{"_monsterinsights_skip_tracking":false,"_monsterinsights_sitenote_active":false,"_monsterinsights_sitenote_note":"","_monsterinsights_sitenote_category":0,"footnotes":""},"class_list":["post-95875","page","type-page","status-publish","hentry"],"_links":{"self":[{"href":"https:\/\/www.vetspanel.com\/pt-br\/wp-json\/wp\/v2\/pages\/95875","targetHints":{"allow":["GET"]}}],"collection":[{"href":"https:\/\/www.vetspanel.com\/pt-br\/wp-json\/wp\/v2\/pages"}],"about":[{"href":"https:\/\/www.vetspanel.com\/pt-br\/wp-json\/wp\/v2\/types\/page"}],"author":[{"embeddable":true,"href":"https:\/\/www.vetspanel.com\/pt-br\/wp-json\/wp\/v2\/users\/14"}],"replies":[{"embeddable":true,"href":"https:\/\/www.vetspanel.com\/pt-br\/wp-json\/wp\/v2\/comments?post=95875"}],"version-history":[{"count":0,"href":"https:\/\/www.vetspanel.com\/pt-br\/wp-json\/wp\/v2\/pages\/95875\/revisions"}],"wp:attachment":[{"href":"https:\/\/www.vetspanel.com\/pt-br\/wp-json\/wp\/v2\/media?parent=95875"}],"curies":[{"name":"wp","href":"https:\/\/api.w.org\/{rel}","templated":true}]}}