{"id":95310,"date":"2022-08-30T11:58:44","date_gmt":"2022-08-30T11:58:44","guid":{"rendered":"https:\/\/www.vetspanel.com\/polityka-prywatnosci-rodo\/"},"modified":"2022-08-31T12:39:56","modified_gmt":"2022-08-31T12:39:56","slug":"polityka-prywatnosci-rodo","status":"publish","type":"page","link":"https:\/\/www.vetspanel.com\/pl\/polityka-prywatnosci-rodo\/","title":{"rendered":"Polityka prywatno\u015bci RODO"},"content":{"rendered":"<div class=\"wpb-content-wrapper\"><p>[vc_row][vc_column column_width_percent=&#8221;100&#8243; gutter_size=&#8221;3&#8243; overlay_alpha=&#8221;50&#8243; shift_x=&#8221;0&#8243; shift_y=&#8221;0&#8243; shift_y_down=&#8221;0&#8243; z_index=&#8221;0&#8243; medium_width=&#8221;0&#8243; mobile_width=&#8221;0&#8243; width=&#8221;1\/1&#8243; uncode_shortcode_id=&#8221;277968&#8243;][vc_custom_heading text_color=&#8221;color-prif&#8221; heading_semantic=&#8221;h1&#8243; text_font=&#8221;font-145443&#8243; text_size=&#8221;h1&#8243; text_uppercase=&#8221;&#8221; uncode_shortcode_id=&#8221;767435&#8243; text_color_type=&#8221;uncode-palette&#8221;]<span class=\"font-385128\">Polityka prywatno\u015bci RODO<\/span>[\/vc_custom_heading][\/vc_column][\/vc_row][vc_row row_height_percent=&#8221;0&#8243; override_padding=&#8221;yes&#8221; h_padding=&#8221;2&#8243; top_padding=&#8221;2&#8243; bottom_padding=&#8221;5&#8243; overlay_alpha=&#8221;100&#8243; gutter_size=&#8221;3&#8243; column_width_percent=&#8221;100&#8243; shift_y=&#8221;0&#8243; z_index=&#8221;0&#8243; row_height_use_pixel=&#8221;&#8221; uncode_shortcode_id=&#8221;228376&#8243;][vc_column column_width_percent=&#8221;100&#8243; align_horizontal=&#8221;align_center&#8221; gutter_size=&#8221;3&#8243; overlay_alpha=&#8221;50&#8243; shift_x=&#8221;0&#8243; shift_y=&#8221;0&#8243; shift_y_down=&#8221;0&#8243; z_index=&#8221;0&#8243; medium_width=&#8221;0&#8243; mobile_width=&#8221;0&#8243; zoom_width=&#8221;0&#8243; zoom_height=&#8221;0&#8243; uncode_shortcode_id=&#8221;471945&#8243;][vc_column_text text_lead=&#8221;yes&#8221; uncode_shortcode_id=&#8221;210575&#8243;]<\/p>\n<p style=\"text-align: left;\"><span class=\"font-385128\">Niniejsza polityka prywatno\u015bci odnosi si\u0119 do gromadzenia danych osobowych przez CM Research lub Vetspanel i odnosi si\u0119 do wszelkich danych osobowych gromadzonych w dowolnym celu zwi\u0105zanym z ankiet\u0105 lub panelem.<\/span><\/p>\n<p style=\"text-align: left;\"><span class=\"font-385128\"><strong>KIM JESTE\u015aMY:<\/strong><\/span><\/p>\n<p style=\"text-align: left;\"><span class=\"font-385128\">Vetspanel jest niezale\u017cnym internetowym panelem opinii lekarzy weterynarii, kt\u00f3rego w\u0142a\u015bcicielem i zarz\u0105dc\u0105 jest CM Research Ltd. CM Research prowadzi r\u00f3wnie\u017c badania rynku. Mamy siedzib\u0119 w:<br \/>\nFirst Floor,<br \/>\n74 Church Street,<br \/>\nLeatherhead<br \/>\nSurrey<br \/>\nKT22 8ER<br \/>\nWielka Brytania<br \/>\n<a href=\"https:\/\/www.cm-research.com\/\" target=\"\u201d_blank\u201d\" rel=\"noopener\">https:\/\/www.cm-research.com\/<\/a> <\/span><\/p>\n<p style=\"text-align: left;\"><span class=\"font-385128\">W przypadku jakichkolwiek pyta\u0144 dotycz\u0105cych RODO lub ochrony danych prosimy o kontakt z naszym inspektorem ochrony danych pod adresem <a href=\"mailto:gdpr@cm-research.com\" target=\"blank\" rel=\"noopener\">gdpr@cm-research.com<\/a>. W przypadku bardziej og\u00f3lnych pyta\u0144 prosimy o kontakt pod adresem <a href=\"mailto:contact@vetspanel.com\" target=\"blank\" rel=\"noopener\">contact@vetspanel.com<\/a>.<\/span><\/p>\n<p style=\"text-align: left;\"><span class=\"font-385128\"><strong>CO ROBIMY I DLACZEGO?<\/strong><\/span><\/p>\n<p style=\"text-align: left;\"><span class=\"font-385128\">Gromadzone przez nas dane osobowe r\u00f3\u017cni\u0105 si\u0119 w zale\u017cno\u015bci od sytuacji, ale og\u00f3lnie dane osobowe obejmuj\u0105:<br \/>\n\u2022 Nazwa<br \/>\n\u2022 Adres domowy\/adres kliniki<br \/>\n\u2022 Numer telefonu<br \/>\n\u2022 Adres e-mail<br \/>\n\u2022 Data urodzenia<br \/>\n\u2022 Nagrywanie g\u0142osu<br \/>\n\u2022 Zdj\u0119cie\/film przedstawiaj\u0105cy twarz<\/span><\/p>\n<p style=\"text-align: left;\"><span class=\"font-385128\">Zbieramy dane osobowe wy\u0142\u0105cznie w celu badania rynku i tylko za Twoj\u0105 zgod\u0105. Konkretne zadania badania rynku, do kt\u00f3rych wykorzystujemy dane osobowe, obejmuj\u0105: <\/span><\/p>\n<p style=\"text-align: left;\"><span class=\"font-385128\">\u2022 Rekrutacja do panelu<br \/>\n\u2022 Zaproszenie panelist\u00f3w do ankiet (poprzez e-mail)<br \/>\n\u2022 Aby skontaktowa\u0107 si\u0119 z panelistami w sprawie brakuj\u0105cych informacji w ich profilu (poprzez e-mail)<br \/>\n\u2022 Aby zap\u0142aci\u0107 osobom nieb\u0119d\u0105cym panelistami za udzia\u0142 w ankiecie<br \/>\n\u2022 Rekrutacja do ankiety bezpo\u015bredniej lub telefonicznej<br \/>\n\u2022 Przeprowadzenie ankiety bezpo\u015bredniej lub telefonicznej po rekrutacji<\/span><\/p>\n<p style=\"text-align: left;\"><span class=\"font-385128\">Pow\u00f3d, kt\u00f3ry ma zastosowanie, zostanie okre\u015blony w miejscu odbioru i zawsze b\u0119dzie wymagana wyra\u017ana zgoda.<\/span><\/p>\n<p style=\"text-align: left;\"><span class=\"font-385128\">Pracownicy CM Research maj\u0105 siedzib\u0119 w Wielkiej Brytanii, kt\u00f3ra jest obj\u0119ta brytyjskim RODO, a tak\u017ce w Hiszpanii, gdzie unijne RODO obowi\u0105zuje z takimi samymi ograniczeniami. Dane osobowe (w tym nagrania wideo\/audio) nigdy nie s\u0105 udost\u0119pniane poza CM Research bez Twojej wyra\u017anej zgody.<\/span><\/p>\n<p style=\"text-align: left;\"><span class=\"font-385128\"><strong>OKRES PRZECHOWYWANIA<\/strong><\/span><\/p>\n<p style=\"text-align: left;\"><span class=\"font-385128\">Wszystkie dane osobowe zwi\u0105zane z konkretn\u0105 ankiet\u0105 zostan\u0105 usuni\u0119te trzy miesi\u0105ce po zamkni\u0119ciu projektu. <\/span><\/p>\n<p style=\"text-align: left;\"><span class=\"font-385128\">Dane osobowe przechowywane w panelu b\u0119d\u0105 przechowywane do 2 lat od ostatniego udzia\u0142u w badaniu, w kt\u00f3rym to momencie skontaktujemy si\u0119 z panelist\u0105 i zapytamy, czy chc\u0105 pozosta\u0107 w panelu.<\/span><\/p>\n<p style=\"text-align: left;\"><span class=\"font-385128\"><strong>TWOJE PRAWA<\/strong><\/span><\/p>\n<p style=\"text-align: left;\"><span class=\"font-385128\">Nie masz obowi\u0105zku przekazywania danych osobowych CM Research\/Vetpanel i masz prawo do odmowy. Mo\u017ce to spowodowa\u0107, \u017ce nie b\u0119dziesz m\u00f3g\u0142 wzi\u0105\u0107 udzia\u0142u w ankiecie lub \u017ce my nie b\u0119dziemy mogli Ci zap\u0142aci\u0107.<\/span><\/p>\n<p style=\"text-align: left;\"><span class=\"font-385128\">Je\u015bli zmienisz zdanie na temat udzia\u0142u w ankiecie (prawo do wycofania zgody), mo\u017cesz wykona\u0107 jedn\u0105 z nast\u0119puj\u0105cych czynno\u015bci:<\/span><\/p>\n<p style=\"text-align: left;\"><span class=\"font-385128\">\u2022 Je\u015bli jeste\u015b w po\u0142owie ankiety, po prostu zamknij przegl\u0105dark\u0119 lub poinformuj ankietera, \u017ce \u200b\u200bnie chcesz ju\u017c bra\u0107 w nim udzia\u0142u.<br \/>\n\u2022 Je\u015bli uko\u0144czy\u0142e\u015b ju\u017c ankiet\u0119, skontaktuj si\u0119 z nami pod adresem <a href=\"mailto:contact@vetspanel.com\" target=\"blank\" rel=\"noopener\">contact@vetspanel.com<\/a> <\/span><\/p>\n<p style=\"text-align: left;\"><span class=\"font-385128\">Masz prawo do wgl\u0105du lub zmiany danych, kt\u00f3re posiadamy o Tobie. Skontaktuj si\u0119 z nami pod adresem <a href=\"mailto:gdpr@cm-research.com\" target=\"blank\" rel=\"noopener\">gdpr@cm-research.com<\/a>, a wy\u015blemy Ci odpowiedni formularz zapytania.<\/span><\/p>\n<p style=\"text-align: left;\"><span class=\"font-385128\">Masz r\u00f3wnie\u017c prawo za\u017c\u0105da\u0107 usuni\u0119cia wszystkich danych, kt\u00f3re posiadamy o Tobie (prawo do usuni\u0119cia). Jeszcze raz skontaktuj si\u0119 z nami pod adresem <a href=\"mailto:gdpr@cm-research.com\" target=\"blank\" rel=\"noopener\">gdpr@cm-research.com<\/a>, a wy\u015blemy Ci odpowiedni formularz zapytania.<\/span><\/p>\n<p style=\"text-align: left;\"><span class=\"font-385128\">Je\u015bli chcesz z\u0142o\u017cy\u0107 skarg\u0119 zwi\u0105zan\u0105 z RODO dotycz\u0105c\u0105 CM Research lub Vetpanel, skontaktuj si\u0119 z nami w pierwszej kolejno\u015bci pod adresem <a href=\"mailto:gdpr@cm-research.com\" target=\"blank\" rel=\"noopener\">gdpr@cm-research.com<\/a>lub w inny spos\u00f3b skontaktuj si\u0119 z Biurem Komisarza ds. Informacji (ICO) pod adresem <a href=\"https:\/\/ico.org.uk\/\" target=\"\u201d_blank\u201d\" rel=\"noopener\">https:\/\/ico.org.uk\/<\/a> <\/span><\/p>\n<p>[\/vc_column_text][\/vc_column][\/vc_row]<\/p>\n<\/div>","protected":false},"excerpt":{"rendered":"<p>[vc_row][vc_column column_width_percent=&#8221;100&#8243; gutter_size=&#8221;3&#8243; overlay_alpha=&#8221;50&#8243; shift_x=&#8221;0&#8243; shift_y=&#8221;0&#8243; shift_y_down=&#8221;0&#8243; z_index=&#8221;0&#8243; medium_width=&#8221;0&#8243; mobile_width=&#8221;0&#8243; width=&#8221;1\/1&#8243; uncode_shortcode_id=&#8221;277968&#8243;][vc_custom_heading text_color=&#8221;color-prif&#8221; heading_semantic=&#8221;h1&#8243; text_font=&#8221;font-145443&#8243; text_size=&#8221;h1&#8243; text_uppercase=&#8221;&#8221; uncode_shortcode_id=&#8221;767435&#8243; text_color_type=&#8221;uncode-palette&#8221;]Polityka prywatno\u015bci [&hellip;]<\/p>\n","protected":false},"author":14,"featured_media":0,"parent":0,"menu_order":0,"comment_status":"closed","ping_status":"closed","template":"","meta":{"_monsterinsights_skip_tracking":false,"_monsterinsights_sitenote_active":false,"_monsterinsights_sitenote_note":"","_monsterinsights_sitenote_category":0,"footnotes":""},"class_list":["post-95310","page","type-page","status-publish","hentry"],"_links":{"self":[{"href":"https:\/\/www.vetspanel.com\/pl\/wp-json\/wp\/v2\/pages\/95310","targetHints":{"allow":["GET"]}}],"collection":[{"href":"https:\/\/www.vetspanel.com\/pl\/wp-json\/wp\/v2\/pages"}],"about":[{"href":"https:\/\/www.vetspanel.com\/pl\/wp-json\/wp\/v2\/types\/page"}],"author":[{"embeddable":true,"href":"https:\/\/www.vetspanel.com\/pl\/wp-json\/wp\/v2\/users\/14"}],"replies":[{"embeddable":true,"href":"https:\/\/www.vetspanel.com\/pl\/wp-json\/wp\/v2\/comments?post=95310"}],"version-history":[{"count":0,"href":"https:\/\/www.vetspanel.com\/pl\/wp-json\/wp\/v2\/pages\/95310\/revisions"}],"wp:attachment":[{"href":"https:\/\/www.vetspanel.com\/pl\/wp-json\/wp\/v2\/media?parent=95310"}],"curies":[{"name":"wp","href":"https:\/\/api.w.org\/{rel}","templated":true}]}}