{"id":91465,"date":"2021-02-15T00:54:40","date_gmt":"2021-02-15T00:54:40","guid":{"rendered":"https:\/\/www.vetspanel.com\/najczesciej-zadawane-pytania\/"},"modified":"2022-07-29T10:25:34","modified_gmt":"2022-07-29T10:25:34","slug":"najczesciej-zadawane-pytania","status":"publish","type":"page","link":"https:\/\/www.vetspanel.com\/pl\/najczesciej-zadawane-pytania\/","title":{"rendered":"Najcz\u0119\u015bciej zadawane pytania"},"content":{"rendered":"<div class=\"wpb-content-wrapper\"><p>[vc_row row_height_percent=&#8221;0&#8243; overlay_alpha=&#8221;50&#8243; gutter_size=&#8221;3&#8243; column_width_percent=&#8221;100&#8243; shift_y=&#8221;0&#8243; z_index=&#8221;0&#8243; uncode_shortcode_id=&#8221;107571&#8243;][vc_column column_width_percent=&#8221;100&#8243; gutter_size=&#8221;3&#8243; font_family=&#8221;font-145443&#8243; back_color=&#8221;color-xsdn&#8221; overlay_alpha=&#8221;50&#8243; shift_x=&#8221;0&#8243; shift_y=&#8221;0&#8243; shift_y_down=&#8221;0&#8243; z_index=&#8221;0&#8243; medium_width=&#8221;0&#8243; mobile_width=&#8221;0&#8243; width=&#8221;1\/1&#8243; uncode_shortcode_id=&#8221;132158&#8243; back_color_type=&#8221;uncode-palette&#8221;][vc_custom_heading text_color=&#8221;color-wayh&#8221; heading_semantic=&#8221;h1&#8243; text_size=&#8221;h1&#8243; sub_lead=&#8221;yes&#8221; uncode_shortcode_id=&#8221;143533&#8243; text_color_type=&#8221;uncode-palette&#8221;]<\/p>\n<h1 style=\"text-align: left;\"><span class=\"font-385128\"><strong>Najcz\u0119\u015bciej zadawane pytania<\/strong><\/span><\/h1>\n<p>[\/vc_custom_heading][\/vc_column][\/vc_row][vc_row row_height_percent=&#8221;0&#8243; overlay_alpha=&#8221;50&#8243; gutter_size=&#8221;3&#8243; column_width_percent=&#8221;100&#8243; shift_y=&#8221;0&#8243; z_index=&#8221;0&#8243; uncode_shortcode_id=&#8221;127205&#8243;][vc_column column_width_percent=&#8221;100&#8243; gutter_size=&#8221;3&#8243; style=&#8221;light&#8221; font_family=&#8221;font-385128&#8243; back_color=&#8221;color-xsdn&#8221; overlay_color=&#8221;color-nhtu&#8221; overlay_alpha=&#8221;50&#8243; overlay_color_blend=&#8221;soft-light&#8221; shift_x=&#8221;0&#8243; shift_y=&#8221;0&#8243; shift_y_down=&#8221;0&#8243; z_index=&#8221;0&#8243; medium_width=&#8221;0&#8243; mobile_width=&#8221;0&#8243; width=&#8221;1\/1&#8243; uncode_shortcode_id=&#8221;489377&#8243; back_color_type=&#8221;uncode-palette&#8221; overlay_color_type=&#8221;uncode-palette&#8221;][vc_accordion typography=&#8221;yes&#8221;][vc_accordion_tab icon=&#8221;fa fa-question&#8221; gutter_size=&#8221;2&#8243; column_padding=&#8221;2&#8243; title=&#8221;W jaki spos\u00f3b do\u0142\u0105czy\u0107 do Vetspanel?&#8221; tab_id=&#8221;1613349699-1-42&#8243;][vc_wp_text]Je\u017celi interesuje Ci\u0119 udzia\u0142 w Vetspanel, prze\u015blij wiadomo\u015b\u0107 e-mail na adres: contact@vetspanel.com.[\/vc_wp_text][\/vc_accordion_tab][vc_accordion_tab icon=&#8221;fa fa-user&#8221; gutter_size=&#8221;2&#8243; column_padding=&#8221;2&#8243; title=&#8221;Kto mo\u017ce do\u0142\u0105czy\u0107 do Vetspanel?&#8221; tab_id=&#8221;1613349699-2-93&#8243;][vc_wp_text]Specjali\u015bci z bran\u017cy opieki weterynaryjnej, tacy jak lekarze weterynarii, asystenci weterynarzy, mened\u017cerowie w bran\u017cy opieki weterynaryjnej, technicy itd.[\/vc_wp_text][\/vc_accordion_tab][vc_accordion_tab icon=&#8221;fa fa-gbp&#8221; gutter_size=&#8221;2&#8243; column_padding=&#8221;2&#8243; title=&#8221;Ile kosztuje cz\u0142onkostwo w Vetspanel?&#8221; tab_id=&#8221;7e2d0227-bcc0-5&#8243;][vc_wp_text]Nic[\/vc_wp_text][\/vc_accordion_tab][vc_accordion_tab icon=&#8221;fa fa-wpforms&#8221; gutter_size=&#8221;2&#8243; column_padding=&#8221;2&#8243; title=&#8221;Czy mog\u0119 wype\u0142ni\u0107 sw\u00f3j wniosek p\u00f3\u017aniej?&#8221; tab_id=&#8221;6b8ce965-17fe-3&#8243;][vc_wp_text]Tak, mo\u017cesz. Jednak im szybciej wype\u0142nisz wniosek (zajmie to tylko minut\u0119), tym szybciej b\u0119dziesz m\u00f3g\u0142\/mog\u0142a bra\u0107 udzia\u0142 w naszych ankietach i zdobywa\u0107 nagrody.[\/vc_wp_text][\/vc_accordion_tab][vc_accordion_tab icon=&#8221;fa fa-envelope2&#8243; gutter_size=&#8221;2&#8243; column_padding=&#8221;2&#8243; title=&#8221;W pracy wszyscy dzielimy ten sam adres e-mail. Czy wszyscy mo\u017cemy bra\u0107 udzia\u0142 w ankietach?&#8221; tab_id=&#8221;41a5b12e-c72a-4&#8243;][vc_wp_text]Ka\u017cdy, kto zostaje cz\u0142onkiem Vetspanel, musi posiada\u0107 sw\u00f3j w\u0142asny adres e-mail, aby si\u0119 zarejestrowa\u0107. Dzi\u0119ki temu ka\u017cdy mo\u017ce wype\u0142nia\u0107 ankiety i zbiera\u0107 w nagrod\u0119 punkty.[\/vc_wp_text][\/vc_accordion_tab][vc_accordion_tab icon=&#8221;fa fa-bank&#8221; gutter_size=&#8221;2&#8243; column_padding=&#8221;2&#8243; title=&#8221;Jak mog\u0119 zdobywa\u0107 punkty?&#8221; tab_id=&#8221;1e114f7a-987e-0&#8243;][vc_wp_text]Poprzez uczestnictwo i wype\u0142nianie naszych ankiet telefonicznych, w formie wywiad\u00f3w online, osobi\u015bcie lub w grupach dyskusyjnych.[\/vc_wp_text][\/vc_accordion_tab][vc_accordion_tab icon=&#8221;fa fa-diamond&#8221; gutter_size=&#8221;2&#8243; column_padding=&#8221;2&#8243; title=&#8221;Kiedy mog\u0119 zacz\u0105\u0107 zamienia\u0107 moje punkty?&#8221; tab_id=&#8221;673b539f-af05-0&#8243;][vc_wp_text]Natychmiast po wype\u0142nieniu ankiety mo\u017cesz wej\u015b\u0107 na swoje konto Vetspanel i zamieni\u0107 swoje punkty.[\/vc_wp_text][\/vc_accordion_tab][vc_accordion_tab icon=&#8221;fa fa-cancel&#8221; gutter_size=&#8221;2&#8243; column_padding=&#8221;2&#8243; title=&#8221;Jak mog\u0119 zrezygnowa\u0107 z mojej subskrypcji Vetspanel?&#8221; tab_id=&#8221;99c09934-0de2-6&#8243;][vc_wp_text]Zaloguj si\u0119 na swoje konto Vetspanel i wybierz stron\u0119\/zak\u0142adk\u0119 \u201eProfil\u201d. Przewi\u0144 stron\u0119 do do\u0142u profilu. Kliknij \u201eAby zrezygnowa\u0107 z subskrypcji, kliknij tutaj\u201d.[\/vc_wp_text][\/vc_accordion_tab][\/vc_accordion][\/vc_column][\/vc_row]<\/p>\n<\/div>","protected":false},"excerpt":{"rendered":"<p>[vc_row row_height_percent=&#8221;0&#8243; overlay_alpha=&#8221;50&#8243; gutter_size=&#8221;3&#8243; column_width_percent=&#8221;100&#8243; shift_y=&#8221;0&#8243; z_index=&#8221;0&#8243; uncode_shortcode_id=&#8221;107571&#8243;][vc_column column_width_percent=&#8221;100&#8243; gutter_size=&#8221;3&#8243; font_family=&#8221;font-145443&#8243; back_color=&#8221;color-xsdn&#8221; overlay_alpha=&#8221;50&#8243; shift_x=&#8221;0&#8243; shift_y=&#8221;0&#8243; shift_y_down=&#8221;0&#8243; z_index=&#8221;0&#8243; medium_width=&#8221;0&#8243; mobile_width=&#8221;0&#8243; width=&#8221;1\/1&#8243; [&hellip;]<\/p>\n","protected":false},"author":2,"featured_media":0,"parent":0,"menu_order":0,"comment_status":"closed","ping_status":"closed","template":"","meta":{"_monsterinsights_skip_tracking":false,"_monsterinsights_sitenote_active":false,"_monsterinsights_sitenote_note":"","_monsterinsights_sitenote_category":0,"footnotes":""},"class_list":["post-91465","page","type-page","status-publish","hentry"],"_links":{"self":[{"href":"https:\/\/www.vetspanel.com\/pl\/wp-json\/wp\/v2\/pages\/91465","targetHints":{"allow":["GET"]}}],"collection":[{"href":"https:\/\/www.vetspanel.com\/pl\/wp-json\/wp\/v2\/pages"}],"about":[{"href":"https:\/\/www.vetspanel.com\/pl\/wp-json\/wp\/v2\/types\/page"}],"author":[{"embeddable":true,"href":"https:\/\/www.vetspanel.com\/pl\/wp-json\/wp\/v2\/users\/2"}],"replies":[{"embeddable":true,"href":"https:\/\/www.vetspanel.com\/pl\/wp-json\/wp\/v2\/comments?post=91465"}],"version-history":[{"count":0,"href":"https:\/\/www.vetspanel.com\/pl\/wp-json\/wp\/v2\/pages\/91465\/revisions"}],"wp:attachment":[{"href":"https:\/\/www.vetspanel.com\/pl\/wp-json\/wp\/v2\/media?parent=91465"}],"curies":[{"name":"wp","href":"https:\/\/api.w.org\/{rel}","templated":true}]}}