{"id":91455,"date":"2020-10-04T00:55:36","date_gmt":"2020-10-04T00:55:36","guid":{"rendered":"https:\/\/www.vetspanel.com\/wyloguj-sie\/"},"modified":"2022-07-29T10:10:15","modified_gmt":"2022-07-29T10:10:15","slug":"wyloguj-sie","status":"publish","type":"page","link":"https:\/\/www.vetspanel.com\/pl\/wyloguj-sie\/","title":{"rendered":"Wyloguj si\u0119"},"content":{"rendered":"<div class=\"wpb-content-wrapper\"><p>[vc_row][vc_column][vc_column_text uncode_shortcode_id=&#8221;348681&#8243;]<span class=\"font-385128\">\n\t\t\t\t<div>\n\t\t\t\t<p style=\"font-family:Poppins; font-size: 18px;\">Nast\u0105pi\u0142o wylogowanie. Mamy nadziej\u0119, \u017ce wkr\u00f3tce zobaczymy si\u0119 ponownie!\n\t\t\t\t<\/p>\n\t\t\t\t<\/div><\/span>[\/vc_column_text][\/vc_column][\/vc_row]<\/p>\n<\/div>","protected":false},"excerpt":{"rendered":"<p>[vc_row][vc_column][vc_column_text uncode_shortcode_id=&#8221;348681&#8243;][\/vc_column_text][\/vc_column][\/vc_row]<\/p>\n","protected":false},"author":14,"featured_media":0,"parent":0,"menu_order":0,"comment_status":"closed","ping_status":"closed","template":"","meta":{"_monsterinsights_skip_tracking":false,"_monsterinsights_sitenote_active":false,"_monsterinsights_sitenote_note":"","_monsterinsights_sitenote_category":0,"footnotes":""},"class_list":["post-91455","page","type-page","status-publish","hentry"],"_links":{"self":[{"href":"https:\/\/www.vetspanel.com\/pl\/wp-json\/wp\/v2\/pages\/91455","targetHints":{"allow":["GET"]}}],"collection":[{"href":"https:\/\/www.vetspanel.com\/pl\/wp-json\/wp\/v2\/pages"}],"about":[{"href":"https:\/\/www.vetspanel.com\/pl\/wp-json\/wp\/v2\/types\/page"}],"author":[{"embeddable":true,"href":"https:\/\/www.vetspanel.com\/pl\/wp-json\/wp\/v2\/users\/14"}],"replies":[{"embeddable":true,"href":"https:\/\/www.vetspanel.com\/pl\/wp-json\/wp\/v2\/comments?post=91455"}],"version-history":[{"count":0,"href":"https:\/\/www.vetspanel.com\/pl\/wp-json\/wp\/v2\/pages\/91455\/revisions"}],"wp:attachment":[{"href":"https:\/\/www.vetspanel.com\/pl\/wp-json\/wp\/v2\/media?parent=91455"}],"curies":[{"name":"wp","href":"https:\/\/api.w.org\/{rel}","templated":true}]}}