{"id":95277,"date":"2022-08-15T09:51:41","date_gmt":"2022-08-15T09:51:41","guid":{"rendered":"https:\/\/www.vetspanel.com\/non-member-survey-quotafull\/"},"modified":"2023-04-12T14:05:29","modified_gmt":"2023-04-12T14:05:29","slug":"non-member-survey-quotafull","status":"publish","type":"page","link":"https:\/\/www.vetspanel.com\/no\/non-member-survey-quotafull\/","title":{"rendered":"non member Survey Quotafull"},"content":{"rendered":"<div class=\"wpb-content-wrapper\"><p>[vc_row][vc_column column_width_percent=&raquo;100&#8243; align_horizontal=&raquo;align_center&raquo; gutter_size=&raquo;3&#8243; overlay_alpha=&raquo;50&#8243; shift_x=&raquo;0&#8243; shift_y=&raquo;0&#8243; shift_y_down=&raquo;0&#8243; z_index=&raquo;0&#8243; medium_width=&raquo;0&#8243; mobile_width=&raquo;0&#8243; width=&raquo;1\/1&#8243;][vc_icon icon=&raquo;fa fa-lock-closed&raquo; icon_color=&raquo;color-rgdb&raquo; size=&raquo;fa-5x&raquo;][\/vc_icon][\/vc_column][\/vc_row][vc_row][vc_column column_width_percent=&raquo;100&#8243; align_horizontal=&raquo;align_center&raquo; gutter_size=&raquo;3&#8243; overlay_alpha=&raquo;50&#8243; shift_x=&raquo;0&#8243; shift_y=&raquo;0&#8243; shift_y_down=&raquo;0&#8243; z_index=&raquo;0&#8243; medium_width=&raquo;0&#8243; mobile_width=&raquo;0&#8243; width=&raquo;1\/1&#8243;][vc_custom_heading uncode_shortcode_id=&raquo;135772&#8243;]<span class=\"font-385128\">M\u00e5lgruppekvoten for svarene dine er dessverre full for \u00f8yeblikket. Vi gir beskjed hvis en plass blir ledig. Takk for at du tok deg tid.<\/span>[\/vc_custom_heading][\/vc_column][\/vc_row][vc_row][vc_column column_width_percent=&raquo;100&#8243; align_horizontal=&raquo;align_center&raquo; gutter_size=&raquo;3&#8243; overlay_alpha=&raquo;50&#8243; shift_x=&raquo;0&#8243; shift_y=&raquo;0&#8243; shift_y_down=&raquo;0&#8243; z_index=&raquo;0&#8243; medium_width=&raquo;0&#8243; mobile_width=&raquo;0&#8243; width=&raquo;1\/1&#8243;][vc_custom_heading uncode_shortcode_id=&raquo;139403&#8243;]<span class=\"font-385128\">For \u00e5 delta i lignende unders\u00f8kelser meld deg p\u00e5 Vetspanel nedenfor.<\/span>[\/vc_custom_heading][\/vc_column][\/vc_row][vc_row][vc_column column_width_percent=&raquo;100&#8243; align_horizontal=&raquo;align_center&raquo; gutter_size=&raquo;3&#8243; overlay_alpha=&raquo;50&#8243; shift_x=&raquo;0&#8243; shift_y=&raquo;0&#8243; shift_y_down=&raquo;0&#8243; z_index=&raquo;0&#8243; medium_width=&raquo;0&#8243; mobile_width=&raquo;0&#8243; width=&raquo;1\/1&#8243; uncode_shortcode_id=&raquo;206923&#8243;][vc_button button_color=&raquo;color-rgdb&raquo; size=&raquo;btn-xl&raquo; radius=&raquo;btn-circle&raquo; hover_fx=&raquo;outlined&raquo; outline=&raquo;yes&raquo; text_skin=&raquo;yes&raquo; custom_typo=&raquo;yes&raquo; font_family=&raquo;font-385128&#8243; font_weight=&raquo;600&#8243; border_width=&raquo;2&#8243; link=&raquo;url:https%3A%2F%2Fwww.vetspanel.com%2Fno%2Fembedded-join%2F|title:Bli%20med|&raquo; width=&raquo;150&#8243; button_color_type=&raquo;uncode-palette&raquo; uncode_shortcode_id=&raquo;203710&#8243;]Bli med[\/vc_button][\/vc_column][\/vc_row]<\/p>\n<\/div>","protected":false},"excerpt":{"rendered":"<p>[vc_row][vc_column column_width_percent=&raquo;100&#8243; align_horizontal=&raquo;align_center&raquo; gutter_size=&raquo;3&#8243; overlay_alpha=&raquo;50&#8243; shift_x=&raquo;0&#8243; shift_y=&raquo;0&#8243; shift_y_down=&raquo;0&#8243; z_index=&raquo;0&#8243; medium_width=&raquo;0&#8243; mobile_width=&raquo;0&#8243; width=&raquo;1\/1&#8243;][vc_icon icon=&raquo;fa fa-lock-closed&raquo; icon_color=&raquo;color-rgdb&raquo; size=&raquo;fa-5x&raquo;][\/vc_icon][\/vc_column][\/vc_row][vc_row][vc_column column_width_percent=&raquo;100&#8243; align_horizontal=&raquo;align_center&raquo; gutter_size=&raquo;3&#8243; overlay_alpha=&raquo;50&#8243; [&hellip;]<\/p>\n","protected":false},"author":14,"featured_media":0,"parent":0,"menu_order":0,"comment_status":"closed","ping_status":"closed","template":"","meta":{"_monsterinsights_skip_tracking":false,"_monsterinsights_sitenote_active":false,"_monsterinsights_sitenote_note":"","_monsterinsights_sitenote_category":0,"footnotes":""},"class_list":["post-95277","page","type-page","status-publish","hentry"],"_links":{"self":[{"href":"https:\/\/www.vetspanel.com\/no\/wp-json\/wp\/v2\/pages\/95277","targetHints":{"allow":["GET"]}}],"collection":[{"href":"https:\/\/www.vetspanel.com\/no\/wp-json\/wp\/v2\/pages"}],"about":[{"href":"https:\/\/www.vetspanel.com\/no\/wp-json\/wp\/v2\/types\/page"}],"author":[{"embeddable":true,"href":"https:\/\/www.vetspanel.com\/no\/wp-json\/wp\/v2\/users\/14"}],"replies":[{"embeddable":true,"href":"https:\/\/www.vetspanel.com\/no\/wp-json\/wp\/v2\/comments?post=95277"}],"version-history":[{"count":0,"href":"https:\/\/www.vetspanel.com\/no\/wp-json\/wp\/v2\/pages\/95277\/revisions"}],"wp:attachment":[{"href":"https:\/\/www.vetspanel.com\/no\/wp-json\/wp\/v2\/media?parent=95277"}],"curies":[{"name":"wp","href":"https:\/\/api.w.org\/{rel}","templated":true}]}}