{"id":92256,"date":"2021-02-15T00:54:40","date_gmt":"2021-02-15T00:54:40","guid":{"rendered":"https:\/\/www.vetspanel.com\/ofte-stilte-sporsmal\/"},"modified":"2022-08-04T13:33:43","modified_gmt":"2022-08-04T13:33:43","slug":"ofte-stilte-sporsmal","status":"publish","type":"page","link":"https:\/\/www.vetspanel.com\/no\/ofte-stilte-sporsmal\/","title":{"rendered":"Ofte stilte sp\u00f8rsm\u00e5l"},"content":{"rendered":"<div class=\"wpb-content-wrapper\"><p>[vc_row row_height_percent=&raquo;0&#8243; overlay_alpha=&raquo;50&#8243; gutter_size=&raquo;3&#8243; column_width_percent=&raquo;100&#8243; shift_y=&raquo;0&#8243; z_index=&raquo;0&#8243; uncode_shortcode_id=&raquo;107571&#8243;][vc_column column_width_percent=&raquo;100&#8243; gutter_size=&raquo;3&#8243; font_family=&raquo;font-145443&#8243; back_color=&raquo;color-xsdn&raquo; overlay_alpha=&raquo;50&#8243; shift_x=&raquo;0&#8243; shift_y=&raquo;0&#8243; shift_y_down=&raquo;0&#8243; z_index=&raquo;0&#8243; medium_width=&raquo;0&#8243; mobile_width=&raquo;0&#8243; width=&raquo;1\/1&#8243; uncode_shortcode_id=&raquo;132158&#8243; back_color_type=&raquo;uncode-palette&raquo;][vc_custom_heading text_color=&raquo;color-wayh&raquo; heading_semantic=&raquo;h1&#8243; text_size=&raquo;h1&#8243; sub_lead=&raquo;yes&raquo; uncode_shortcode_id=&raquo;143533&#8243; text_color_type=&raquo;uncode-palette&raquo;]<\/p>\n<h1 style=\"text-align: left;\"><span class=\"font-385128\"><strong>Ofte stilte sp\u00f8rsm\u00e5l<\/strong><\/span><\/h1>\n<p>[\/vc_custom_heading][\/vc_column][\/vc_row][vc_row row_height_percent=&raquo;0&#8243; overlay_alpha=&raquo;50&#8243; gutter_size=&raquo;3&#8243; column_width_percent=&raquo;100&#8243; shift_y=&raquo;0&#8243; z_index=&raquo;0&#8243; uncode_shortcode_id=&raquo;127205&#8243;][vc_column column_width_percent=&raquo;100&#8243; gutter_size=&raquo;3&#8243; style=&raquo;light&raquo; font_family=&raquo;font-385128&#8243; back_color=&raquo;color-xsdn&raquo; overlay_color=&raquo;color-nhtu&raquo; overlay_alpha=&raquo;50&#8243; overlay_color_blend=&raquo;soft-light&raquo; shift_x=&raquo;0&#8243; shift_y=&raquo;0&#8243; shift_y_down=&raquo;0&#8243; z_index=&raquo;0&#8243; medium_width=&raquo;0&#8243; mobile_width=&raquo;0&#8243; width=&raquo;1\/1&#8243; uncode_shortcode_id=&raquo;489377&#8243; back_color_type=&raquo;uncode-palette&raquo; overlay_color_type=&raquo;uncode-palette&raquo;][vc_accordion typography=&raquo;yes&raquo;][vc_accordion_tab icon=&raquo;fa fa-question&raquo; gutter_size=&raquo;2&#8243; column_padding=&raquo;2&#8243; title=&raquo;Hvordan blir jeg medlem i Vetspanel?&raquo; tab_id=&raquo;1613349699-1-42&#8243;][vc_wp_text]Hvis du interessert i \u00e5 delta, ber vi deg sende en e-post til contact@vetspanel.com[\/vc_wp_text][\/vc_accordion_tab][vc_accordion_tab icon=&raquo;fa fa-user&raquo; gutter_size=&raquo;2&#8243; column_padding=&raquo;2&#8243; title=&raquo;Hvem kvalifiserer til \u00e5 bli med i Vetspanel?&raquo; tab_id=&raquo;1613349699-2-93&#8243;][vc_wp_text]Veterin\u00e6rpersonell som veterin\u00e6rer, veterin\u00e6rassistenter, veterin\u00e6rledere, teknikere osv.[\/vc_wp_text][\/vc_accordion_tab][vc_accordion_tab icon=&raquo;fa fa-gbp&raquo; gutter_size=&raquo;2&#8243; column_padding=&raquo;2&#8243; title=&raquo;Hvor mye koster det \u00e5 delta?&raquo; tab_id=&raquo;7e2d0227-bcc0-5&#8243;][vc_wp_text]Ingenting[\/vc_wp_text][\/vc_accordion_tab][vc_accordion_tab icon=&raquo;fa fa-wpforms&raquo; gutter_size=&raquo;2&#8243; column_padding=&raquo;2&#8243; title=&raquo;Kan jeg gj\u00f8re ferdig s\u00f8knaden min senere?&raquo; tab_id=&raquo;6b8ce965-17fe-3&#8243;][vc_wp_text]Ja, men jo raskere du fyller ut s\u00f8knadsskjemaet (det tar bare et minutt), jo raskere kan du delta i sp\u00f8rreunders\u00f8kelser og motta bel\u00f8nninger.[\/vc_wp_text][\/vc_accordion_tab][vc_accordion_tab icon=&raquo;fa fa-envelope2&#8243; gutter_size=&raquo;2&#8243; column_padding=&raquo;2&#8243; title=&raquo;Alle bruker den samme e-posten p\u00e5 jobb. Kan flere av oss delta i sp\u00f8rreunders\u00f8kelsene likevel?&raquo; tab_id=&raquo;41a5b12e-c72a-4&#8243;][vc_wp_text]Alle som blir medlem m\u00e5 ha en egen e-postadresse for \u00e5 registrere seg, slik at alle kan fullf\u00f8re sp\u00f8rreunders\u00f8kelsen og tjene opp poeng.[\/vc_wp_text][\/vc_accordion_tab][vc_accordion_tab icon=&raquo;fa fa-bank&raquo; gutter_size=&raquo;2&#8243; column_padding=&raquo;2&#8243; title=&raquo;Hvordan tjener jeg poeng?&raquo; tab_id=&raquo;1e114f7a-987e-0&#8243;][vc_wp_text]Ved \u00e5 delta og gjennomf\u00f8re sp\u00f8lrreunders\u00f8kelser, enten via telefon, intervjuer p\u00e5 nett, i person eller i diskusjonsgrupper.[\/vc_wp_text][\/vc_accordion_tab][vc_accordion_tab icon=&raquo;fa fa-diamond&raquo; gutter_size=&raquo;2&#8243; column_padding=&raquo;2&#8243; title=&raquo;N\u00e5r kan jeg begynne \u00e5 l\u00f8se inn poengene mine?&raquo; tab_id=&raquo;673b539f-af05-0&#8243;][vc_wp_text]S\u00e5 snart du har gjennomf\u00f8rt en sp\u00f8rreunders\u00f8kelse, kan du g\u00e5 inn p\u00e5 Vetspanel-kontoen og l\u00f8se inn poengene dine.[\/vc_wp_text][\/vc_accordion_tab][vc_accordion_tab icon=&raquo;fa fa-cancel&raquo; gutter_size=&raquo;2&#8243; column_padding=&raquo;2&#8243; title=&raquo;Hvordan sier jeg opp abonnementet mitt hos VetSpanel?&raquo; tab_id=&raquo;99c09934-0de2-6&#8243;][vc_wp_text]Logg p\u00e5 kontoen din. G\u00e5 til siden\/fanen Profil. Bla til bunnen av profilen din. Klikk der hvor det st\u00e5r &laquo;Klikk her for \u00e5 si opp abonnementet&raquo;.[\/vc_wp_text][\/vc_accordion_tab][\/vc_accordion][\/vc_column][\/vc_row]<\/p>\n<\/div>","protected":false},"excerpt":{"rendered":"<p>[vc_row row_height_percent=&raquo;0&#8243; overlay_alpha=&raquo;50&#8243; gutter_size=&raquo;3&#8243; column_width_percent=&raquo;100&#8243; shift_y=&raquo;0&#8243; z_index=&raquo;0&#8243; uncode_shortcode_id=&raquo;107571&#8243;][vc_column column_width_percent=&raquo;100&#8243; gutter_size=&raquo;3&#8243; font_family=&raquo;font-145443&#8243; back_color=&raquo;color-xsdn&raquo; overlay_alpha=&raquo;50&#8243; shift_x=&raquo;0&#8243; shift_y=&raquo;0&#8243; shift_y_down=&raquo;0&#8243; z_index=&raquo;0&#8243; medium_width=&raquo;0&#8243; mobile_width=&raquo;0&#8243; width=&raquo;1\/1&#8243; [&hellip;]<\/p>\n","protected":false},"author":2,"featured_media":0,"parent":0,"menu_order":0,"comment_status":"closed","ping_status":"closed","template":"","meta":{"_monsterinsights_skip_tracking":false,"_monsterinsights_sitenote_active":false,"_monsterinsights_sitenote_note":"","_monsterinsights_sitenote_category":0,"footnotes":""},"class_list":["post-92256","page","type-page","status-publish","hentry"],"_links":{"self":[{"href":"https:\/\/www.vetspanel.com\/no\/wp-json\/wp\/v2\/pages\/92256","targetHints":{"allow":["GET"]}}],"collection":[{"href":"https:\/\/www.vetspanel.com\/no\/wp-json\/wp\/v2\/pages"}],"about":[{"href":"https:\/\/www.vetspanel.com\/no\/wp-json\/wp\/v2\/types\/page"}],"author":[{"embeddable":true,"href":"https:\/\/www.vetspanel.com\/no\/wp-json\/wp\/v2\/users\/2"}],"replies":[{"embeddable":true,"href":"https:\/\/www.vetspanel.com\/no\/wp-json\/wp\/v2\/comments?post=92256"}],"version-history":[{"count":0,"href":"https:\/\/www.vetspanel.com\/no\/wp-json\/wp\/v2\/pages\/92256\/revisions"}],"wp:attachment":[{"href":"https:\/\/www.vetspanel.com\/no\/wp-json\/wp\/v2\/media?parent=92256"}],"curies":[{"name":"wp","href":"https:\/\/api.w.org\/{rel}","templated":true}]}}