{"id":92249,"date":"2021-07-22T23:10:49","date_gmt":"2021-07-22T23:10:49","guid":{"rendered":"https:\/\/www.vetspanel.com\/embedded-join\/"},"modified":"2025-12-03T05:25:20","modified_gmt":"2025-12-03T05:25:20","slug":"embedded-join","status":"publish","type":"page","link":"https:\/\/www.vetspanel.com\/no\/embedded-join\/","title":{"rendered":"Embedded Join"},"content":{"rendered":"<div class=\"wpb-content-wrapper\"><p>[vc_row row_height_percent=&raquo;0&#8243; back_color=&raquo;color-rgdb&raquo; overlay_alpha=&raquo;50&#8243; gutter_size=&raquo;3&#8243; column_width_percent=&raquo;100&#8243; shift_y=&raquo;0&#8243; z_index=&raquo;0&#8243; desktop_visibility=&raquo;yes&raquo; medium_visibility=&raquo;yes&raquo; mobile_visibility=&raquo;yes&raquo; content_parallax=&raquo;0&#8243; uncode_shortcode_id=&raquo;210346&#8243; back_color_type=&raquo;uncode-palette&raquo;][vc_column width=&raquo;1\/1&#8243;][vc_row_inner row_inner_height_percent=&raquo;0&#8243; overlay_alpha=&raquo;50&#8243; gutter_size=&raquo;3&#8243; shift_y=&raquo;0&#8243; z_index=&raquo;0&#8243; uncode_shortcode_id=&raquo;141966&#8243;][vc_column_inner width=&raquo;1\/6&#8243;][\/vc_column_inner][vc_column_inner width=&raquo;2\/3&#8243;][vc_column_text text_lead=&raquo;yes&raquo; text_color=&raquo;color-lxmt&raquo; uncode_shortcode_id=&raquo;193153&#8243; text_color_type=&raquo;uncode-palette&raquo;]<em>Vi gjennomf\u00f8rer planlagt vedlikehold mandag 1., fra kl. 00.00 til 06.00 CET. I denne perioden vil tilgang til konto og unders\u00f8kelser v\u00e6re midlertidig utilgjengelig.<\/em>[\/vc_column_text][\/vc_column_inner][vc_column_inner width=&raquo;1\/6&#8243;][\/vc_column_inner][\/vc_row_inner][\/vc_column][\/vc_row][vc_row row_height_percent=&raquo;100&#8243; overlay_alpha=&raquo;50&#8243; gutter_size=&raquo;3&#8243; column_width_percent=&raquo;100&#8243; shift_y=&raquo;0&#8243; z_index=&raquo;0&#8243; uncode_shortcode_id=&raquo;112223&#8243;][vc_column width=&raquo;1\/1&#8243;][vc_raw_html]PGlmcmFtZSBpZD0iam9pbnNyIiB3aWR0aD0iMTAwJSIgc2Nyb2xsaW5nPSJ5ZXMiIGhlaWdodD0iMTUwMCBweCIgc3R5bGU9ImJvcmRlcjpub25lOyBvdmVyZmxvdzp2aXNpYmxlOyAgIiB0aXRsZT0iYmxpIG1lZCBpIHBhbmVsZXQiIHN0eWxlOj0iIj48L2lmcmFtZT4gCgo8c2NyaXB0Pgp2YXIgbGFuZz0nW2xhbmd1YWdlXSc7CiBkb2N1bWVudC5nZXRFbGVtZW50QnlJZCgiam9pbnNyIikuc3JjID0KICAgICJodHRwczovL3N1cnZleS52ZXRzcGFuZWwuY29tL1MyLzE1MC9ibHVycG8vPyZMYW5nPSIrIGxhbmc7Cjwvc2NyaXB0Pg==[\/vc_raw_html][\/vc_column][\/vc_row]<\/p>\n<\/div>","protected":false},"excerpt":{"rendered":"<p>[vc_row row_height_percent=&raquo;0&#8243; back_color=&raquo;color-rgdb&raquo; overlay_alpha=&raquo;50&#8243; gutter_size=&raquo;3&#8243; column_width_percent=&raquo;100&#8243; shift_y=&raquo;0&#8243; z_index=&raquo;0&#8243; desktop_visibility=&raquo;yes&raquo; medium_visibility=&raquo;yes&raquo; mobile_visibility=&raquo;yes&raquo; content_parallax=&raquo;0&#8243; uncode_shortcode_id=&raquo;210346&#8243; back_color_type=&raquo;uncode-palette&raquo;][vc_column width=&raquo;1\/1&#8243;][vc_row_inner row_inner_height_percent=&raquo;0&#8243; overlay_alpha=&raquo;50&#8243; gutter_size=&raquo;3&#8243; shift_y=&raquo;0&#8243; z_index=&raquo;0&#8243; [&hellip;]<\/p>\n","protected":false},"author":2,"featured_media":0,"parent":0,"menu_order":0,"comment_status":"closed","ping_status":"closed","template":"","meta":{"_monsterinsights_skip_tracking":false,"_monsterinsights_sitenote_active":false,"_monsterinsights_sitenote_note":"","_monsterinsights_sitenote_category":0,"footnotes":""},"class_list":["post-92249","page","type-page","status-publish","hentry"],"_links":{"self":[{"href":"https:\/\/www.vetspanel.com\/no\/wp-json\/wp\/v2\/pages\/92249","targetHints":{"allow":["GET"]}}],"collection":[{"href":"https:\/\/www.vetspanel.com\/no\/wp-json\/wp\/v2\/pages"}],"about":[{"href":"https:\/\/www.vetspanel.com\/no\/wp-json\/wp\/v2\/types\/page"}],"author":[{"embeddable":true,"href":"https:\/\/www.vetspanel.com\/no\/wp-json\/wp\/v2\/users\/2"}],"replies":[{"embeddable":true,"href":"https:\/\/www.vetspanel.com\/no\/wp-json\/wp\/v2\/comments?post=92249"}],"version-history":[{"count":0,"href":"https:\/\/www.vetspanel.com\/no\/wp-json\/wp\/v2\/pages\/92249\/revisions"}],"wp:attachment":[{"href":"https:\/\/www.vetspanel.com\/no\/wp-json\/wp\/v2\/media?parent=92249"}],"curies":[{"name":"wp","href":"https:\/\/api.w.org\/{rel}","templated":true}]}}