{"id":92237,"date":"2021-04-21T14:02:47","date_gmt":"2021-04-21T14:02:47","guid":{"rendered":"https:\/\/www.vetspanel.com\/kontakt-oss\/"},"modified":"2025-12-03T04:58:52","modified_gmt":"2025-12-03T04:58:52","slug":"kontakt-oss","status":"publish","type":"page","link":"https:\/\/www.vetspanel.com\/no\/kontakt-oss\/","title":{"rendered":"Kontakt oss"},"content":{"rendered":"<div class=\"wpb-content-wrapper\"><p>[vc_row row_height_percent=&raquo;0&#8243; back_color=&raquo;color-rgdb&raquo; overlay_alpha=&raquo;50&#8243; gutter_size=&raquo;3&#8243; column_width_percent=&raquo;100&#8243; shift_y=&raquo;0&#8243; z_index=&raquo;0&#8243; desktop_visibility=&raquo;yes&raquo; medium_visibility=&raquo;yes&raquo; mobile_visibility=&raquo;yes&raquo; inverted_device_order=&raquo;yes&raquo; auto_height_device=&raquo;yes&raquo; content_parallax=&raquo;0&#8243; uncode_shortcode_id=&raquo;891797&#8243; back_color_type=&raquo;uncode-palette&raquo;][vc_column width=&raquo;1\/1&#8243;][vc_row_inner row_inner_height_percent=&raquo;0&#8243; overlay_alpha=&raquo;50&#8243; gutter_size=&raquo;3&#8243; shift_y=&raquo;0&#8243; z_index=&raquo;0&#8243; uncode_shortcode_id=&raquo;141966&#8243;][vc_column_inner width=&raquo;1\/6&#8243;][\/vc_column_inner][vc_column_inner width=&raquo;2\/3&#8243;][vc_column_text text_lead=&raquo;yes&raquo; text_color=&raquo;color-lxmt&raquo; uncode_shortcode_id=&raquo;841223&#8243; text_color_type=&raquo;uncode-palette&raquo;]<em>Vi utf\u00f8rer planlagt vedlikehold s\u00f8ndag 30. september kl. 15.00-21.00 norsk tid. I l\u00f8pet av denne tiden vil kontotilgang og tilgang til unders\u00f8kelser v\u00e6re midlertidig utilgjengelig. <\/em>[\/vc_column_text][\/vc_column_inner][vc_column_inner width=&raquo;1\/6&#8243;][\/vc_column_inner][\/vc_row_inner][\/vc_column][\/vc_row][vc_row row_height_percent=&raquo;0&#8243; override_padding=&raquo;yes&raquo; h_padding=&raquo;2&#8243; top_padding=&raquo;1&#8243; bottom_padding=&raquo;1&#8243; overlay_alpha=&raquo;50&#8243; gutter_size=&raquo;3&#8243; column_width_percent=&raquo;100&#8243; shift_y=&raquo;0&#8243; z_index=&raquo;0&#8243;][vc_column column_width_percent=&raquo;100&#8243; align_horizontal=&raquo;align_center&raquo; gutter_size=&raquo;3&#8243; overlay_alpha=&raquo;50&#8243; shift_x=&raquo;0&#8243; shift_y=&raquo;0&#8243; shift_y_down=&raquo;0&#8243; z_index=&raquo;0&#8243; align_medium=&raquo;align_center_tablet&raquo; medium_width=&raquo;0&#8243; align_mobile=&raquo;align_center_mobile&raquo; mobile_width=&raquo;0&#8243; width=&raquo;1\/1&#8243;][vc_custom_heading heading_semantic=&raquo;h3&#8243; text_font=&raquo;font-385128&#8243; text_size=&raquo;fontsize-155944&#8243;]<\/p>\n<h1 style=\"text-align: center;\"><span class=\"font-184920\">Kontakt oss<\/span><\/h1>\n<p>[\/vc_custom_heading][\/vc_column][\/vc_row][vc_row row_height_percent=&raquo;0&#8243; override_padding=&raquo;yes&raquo; h_padding=&raquo;2&#8243; top_padding=&raquo;2&#8243; bottom_padding=&raquo;2&#8243; back_color=&raquo;color-xsdn&raquo; overlay_alpha=&raquo;100&#8243; gutter_size=&raquo;3&#8243; column_width_percent=&raquo;100&#8243; shift_y=&raquo;0&#8243; z_index=&raquo;0&#8243;][vc_column column_width_use_pixel=&raquo;yes&raquo; gutter_size=&raquo;3&#8243; back_color=&raquo;color-lxmt&raquo; overlay_alpha=&raquo;100&#8243; shift_x=&raquo;0&#8243; shift_y=&raquo;0&#8243; shift_y_down=&raquo;0&#8243; z_index=&raquo;0&#8243; align_medium=&raquo;align_left_tablet&raquo; medium_width=&raquo;5&#8243; align_mobile=&raquo;align_left_mobile&raquo; mobile_width=&raquo;0&#8243; zoom_width=&raquo;0&#8243; zoom_height=&raquo;0&#8243; width=&raquo;1\/1&#8243; column_width_pixel=&raquo;600&#8243; uncode_shortcode_id=&raquo;178694&#8243; back_color_type=&raquo;uncode-palette&raquo;][vc_column_text uncode_shortcode_id=&raquo;195545&#8243;]<span class=\"font-385128\">For \u00e5 kontakte oss, vennligst fyll ut feltene nedenfor og send inn. Vi tar sikte p\u00e5 \u00e5 gjennomg\u00e5 og svare p\u00e5 alle sp\u00f8rsm\u00e5l eller henvendelser s\u00e5 snart som mulig. <\/span>[\/vc_column_text][vc_separator sep_color=&raquo;,Default&raquo;]\n<div class=\"wpcf7 no-js\" id=\"wpcf7-f94014-o1\" lang=\"nb-NO\" dir=\"ltr\" data-wpcf7-id=\"94014\">\n<div class=\"screen-reader-response\"><p role=\"status\" aria-live=\"polite\" aria-atomic=\"true\"><\/p> <ul><\/ul><\/div>\n<form action=\"\/no\/wp-json\/wp\/v2\/pages\/92237#wpcf7-f94014-o1\" method=\"post\" class=\"wpcf7-form init\" aria-label=\"Kontaktskjema\" novalidate=\"novalidate\" data-status=\"init\">\n<fieldset class=\"hidden-fields-container\"><input type=\"hidden\" name=\"_wpcf7\" value=\"94014\" \/><input type=\"hidden\" name=\"_wpcf7_version\" value=\"6.1.5\" \/><input type=\"hidden\" name=\"_wpcf7_locale\" value=\"nb_NO\" \/><input type=\"hidden\" name=\"_wpcf7_unit_tag\" value=\"wpcf7-f94014-o1\" \/><input type=\"hidden\" name=\"_wpcf7_container_post\" value=\"0\" \/><input type=\"hidden\" name=\"_wpcf7_posted_data_hash\" value=\"\" \/><input type=\"hidden\" name=\"_wpcf7_recaptcha_response\" value=\"\" \/>\n<\/fieldset>\n<p><label> Navn<br \/>\n<span class=\"wpcf7-form-control-wrap\" data-name=\"your-name\"><input size=\"40\" maxlength=\"400\" class=\"wpcf7-form-control wpcf7-text wpcf7-validates-as-required\" aria-required=\"true\" aria-invalid=\"false\" value=\"\" type=\"text\" name=\"your-name\" \/><\/span> <\/label>\n<\/p>\n<p><label> E-post<br \/>\n<span class=\"wpcf7-form-control-wrap\" data-name=\"your-email\"><input size=\"40\" maxlength=\"400\" class=\"wpcf7-form-control wpcf7-email wpcf7-validates-as-required wpcf7-text wpcf7-validates-as-email\" aria-required=\"true\" aria-invalid=\"false\" value=\"\" type=\"email\" name=\"your-email\" \/><\/span> <\/label>\n<\/p>\n<p><label> Emne<br \/>\n<span class=\"wpcf7-form-control-wrap\" data-name=\"your-subject\"><input size=\"40\" maxlength=\"400\" class=\"wpcf7-form-control wpcf7-text wpcf7-validates-as-required\" aria-required=\"true\" aria-invalid=\"false\" value=\"\" type=\"text\" name=\"your-subject\" \/><\/span> <\/label>\n<\/p>\n<p><label> Melding<br \/>\n<span class=\"wpcf7-form-control-wrap\" data-name=\"your-message\"><textarea cols=\"40\" rows=\"10\" maxlength=\"2000\" class=\"wpcf7-form-control wpcf7-textarea\" aria-invalid=\"false\" name=\"your-message\"><\/textarea><\/span> <\/label>\n<\/p>\n<p><input class=\"wpcf7-form-control wpcf7-submit has-spinner\" type=\"submit\" value=\"Send inn\" \/>\n<\/p><div class=\"wpcf7-response-output\" aria-hidden=\"true\"><\/div>\n<\/form>\n<\/div>\n[\/vc_column][\/vc_row]<\/p>\n<\/div>","protected":false},"excerpt":{"rendered":"<p>[vc_row row_height_percent=&raquo;0&#8243; back_color=&raquo;color-rgdb&raquo; overlay_alpha=&raquo;50&#8243; gutter_size=&raquo;3&#8243; column_width_percent=&raquo;100&#8243; shift_y=&raquo;0&#8243; z_index=&raquo;0&#8243; desktop_visibility=&raquo;yes&raquo; medium_visibility=&raquo;yes&raquo; mobile_visibility=&raquo;yes&raquo; inverted_device_order=&raquo;yes&raquo; auto_height_device=&raquo;yes&raquo; content_parallax=&raquo;0&#8243; uncode_shortcode_id=&raquo;891797&#8243; back_color_type=&raquo;uncode-palette&raquo;][vc_column width=&raquo;1\/1&#8243;][vc_row_inner row_inner_height_percent=&raquo;0&#8243; overlay_alpha=&raquo;50&#8243; gutter_size=&raquo;3&#8243; [&hellip;]<\/p>\n","protected":false},"author":2,"featured_media":0,"parent":0,"menu_order":0,"comment_status":"closed","ping_status":"closed","template":"","meta":{"_monsterinsights_skip_tracking":false,"_monsterinsights_sitenote_active":false,"_monsterinsights_sitenote_note":"","_monsterinsights_sitenote_category":0,"footnotes":""},"class_list":["post-92237","page","type-page","status-publish","hentry"],"_links":{"self":[{"href":"https:\/\/www.vetspanel.com\/no\/wp-json\/wp\/v2\/pages\/92237","targetHints":{"allow":["GET"]}}],"collection":[{"href":"https:\/\/www.vetspanel.com\/no\/wp-json\/wp\/v2\/pages"}],"about":[{"href":"https:\/\/www.vetspanel.com\/no\/wp-json\/wp\/v2\/types\/page"}],"author":[{"embeddable":true,"href":"https:\/\/www.vetspanel.com\/no\/wp-json\/wp\/v2\/users\/2"}],"replies":[{"embeddable":true,"href":"https:\/\/www.vetspanel.com\/no\/wp-json\/wp\/v2\/comments?post=92237"}],"version-history":[{"count":0,"href":"https:\/\/www.vetspanel.com\/no\/wp-json\/wp\/v2\/pages\/92237\/revisions"}],"wp:attachment":[{"href":"https:\/\/www.vetspanel.com\/no\/wp-json\/wp\/v2\/media?parent=92237"}],"curies":[{"name":"wp","href":"https:\/\/api.w.org\/{rel}","templated":true}]}}