{"id":92225,"date":"2020-09-24T10:41:26","date_gmt":"2020-09-24T10:41:26","guid":{"rendered":"https:\/\/www.vetspanel.com\/hjem\/"},"modified":"2025-06-03T13:48:20","modified_gmt":"2025-06-03T13:48:20","slug":"hjem","status":"publish","type":"page","link":"https:\/\/www.vetspanel.com\/no\/","title":{"rendered":"Hjem"},"content":{"rendered":"<div class=\"wpb-content-wrapper\"><p>[vc_row unlock_row_content=&raquo;yes&raquo; row_height_percent=&raquo;0&#8243; override_padding=&raquo;yes&raquo; h_padding=&raquo;0&#8243; top_padding=&raquo;0&#8243; bottom_padding=&raquo;0&#8243; overlay_alpha=&raquo;100&#8243; gutter_size=&raquo;0&#8243; style=&raquo;inherited&raquo;][\/vc_row][vc_row unlock_row_content=&raquo;yes&raquo; row_height_percent=&raquo;0&#8243; override_padding=&raquo;yes&raquo; h_padding=&raquo;0&#8243; top_padding=&raquo;0&#8243; bottom_padding=&raquo;0&#8243; overlay_alpha=&raquo;50&#8243; equal_height=&raquo;yes&raquo; gutter_size=&raquo;0&#8243; shift_y=&raquo;0&#8243;][\/vc_row][vc_row row_height_percent=&raquo;0&#8243; override_padding=&raquo;yes&raquo; h_padding=&raquo;2&#8243; top_padding=&raquo;2&#8243; bottom_padding=&raquo;2&#8243; overlay_alpha=&raquo;50&#8243; gutter_size=&raquo;4&#8243; column_width_percent=&raquo;100&#8243; shift_y=&raquo;0&#8243; z_index=&raquo;0&#8243; el_class=&raquo;inverted-device-order&raquo; uncode_shortcode_id=&raquo;119323&#8243;][vc_column column_width_use_pixel=&raquo;yes&raquo; position_vertical=&raquo;middle&raquo; gutter_size=&raquo;3&#8243; overlay_alpha=&raquo;50&#8243; shift_x=&raquo;0&#8243; shift_y=&raquo;0&#8243; shift_y_down=&raquo;0&#8243; z_index=&raquo;0&#8243; align_medium=&raquo;align_center_tablet&raquo; medium_width=&raquo;0&#8243; align_mobile=&raquo;align_center_mobile&raquo; mobile_width=&raquo;0&#8243; width=&raquo;1\/2&#8243; column_width_pixel=&raquo;900&#8243;][vc_custom_heading text_color=&raquo;color-wayh&raquo; heading_semantic=&raquo;h3&#8243; text_font=&raquo;font-385128&#8243; text_size=&raquo;h1&#8243; uncode_shortcode_id=&raquo;137419&#8243; text_color_type=&raquo;uncode-palette&raquo;]<span class=\"font-762333 font-385128\">Bli med i fellesskapet v\u00e5rt med veterin\u00e6rer og f\u00e5 betalt for synspunktene og kompetansen din<\/span>[\/vc_custom_heading][vc_row_inner row_inner_height_percent=&raquo;0&#8243; overlay_alpha=&raquo;50&#8243; gutter_size=&raquo;3&#8243; shift_y=&raquo;0&#8243; z_index=&raquo;0&#8243; limit_content=&raquo;&raquo; uncode_shortcode_id=&raquo;156641&#8243;][vc_column_inner column_width_percent=&raquo;100&#8243; position_horizontal=&raquo;right&raquo; align_horizontal=&raquo;align_center&raquo; gutter_size=&raquo;3&#8243; overlay_alpha=&raquo;50&#8243; shift_x=&raquo;0&#8243; shift_y=&raquo;0&#8243; shift_y_down=&raquo;0&#8243; z_index=&raquo;0&#8243; align_medium=&raquo;align_center_tablet&raquo; medium_width=&raquo;0&#8243; align_mobile=&raquo;align_center_mobile&raquo; mobile_width=&raquo;0&#8243; width=&raquo;1\/1&#8243; uncode_shortcode_id=&raquo;553593&#8243;][vc_button button_color=&raquo;color-rgdb&raquo; size=&raquo;btn-xl&raquo; radius=&raquo;btn-circle&raquo; hover_fx=&raquo;outlined&raquo; text_skin=&raquo;yes&raquo; custom_typo=&raquo;yes&raquo; font_family=&raquo;font-385128&#8243; font_weight=&raquo;600&#8243; border_width=&raquo;2&#8243; link=&raquo;url:https%3A%2F%2Fwww.vetspanel.com%2Fno%2Fembedded-join%2F|title:Embedded%20Join|&raquo; width=&raquo;150&#8243; button_color_type=&raquo;uncode-palette&raquo; uncode_shortcode_id=&raquo;160059&#8243;]Bli med[\/vc_button][\/vc_column_inner][\/vc_row_inner][\/vc_column][vc_column column_width_percent=&raquo;100&#8243; gutter_size=&raquo;3&#8243; overlay_alpha=&raquo;50&#8243; shift_x=&raquo;0&#8243; shift_y=&raquo;0&#8243; shift_y_down=&raquo;0&#8243; z_index=&raquo;0&#8243; medium_visibility=&raquo;yes&raquo; medium_width=&raquo;0&#8243; mobile_visibility=&raquo;yes&raquo; mobile_width=&raquo;0&#8243; width=&raquo;1\/2&#8243; uncode_shortcode_id=&raquo;340437&#8243;][vc_single_image media=&raquo;88425&#8243; media_width_use_pixel=&raquo;yes&raquo; alignment=&raquo;center&raquo; media_width_pixel=&raquo;600&#8243;][\/vc_column][\/vc_row][vc_row row_height_percent=&raquo;0&#8243; override_padding=&raquo;yes&raquo; h_padding=&raquo;2&#8243; top_padding=&raquo;1&#8243; bottom_padding=&raquo;1&#8243; overlay_alpha=&raquo;50&#8243; gutter_size=&raquo;4&#8243; column_width_percent=&raquo;100&#8243; shift_y=&raquo;0&#8243; z_index=&raquo;0&#8243;][vc_column column_width_percent=&raquo;100&#8243; position_vertical=&raquo;middle&raquo; gutter_size=&raquo;3&#8243; overlay_alpha=&raquo;50&#8243; shift_x=&raquo;0&#8243; shift_y=&raquo;0&#8243; shift_y_down=&raquo;0&#8243; z_index=&raquo;0&#8243; medium_width=&raquo;0&#8243; mobile_width=&raquo;0&#8243; width=&raquo;1\/2&#8243;][vc_single_image media=&raquo;88450&#8243; media_width_use_pixel=&raquo;yes&raquo; alignment=&raquo;center&raquo; media_width_pixel=&raquo;600&#8243;][\/vc_column][vc_column column_width_use_pixel=&raquo;yes&raquo; position_vertical=&raquo;middle&raquo; gutter_size=&raquo;3&#8243; overlay_alpha=&raquo;50&#8243; shift_x=&raquo;0&#8243; shift_y=&raquo;0&#8243; shift_y_down=&raquo;0&#8243; z_index=&raquo;0&#8243; medium_width=&raquo;0&#8243; mobile_width=&raquo;0&#8243; width=&raquo;1\/2&#8243; column_width_pixel=&raquo;900&#8243;][vc_custom_heading heading_semantic=&raquo;h3&#8243; text_font=&raquo;font-385128&#8243; text_size=&raquo;fontsize-155944&#8243; subheading=&raquo;Vetspanel er et nettsamfunn forbeholdt veterin\u00e6rer. Vi gir medlemmene muligheten til \u00e5 delta i markedsunders\u00f8kelser om ulike emner relevent til dette feltet, og betaler dem for tiden og kompetansen deres.&raquo; uncode_shortcode_id=&raquo;183448&#8243;]<\/p>\n<h1><span class=\"font-385128\">Hva er Vetspanel?<\/span><\/h1>\n<p>[\/vc_custom_heading][\/vc_column][\/vc_row][vc_row row_height_percent=&raquo;0&#8243; override_padding=&raquo;yes&raquo; h_padding=&raquo;2&#8243; top_padding=&raquo;2&#8243; bottom_padding=&raquo;2&#8243; overlay_alpha=&raquo;50&#8243; gutter_size=&raquo;4&#8243; column_width_percent=&raquo;100&#8243; shift_y=&raquo;0&#8243; z_index=&raquo;0&#8243; el_class=&raquo;inverted-device-order&raquo;][vc_column column_width_use_pixel=&raquo;yes&raquo; position_vertical=&raquo;middle&raquo; gutter_size=&raquo;3&#8243; overlay_alpha=&raquo;50&#8243; shift_x=&raquo;0&#8243; shift_y=&raquo;0&#8243; shift_y_down=&raquo;0&#8243; z_index=&raquo;0&#8243; medium_width=&raquo;0&#8243; mobile_width=&raquo;0&#8243; width=&raquo;1\/2&#8243; column_width_pixel=&raquo;900&#8243;][vc_custom_heading heading_semantic=&raquo;h3&#8243; text_font=&raquo;font-385128&#8243; text_size=&raquo;fontsize-155944&#8243; subheading=&raquo;Klikk p\u00e5 Bli med-knappen nedenfor for \u00e5 registrere deg og fortelle oss litt om deg selv. Vi begynner \u00e5 invitere deg til relevante sp\u00f8rreunders\u00f8kelser s\u00e5 snart vi har bekreftet opplysningene dine. Poengene dine er klare til \u00e5 brukes med det samme etter at du har fullf\u00f8rt sp\u00f8rreunders\u00f8kelser. De kan l\u00f8ses for penger via PayPal, kuponger (f.eks. Amazon, iTunes) eller doneres til en av de veldedige organisasjonene v\u00e5re.&raquo; uncode_shortcode_id=&raquo;112584&#8243;]<\/p>\n<h1><span class=\"font-385128\">Hvordan fungerer det?<\/span><\/h1>\n<p>[\/vc_custom_heading][vc_button button_color=&raquo;color-rgdb&raquo; size=&raquo;btn-xl&raquo; radius=&raquo;btn-circle&raquo; hover_fx=&raquo;outlined&raquo; text_skin=&raquo;yes&raquo; custom_typo=&raquo;yes&raquo; font_family=&raquo;font-385128&#8243; font_weight=&raquo;600&#8243; border_width=&raquo;2&#8243; link=&raquo;url:https%3A%2F%2Fwww.vetspanel.com%2Fno%2Fembedded-join%2F|title:Embedded%20Join|&raquo; width=&raquo;150&#8243; button_color_type=&raquo;uncode-palette&raquo; uncode_shortcode_id=&raquo;211000&#8243;]Bli med[\/vc_button][\/vc_column][vc_column width=&raquo;1\/2&#8243;][vc_single_image media=&raquo;88454&#8243; media_width_use_pixel=&raquo;yes&raquo; alignment=&raquo;center&raquo; media_width_pixel=&raquo;600&#8243;][\/vc_column][\/vc_row][vc_row row_height_percent=&raquo;0&#8243; override_padding=&raquo;yes&raquo; h_padding=&raquo;2&#8243; top_padding=&raquo;3&#8243; bottom_padding=&raquo;3&#8243; back_color=&raquo;color-lxmt&raquo; overlay_alpha=&raquo;50&#8243; gutter_size=&raquo;3&#8243; column_width_percent=&raquo;100&#8243; shift_y=&raquo;0&#8243; z_index=&raquo;0&#8243;][vc_column column_width_percent=&raquo;100&#8243; align_horizontal=&raquo;align_center&raquo; gutter_size=&raquo;2&#8243; font_family=&raquo;font-385128&#8243; overlay_alpha=&raquo;50&#8243; shift_x=&raquo;0&#8243; shift_y=&raquo;0&#8243; shift_y_down=&raquo;0&#8243; z_index=&raquo;0&#8243; medium_width=&raquo;0&#8243; mobile_width=&raquo;0&#8243; width=&raquo;1\/3&#8243;][vc_custom_heading text_color=&raquo;color-wayh&raquo; heading_semantic=&raquo;h3&#8243; text_font=&raquo;font-385128&#8243; text_size=&raquo;h4&#8243;]<span class=\"font-762333\">Bli med<\/span>[\/vc_custom_heading][uncode_counter value=&raquo;30,000&#8243; counter_color=&raquo;color-rgdb&raquo; font=&raquo;font-385128&#8243; size=&raquo;h1&#8243; weight=&raquo;600&#8243; height=&raquo;fontheight-179065&#8243; suffix=&raquo;+&raquo; uncode_shortcode_id=&raquo;209042&#8243; counter_color_type=&raquo;uncode-palette&raquo;][vc_custom_heading text_color=&raquo;color-wayh&raquo; heading_semantic=&raquo;h3&#8243; text_font=&raquo;font-385128&#8243; text_size=&raquo;h4&#8243;]<span class=\"font-762333\">Veterin\u00e6rer<\/span>[\/vc_custom_heading][\/vc_column][vc_column column_width_percent=&raquo;100&#8243; align_horizontal=&raquo;align_center&raquo; gutter_size=&raquo;2&#8243; style=&raquo;dark&raquo; font_family=&raquo;font-385128&#8243; overlay_alpha=&raquo;50&#8243; shift_x=&raquo;0&#8243; shift_y=&raquo;0&#8243; shift_y_down=&raquo;0&#8243; z_index=&raquo;0&#8243; medium_width=&raquo;0&#8243; mobile_width=&raquo;0&#8243; width=&raquo;1\/3&#8243;][vc_custom_heading text_color=&raquo;color-wayh&raquo; heading_semantic=&raquo;h3&#8243; text_font=&raquo;font-385128&#8243; text_size=&raquo;h4&#8243;]i alle[\/vc_custom_heading][uncode_counter value=&raquo;17&#8243; counter_color=&raquo;color-rgdb&raquo; font=&raquo;font-385128&#8243; size=&raquo;h1&#8243; weight=&raquo;600&#8243; height=&raquo;fontheight-179065&#8243;][vc_custom_heading text_color=&raquo;color-wayh&raquo; heading_semantic=&raquo;h3&#8243; text_font=&raquo;font-385128&#8243; text_size=&raquo;h4&#8243;]Land[\/vc_custom_heading][\/vc_column][vc_column column_width_percent=&raquo;100&#8243; align_horizontal=&raquo;align_center&raquo; gutter_size=&raquo;2&#8243; style=&raquo;dark&raquo; font_family=&raquo;font-385128&#8243; overlay_alpha=&raquo;50&#8243; shift_x=&raquo;0&#8243; shift_y=&raquo;0&#8243; shift_y_down=&raquo;0&#8243; z_index=&raquo;0&#8243; medium_width=&raquo;0&#8243; mobile_width=&raquo;0&#8243; width=&raquo;1\/3&#8243;][vc_custom_heading text_color=&raquo;color-wayh&raquo; heading_semantic=&raquo;h3&#8243; text_font=&raquo;font-385128&#8243; text_size=&raquo;h4&#8243;]Over[\/vc_custom_heading][uncode_counter value=&raquo;1,300,000&#8243; prefix=&raquo;\u00a3&raquo; counter_color=&raquo;color-rgdb&raquo; font=&raquo;font-385128&#8243; size=&raquo;h1&#8243; weight=&raquo;600&#8243; height=&raquo;fontheight-179065&#8243; suffix=&raquo;+&raquo;][vc_custom_heading text_color=&raquo;color-wayh&raquo; heading_semantic=&raquo;h3&#8243; text_font=&raquo;font-385128&#8243; text_size=&raquo;h4&#8243;]Betalte bel\u00f8nninger[\/vc_custom_heading][\/vc_column][\/vc_row][vc_row row_height_percent=&raquo;0&#8243; override_padding=&raquo;yes&raquo; h_padding=&raquo;2&#8243; top_padding=&raquo;3&#8243; bottom_padding=&raquo;0&#8243; overlay_alpha=&raquo;50&#8243; gutter_size=&raquo;3&#8243; column_width_percent=&raquo;100&#8243; shift_y=&raquo;0&#8243; z_index=&raquo;0&#8243;][vc_column column_width_percent=&raquo;100&#8243; align_horizontal=&raquo;align_center&raquo; gutter_size=&raquo;3&#8243; overlay_alpha=&raquo;50&#8243; shift_x=&raquo;0&#8243; shift_y=&raquo;0&#8243; shift_y_down=&raquo;0&#8243; z_index=&raquo;0&#8243; align_medium=&raquo;align_center_tablet&raquo; medium_width=&raquo;0&#8243; align_mobile=&raquo;align_center_mobile&raquo; mobile_width=&raquo;0&#8243; width=&raquo;1\/1&#8243;][vc_custom_heading heading_semantic=&raquo;h3&#8243; text_font=&raquo;font-385128&#8243; text_size=&raquo;fontsize-155944&#8243;]<\/p>\n<h1 style=\"text-align: center;\"><span class=\"font-385128\">Dette sier medlemmene v\u00e5re<br \/>\n<\/span><\/h1>\n<p>[\/vc_custom_heading][\/vc_column][\/vc_row][vc_row unlock_row_content=&raquo;yes&raquo; row_height_percent=&raquo;0&#8243; override_padding=&raquo;yes&raquo; h_padding=&raquo;0&#8243; top_padding=&raquo;0&#8243; bottom_padding=&raquo;0&#8243; overlay_alpha=&raquo;100&#8243; gutter_size=&raquo;0&#8243; style=&raquo;inherited&raquo;][\/vc_row][vc_row unlock_row_content=&raquo;yes&raquo; row_height_percent=&raquo;0&#8243; override_padding=&raquo;yes&raquo; h_padding=&raquo;0&#8243; top_padding=&raquo;0&#8243; bottom_padding=&raquo;0&#8243; overlay_alpha=&raquo;50&#8243; equal_height=&raquo;yes&raquo; gutter_size=&raquo;0&#8243; shift_y=&raquo;0&#8243;][\/vc_row][vc_row unlock_row_content=&raquo;yes&raquo; row_height_percent=&raquo;0&#8243; override_padding=&raquo;yes&raquo; h_padding=&raquo;0&#8243; top_padding=&raquo;0&#8243; bottom_padding=&raquo;0&#8243; overlay_alpha=&raquo;100&#8243; gutter_size=&raquo;0&#8243; style=&raquo;inherited&raquo;][\/vc_row][vc_row unlock_row_content=&raquo;yes&raquo; row_height_percent=&raquo;0&#8243; override_padding=&raquo;yes&raquo; h_padding=&raquo;0&#8243; top_padding=&raquo;0&#8243; bottom_padding=&raquo;0&#8243; overlay_alpha=&raquo;50&#8243; equal_height=&raquo;yes&raquo; gutter_size=&raquo;0&#8243; shift_y=&raquo;0&#8243;][\/vc_row][vc_row unlock_row_content=&raquo;yes&raquo; row_height_percent=&raquo;0&#8243; override_padding=&raquo;yes&raquo; h_padding=&raquo;0&#8243; top_padding=&raquo;0&#8243; bottom_padding=&raquo;0&#8243; overlay_alpha=&raquo;100&#8243; gutter_size=&raquo;0&#8243; style=&raquo;inherited&raquo;][\/vc_row][vc_row unlock_row_content=&raquo;yes&raquo; row_height_percent=&raquo;0&#8243; override_padding=&raquo;yes&raquo; h_padding=&raquo;0&#8243; top_padding=&raquo;0&#8243; bottom_padding=&raquo;0&#8243; overlay_alpha=&raquo;50&#8243; equal_height=&raquo;yes&raquo; gutter_size=&raquo;0&#8243; shift_y=&raquo;0&#8243;][\/vc_row][vc_row unlock_row_content=&raquo;yes&raquo; row_height_percent=&raquo;0&#8243; override_padding=&raquo;yes&raquo; h_padding=&raquo;0&#8243; top_padding=&raquo;0&#8243; bottom_padding=&raquo;0&#8243; overlay_alpha=&raquo;100&#8243; gutter_size=&raquo;0&#8243; style=&raquo;inherited&raquo;][\/vc_row][vc_row unlock_row_content=&raquo;yes&raquo; row_height_percent=&raquo;0&#8243; override_padding=&raquo;yes&raquo; h_padding=&raquo;0&#8243; top_padding=&raquo;0&#8243; bottom_padding=&raquo;0&#8243; overlay_alpha=&raquo;50&#8243; equal_height=&raquo;yes&raquo; gutter_size=&raquo;0&#8243; shift_y=&raquo;0&#8243;][\/vc_row][vc_row row_height_percent=&raquo;0&#8243; override_padding=&raquo;yes&raquo; h_padding=&raquo;2&#8243; top_padding=&raquo;2&#8243; bottom_padding=&raquo;5&#8243; overlay_alpha=&raquo;50&#8243; gutter_size=&raquo;3&#8243; column_width_percent=&raquo;100&#8243; shift_y=&raquo;0&#8243; z_index=&raquo;0&#8243;][vc_column column_width_use_pixel=&raquo;yes&raquo; gutter_size=&raquo;3&#8243; back_color=&raquo;color-lxmt&raquo; overlay_alpha=&raquo;50&#8243; shift_x=&raquo;0&#8243; shift_y=&raquo;0&#8243; shift_y_down=&raquo;0&#8243; z_index=&raquo;0&#8243; medium_width=&raquo;0&#8243; mobile_width=&raquo;0&#8243; width=&raquo;1\/1&#8243; column_width_pixel=&raquo;900&#8243;][vc_custom_heading heading_semantic=&raquo;h3&#8243; text_font=&raquo;font-385128&#8243; text_size=&raquo;h3&#8243; text_height=&raquo;fontheight-357766&#8243; uncode_shortcode_id=&raquo;183345&#8243;]<span class=\"font-385128\"> \u00abVetspanel er fantastisk. Det er en fin m\u00e5te \u00e5 p\u00e5virke nye produkter og ideer p\u00e5 for \u00e5 hjelpe bedrifter med \u00e5 vite hvordan de best kan betjene veterin\u00e6rer. Vetspanel er utrolig enkel \u00e5 bruke, og veldig interessant og informativt. Det er flott h\u00f8re ideer fra andre fagfolk, og interessant \u00e5 se hvilke nye produkter som er under utvikling. Det er en god m\u00e5te \u00e5 gi tilbake og v\u00e6re en del av fremtiden p\u00e5, samtidig som et er veldig forn\u00f8yelig.\u00bb<\/span>[\/vc_custom_heading][vc_column_text]\u2014 Chris, veterin\u00e6r i Storbritannia[\/vc_column_text][\/vc_column][\/vc_row][vc_row row_height_percent=&raquo;0&#8243; override_padding=&raquo;yes&raquo; h_padding=&raquo;2&#8243; top_padding=&raquo;2&#8243; bottom_padding=&raquo;2&#8243; overlay_alpha=&raquo;100&#8243; gutter_size=&raquo;3&#8243; column_width_percent=&raquo;100&#8243; border_color=&raquo;color-gyho&raquo; border_style=&raquo;solid&raquo; shift_y=&raquo;0&#8243; z_index=&raquo;0&#8243;][vc_column column_width_percent=&raquo;100&#8243; align_horizontal=&raquo;align_center&raquo; gutter_size=&raquo;3&#8243; overlay_alpha=&raquo;100&#8243; shift_x=&raquo;0&#8243; shift_y=&raquo;0&#8243; z_index=&raquo;0&#8243; medium_width=&raquo;0&#8243; zoom_width=&raquo;0&#8243; zoom_height=&raquo;0&#8243; width=&raquo;1\/1&#8243;][vc_custom_heading heading_semantic=&raquo;h4&#8243; text_font=&raquo;font-385128&#8243; text_size=&raquo;h4&#8243; uncode_shortcode_id=&raquo;168488&#8243;]<\/p>\n<h3 style=\"text-align: center;\"><span class=\"font-385128\">V\u00e5re partnere<br \/>\n<\/span><\/h3>\n<p>[\/vc_custom_heading][vc_gallery el_id=&raquo;gallery-85457&#8243; type=&raquo;carousel&raquo; medias=&raquo;88332,88329,88328,88330,88327,88331&#8243; carousel_lg=&raquo;7&#8243; carousel_md=&raquo;5&#8243; carousel_sm=&raquo;3&#8243; gutter_size=&raquo;3&#8243; media_items=&raquo;media|nolink|original,icon&raquo; carousel_interval=&raquo;3000&#8243; carousel_navspeed=&raquo;400&#8243; carousel_loop=&raquo;yes&raquo; stage_padding=&raquo;0&#8243; single_overlay_opacity=&raquo;50&#8243; single_overlay_anim=&raquo;no&raquo; single_text_anim=&raquo;no&raquo; single_image_anim=&raquo;no&raquo; single_padding=&raquo;2&#8243; single_border=&raquo;yes&raquo; title=&raquo;Clients&raquo;][\/vc_column][\/vc_row]<\/p>\n<\/div>","protected":false},"excerpt":{"rendered":"<p>[vc_row unlock_row_content=&raquo;yes&raquo; row_height_percent=&raquo;0&#8243; override_padding=&raquo;yes&raquo; h_padding=&raquo;0&#8243; top_padding=&raquo;0&#8243; bottom_padding=&raquo;0&#8243; overlay_alpha=&raquo;100&#8243; gutter_size=&raquo;0&#8243; style=&raquo;inherited&raquo;][\/vc_row][vc_row unlock_row_content=&raquo;yes&raquo; row_height_percent=&raquo;0&#8243; override_padding=&raquo;yes&raquo; h_padding=&raquo;0&#8243; top_padding=&raquo;0&#8243; bottom_padding=&raquo;0&#8243; overlay_alpha=&raquo;50&#8243; equal_height=&raquo;yes&raquo; gutter_size=&raquo;0&#8243; shift_y=&raquo;0&#8243;][\/vc_row][vc_row [&hellip;]<\/p>\n","protected":false},"author":14,"featured_media":0,"parent":0,"menu_order":0,"comment_status":"closed","ping_status":"closed","template":"","meta":{"_monsterinsights_skip_tracking":false,"_monsterinsights_sitenote_active":false,"_monsterinsights_sitenote_note":"","_monsterinsights_sitenote_category":0,"footnotes":""},"class_list":["post-92225","page","type-page","status-publish","hentry"],"_links":{"self":[{"href":"https:\/\/www.vetspanel.com\/no\/wp-json\/wp\/v2\/pages\/92225","targetHints":{"allow":["GET"]}}],"collection":[{"href":"https:\/\/www.vetspanel.com\/no\/wp-json\/wp\/v2\/pages"}],"about":[{"href":"https:\/\/www.vetspanel.com\/no\/wp-json\/wp\/v2\/types\/page"}],"author":[{"embeddable":true,"href":"https:\/\/www.vetspanel.com\/no\/wp-json\/wp\/v2\/users\/14"}],"replies":[{"embeddable":true,"href":"https:\/\/www.vetspanel.com\/no\/wp-json\/wp\/v2\/comments?post=92225"}],"version-history":[{"count":0,"href":"https:\/\/www.vetspanel.com\/no\/wp-json\/wp\/v2\/pages\/92225\/revisions"}],"wp:attachment":[{"href":"https:\/\/www.vetspanel.com\/no\/wp-json\/wp\/v2\/media?parent=92225"}],"curies":[{"name":"wp","href":"https:\/\/api.w.org\/{rel}","templated":true}]}}