{"id":94544,"date":"2022-06-15T10:41:53","date_gmt":"2022-06-15T10:41:53","guid":{"rendered":"https:\/\/www.vetspanel.com\/94544-2\/"},"modified":"2022-08-07T04:54:08","modified_gmt":"2022-08-07T04:54:08","slug":"94544-2","status":"publish","type":"page","link":"https:\/\/www.vetspanel.com\/fr\/94544-2\/","title":{"rendered":""},"content":{"rendered":"<p><script>\nwindow.scrollTo(0, 0);<\/script><\/p>\n<div class=\"boldgrid-section\">\n<div class=\"container\">\n<div class=\"row\" style=\"padding-top: 75px; padding-bottom: 75px;\">\n<div class=\"col-md-2 col-sm-12 col-xs-12\"><\/div>\n<div class=\"col-md-10 col-xs-12 col-sm-12\">\n<h1 class=\"\" style=\"text-align: left;\">Vous \u00eates enregistr\u00e9 !<\/h1>\n<p class=\"\" style=\"text-align: left;\" data-ccp-props=\"{\"335551550\":1,\"335551620\":1,\"335559683\":0,\"335559685\":0,\"335559731\":0,\"335559737\":0,\"335562764\":2,\"335562765\":1,\"335562766\":4,\"335562767\":0,\"335562768\":4,\"335562769\":0}\"><span data-scheme-color=\"@000000,,\" data-usefontface=\"true\" data-contrast=\"none\">Nous vous remercions de votre candidature pour rejoindre Vetspanel. Gardez l&rsquo;\u0153il ouvert pour votre approbation dans les 2 \u00e0 5 prochains jours ouvrables.  <\/span><\/p>\n<p class=\"\" style=\"text-align: left;\" data-ccp-props=\"{\"335551550\":1,\"335551620\":1,\"335559683\":0,\"335559685\":0,\"335559731\":0,\"335559737\":0,\"335562764\":2,\"335562765\":1,\"335562766\":4,\"335562767\":0,\"335562768\":4,\"335562769\":0}\">\n<\/div>\n<\/div>\n<\/div>\n<\/div>\n<div class=\"boldgrid-section\">\n<div class=\"container\"><\/div>\n<\/div>\n","protected":false},"excerpt":{"rendered":"<p>Vous \u00eates enregistr\u00e9 ! Nous vous remercions de votre candidature pour rejoindre Vetspanel. Gardez l&rsquo;\u0153il ouvert pour votre approbation dans [&hellip;]<\/p>\n","protected":false},"author":2,"featured_media":0,"parent":0,"menu_order":0,"comment_status":"closed","ping_status":"closed","template":"","meta":{"_monsterinsights_skip_tracking":false,"_monsterinsights_sitenote_active":false,"_monsterinsights_sitenote_note":"","_monsterinsights_sitenote_category":0,"footnotes":""},"class_list":["post-94544","page","type-page","status-publish","hentry"],"_links":{"self":[{"href":"https:\/\/www.vetspanel.com\/fr\/wp-json\/wp\/v2\/pages\/94544","targetHints":{"allow":["GET"]}}],"collection":[{"href":"https:\/\/www.vetspanel.com\/fr\/wp-json\/wp\/v2\/pages"}],"about":[{"href":"https:\/\/www.vetspanel.com\/fr\/wp-json\/wp\/v2\/types\/page"}],"author":[{"embeddable":true,"href":"https:\/\/www.vetspanel.com\/fr\/wp-json\/wp\/v2\/users\/2"}],"replies":[{"embeddable":true,"href":"https:\/\/www.vetspanel.com\/fr\/wp-json\/wp\/v2\/comments?post=94544"}],"version-history":[{"count":0,"href":"https:\/\/www.vetspanel.com\/fr\/wp-json\/wp\/v2\/pages\/94544\/revisions"}],"wp:attachment":[{"href":"https:\/\/www.vetspanel.com\/fr\/wp-json\/wp\/v2\/media?parent=94544"}],"curies":[{"name":"wp","href":"https:\/\/api.w.org\/{rel}","templated":true}]}}