{"id":90280,"date":"2020-09-27T00:49:25","date_gmt":"2020-09-27T00:49:25","guid":{"rendered":"https:\/\/www.vetspanel.com\/identifiant\/"},"modified":"2026-03-09T09:31:10","modified_gmt":"2026-03-09T09:31:10","slug":"identifiant","status":"publish","type":"page","link":"https:\/\/www.vetspanel.com\/fr\/identifiant\/","title":{"rendered":"Connexion"},"content":{"rendered":"<div class=\"wpb-content-wrapper\"><p>[vc_row row_height_percent=\u00a0\u00bb0&Prime; back_color=\u00a0\u00bbcolor-rgdb\u00a0\u00bb overlay_alpha=\u00a0\u00bb50&Prime; gutter_size=\u00a0\u00bb3&Prime; column_width_percent=\u00a0\u00bb100&Prime; shift_y=\u00a0\u00bb0&Prime; z_index=\u00a0\u00bb0&Prime; desktop_visibility=\u00a0\u00bbyes\u00a0\u00bb medium_visibility=\u00a0\u00bbyes\u00a0\u00bb mobile_visibility=\u00a0\u00bbyes\u00a0\u00bb inverted_device_order=\u00a0\u00bbyes\u00a0\u00bb auto_height_device=\u00a0\u00bbyes\u00a0\u00bb content_parallax=\u00a0\u00bb0&Prime; uncode_shortcode_id=\u00a0\u00bb300433&Prime; back_color_type=\u00a0\u00bbuncode-palette\u00a0\u00bb][vc_column width=\u00a0\u00bb1\/1&Prime;][vc_row_inner row_inner_height_percent=\u00a0\u00bb0&Prime; overlay_alpha=\u00a0\u00bb50&Prime; gutter_size=\u00a0\u00bb3&Prime; shift_y=\u00a0\u00bb0&Prime; z_index=\u00a0\u00bb0&Prime; uncode_shortcode_id=\u00a0\u00bb141966&Prime;][vc_column_inner width=\u00a0\u00bb1\/6&Prime;][\/vc_column_inner][vc_column_inner width=\u00a0\u00bb2\/3&Prime;][vc_column_text text_lead=\u00a0\u00bbyes\u00a0\u00bb text_color=\u00a0\u00bbcolor-lxmt\u00a0\u00bb uncode_shortcode_id=\u00a0\u00bb610385&Prime; text_color_type=\u00a0\u00bbuncode-palette\u00a0\u00bb]Une maintenance programm\u00e9e aura lieu le lundi 9 mars, de 00h01 \u00e0 05h00 (CET). Pendant cette p\u00e9riode, l\u2019acc\u00e8s au compte et aux enqu\u00eates sera temporairement indisponible.[\/vc_column_text][\/vc_column_inner][vc_column_inner width=\u00a0\u00bb1\/6&Prime;][\/vc_column_inner][\/vc_row_inner][\/vc_column][\/vc_row][vc_row row_height_percent=\u00a0\u00bb0&Prime; override_padding=\u00a0\u00bbyes\u00a0\u00bb h_padding=\u00a0\u00bb2&Prime; top_padding=\u00a0\u00bb1&Prime; bottom_padding=\u00a0\u00bb1&Prime; overlay_alpha=\u00a0\u00bb50&Prime; gutter_size=\u00a0\u00bb3&Prime; column_width_percent=\u00a0\u00bb100&Prime; shift_y=\u00a0\u00bb0&Prime; z_index=\u00a0\u00bb0&Prime;][vc_column column_width_percent=\u00a0\u00bb100&Prime; align_horizontal=\u00a0\u00bbalign_center\u00a0\u00bb gutter_size=\u00a0\u00bb3&Prime; overlay_alpha=\u00a0\u00bb50&Prime; shift_x=\u00a0\u00bb0&Prime; shift_y=\u00a0\u00bb0&Prime; shift_y_down=\u00a0\u00bb0&Prime; z_index=\u00a0\u00bb0&Prime; align_medium=\u00a0\u00bbalign_center_tablet\u00a0\u00bb medium_width=\u00a0\u00bb0&Prime; align_mobile=\u00a0\u00bbalign_center_mobile\u00a0\u00bb mobile_width=\u00a0\u00bb0&Prime; width=\u00a0\u00bb1\/1&Prime;][vc_custom_heading heading_semantic=\u00a0\u00bbh3&Prime; text_font=\u00a0\u00bbfont-385128&Prime; text_size=\u00a0\u00bbfontsize-155944&Prime;]<\/p>\n<h1 style=\"text-align: center;\"><span class=\"font-184920\">Connexion membre<br \/>\n<\/span><\/h1>\n<p>[\/vc_custom_heading][\/vc_column][\/vc_row][vc_row][vc_column column_width_use_pixel=\u00a0\u00bbyes\u00a0\u00bb gutter_size=\u00a0\u00bb3&Prime; font_family=\u00a0\u00bbfont-385128&Prime; back_color=\u00a0\u00bbcolor-lxmt\u00a0\u00bb overlay_alpha=\u00a0\u00bb50&Prime; border_color=\u00a0\u00bbcolor-nhtu\u00a0\u00bb border_style=\u00a0\u00bbsolid\u00a0\u00bb shift_x=\u00a0\u00bb0&Prime; shift_y=\u00a0\u00bb0&Prime; shift_y_down=\u00a0\u00bb0&Prime; z_index=\u00a0\u00bb0&Prime; medium_width=\u00a0\u00bb0&Prime; mobile_width=\u00a0\u00bb0&Prime; column_width_pixel=\u00a0\u00bb600&Prime;][vc_column_text text_lead=\u00a0\u00bbyes\u00a0\u00bb]\n\n    <div class=\"klm live\">\n\n      <form id=\"klm_form\" name=\"klm_form\" class=\"klm-form\"\n      action=\"\/wp-admin\/admin-ajax.php?action=klm_login_action\" method=\"post\"><p class=\"klm-input-container\">\n\n          \n          <input type=\"text\" name=\"klm_username\" placeholder=\"adresse email\" \/>\n          <input type=\"password\" name=\"klm_password\" placeholder=\"Mot de passe\" \/>\n\n        <\/p>\n\n        <p class=\"klm-input-container\">\n\n\n        <\/p><p class=\"klm-input-container\">\n          <input type=\"submit\" name=\"klm_submit\" value=\"Connexion\" class=\"custom-link btn btn-xl btn-custom-typo font-385128 font-weight-600 text-initial no-letterspace border-width-2 btn-text-skin btn-color-rgdb btn-circle btn-outline btn-icon-left\" style=\"min-width:150px\" title=\"Member Login\">\n        <\/p><p><a href=\"https:\/\/www.vetspanel.com\/fr\/\/Reset-Password\">Vous avez oubli\u00e9 votre mot de passe ?<\/a><\/p><p> <a href=\"https:\/\/www.vetspanel.com\/fr\/\/embedded-join\/\"> Pas encore membre\u00a0? Rejoindre<\/a><\/p>\n      <\/form>\n\n    <\/div>\n\n  <br \/>\n[\/vc_column_text][\/vc_column][\/vc_row]<\/p>\n<\/div>","protected":false},"excerpt":{"rendered":"<p>[vc_row row_height_percent=\u00a0\u00bb0&Prime; back_color=\u00a0\u00bbcolor-rgdb\u00a0\u00bb overlay_alpha=\u00a0\u00bb50&Prime; gutter_size=\u00a0\u00bb3&Prime; column_width_percent=\u00a0\u00bb100&Prime; shift_y=\u00a0\u00bb0&Prime; z_index=\u00a0\u00bb0&Prime; desktop_visibility=\u00a0\u00bbyes\u00a0\u00bb medium_visibility=\u00a0\u00bbyes\u00a0\u00bb mobile_visibility=\u00a0\u00bbyes\u00a0\u00bb inverted_device_order=\u00a0\u00bbyes\u00a0\u00bb auto_height_device=\u00a0\u00bbyes\u00a0\u00bb content_parallax=\u00a0\u00bb0&Prime; uncode_shortcode_id=\u00a0\u00bb300433&Prime; back_color_type=\u00a0\u00bbuncode-palette\u00a0\u00bb][vc_column width=\u00a0\u00bb1\/1&Prime;][vc_row_inner row_inner_height_percent=\u00a0\u00bb0&Prime; overlay_alpha=\u00a0\u00bb50&Prime; gutter_size=\u00a0\u00bb3&Prime; [&hellip;]<\/p>\n","protected":false},"author":14,"featured_media":0,"parent":0,"menu_order":0,"comment_status":"closed","ping_status":"closed","template":"","meta":{"_monsterinsights_skip_tracking":false,"_monsterinsights_sitenote_active":false,"_monsterinsights_sitenote_note":"","_monsterinsights_sitenote_category":0,"footnotes":""},"class_list":["post-90280","page","type-page","status-publish","hentry"],"_links":{"self":[{"href":"https:\/\/www.vetspanel.com\/fr\/wp-json\/wp\/v2\/pages\/90280","targetHints":{"allow":["GET"]}}],"collection":[{"href":"https:\/\/www.vetspanel.com\/fr\/wp-json\/wp\/v2\/pages"}],"about":[{"href":"https:\/\/www.vetspanel.com\/fr\/wp-json\/wp\/v2\/types\/page"}],"author":[{"embeddable":true,"href":"https:\/\/www.vetspanel.com\/fr\/wp-json\/wp\/v2\/users\/14"}],"replies":[{"embeddable":true,"href":"https:\/\/www.vetspanel.com\/fr\/wp-json\/wp\/v2\/comments?post=90280"}],"version-history":[{"count":0,"href":"https:\/\/www.vetspanel.com\/fr\/wp-json\/wp\/v2\/pages\/90280\/revisions"}],"wp:attachment":[{"href":"https:\/\/www.vetspanel.com\/fr\/wp-json\/wp\/v2\/media?parent=90280"}],"curies":[{"name":"wp","href":"https:\/\/api.w.org\/{rel}","templated":true}]}}