{"id":95305,"date":"2022-08-30T11:58:44","date_gmt":"2022-08-30T11:58:44","guid":{"rendered":"https:\/\/www.vetspanel.com\/gdprn-tietosuojakaytanto\/"},"modified":"2022-08-31T11:16:32","modified_gmt":"2022-08-31T11:16:32","slug":"gdprn-tietosuojakaytanto","status":"publish","type":"page","link":"https:\/\/www.vetspanel.com\/fi\/gdprn-tietosuojakaytanto\/","title":{"rendered":"GDPR:n tietosuojak\u00e4yt\u00e4nt\u00f6"},"content":{"rendered":"<div class=\"wpb-content-wrapper\"><p>[vc_row][vc_column column_width_percent=&#8221;100&#8243; gutter_size=&#8221;3&#8243; overlay_alpha=&#8221;50&#8243; shift_x=&#8221;0&#8243; shift_y=&#8221;0&#8243; shift_y_down=&#8221;0&#8243; z_index=&#8221;0&#8243; medium_width=&#8221;0&#8243; mobile_width=&#8221;0&#8243; width=&#8221;1\/1&#8243; uncode_shortcode_id=&#8221;277968&#8243;][vc_custom_heading text_color=&#8221;color-prif&#8221; heading_semantic=&#8221;h1&#8243; text_font=&#8221;font-145443&#8243; text_size=&#8221;h1&#8243; text_uppercase=&#8221;&#8221; uncode_shortcode_id=&#8221;767435&#8243; text_color_type=&#8221;uncode-palette&#8221;]<span class=\"font-385128\">GDPR:n tietosuojak\u00e4yt\u00e4nt\u00f6<\/span>[\/vc_custom_heading][\/vc_column][\/vc_row][vc_row row_height_percent=&#8221;0&#8243; override_padding=&#8221;yes&#8221; h_padding=&#8221;2&#8243; top_padding=&#8221;2&#8243; bottom_padding=&#8221;5&#8243; overlay_alpha=&#8221;100&#8243; gutter_size=&#8221;3&#8243; column_width_percent=&#8221;100&#8243; shift_y=&#8221;0&#8243; z_index=&#8221;0&#8243; row_height_use_pixel=&#8221;&#8221; uncode_shortcode_id=&#8221;228376&#8243;][vc_column column_width_percent=&#8221;100&#8243; align_horizontal=&#8221;align_center&#8221; gutter_size=&#8221;3&#8243; overlay_alpha=&#8221;50&#8243; shift_x=&#8221;0&#8243; shift_y=&#8221;0&#8243; shift_y_down=&#8221;0&#8243; z_index=&#8221;0&#8243; medium_width=&#8221;0&#8243; mobile_width=&#8221;0&#8243; zoom_width=&#8221;0&#8243; zoom_height=&#8221;0&#8243; uncode_shortcode_id=&#8221;471945&#8243;][vc_column_text text_lead=&#8221;yes&#8221; uncode_shortcode_id=&#8221;210575&#8243;]<\/p>\n<p style=\"text-align: left;\"><span class=\"font-385128\">T\u00e4m\u00e4 tietosuojak\u00e4yt\u00e4nt\u00f6 viittaa henkil\u00f6tietojen ker\u00e4\u00e4miseen CM Researchin tai Vetspanelin toimesta ja koskee mit\u00e4 tahansa kyselyyn tai paneeliin liittyv\u00e4\u00e4 syyt\u00e4 ker\u00e4ttyihin henkil\u00f6tietoihin.<\/span><\/p>\n<p style=\"text-align: left;\"><span class=\"font-385128\"><strong>KEIT\u00c4 OLEMME:<\/strong><\/span><\/p>\n<p style=\"text-align: left;\"><span class=\"font-385128\">Vetspanel on verkossa toimiva riippumaton el\u00e4inl\u00e4\u00e4kint\u00e4alan ammattilaisten mielipidepaneeli, jonka omistaa ja hallinnoi CM Research Ltd. CM Research tekee my\u00f6s markkinatutkimustutkimuksia. Toimipaikkamme on:<br \/>\nFirst Floor,<br \/>\n74 Church Street,<br \/>\nLeatherhead<br \/>\nSurrey<br \/>\nKT22 8ER<br \/>\nYhdistynyt kuningaskunta<br \/>\n<a href=\"https:\/\/www.cm-research.com\/\" target=\"\u201d_blank\u201d\" rel=\"noopener\">https:\/\/www.cm-research.com\/<\/a> <\/span><\/p>\n<p style=\"text-align: left;\"><span class=\"font-385128\">Jos sinulla on GDPR- tai tietosuojakysymyksi\u00e4, ota yhteytt\u00e4 tietosuojavastaavaamme osoitteessa <a href=\"mailto:gdpr@cm-research.com\" target=\"blank\" rel=\"noopener\">gdpr@cm-research.com<\/a>. Jos sinulla on yleisi\u00e4 kysymyksi\u00e4, ota meihin yhteytt\u00e4 osoitteeseen <a href=\"mailto:contact@vetspanel.com\" target=\"blank\" rel=\"noopener\">contact@vetspanel.com<\/a>.<\/span><\/p>\n<p style=\"text-align: left;\"><span class=\"font-385128\"><strong>MIT\u00c4 TEEMME JA MIKSI?<\/strong><\/span><\/p>\n<p style=\"text-align: left;\"><span class=\"font-385128\">Ker\u00e4\u00e4m\u00e4mme henkil\u00f6tiedot vaihtelevat tilanteen mukaan, mutta yleens\u00e4 henkil\u00f6tietoja ovat mm.<br \/>\n\u2022 Nimi<br \/>\n\u2022 Kotiosoite \/ klinikan osoite<br \/>\n\u2022 Puhelinnumero<br \/>\n\u2022 S\u00e4hk\u00f6postiosoite<br \/>\n\u2022 Syntym\u00e4aika<br \/>\n\u2022 \u00c4\u00e4nitt\u00e4minen<br \/>\n\u2022 Valokuva\/video kasvoista<\/span><\/p>\n<p style=\"text-align: left;\"><span class=\"font-385128\">Ker\u00e4\u00e4mme henkil\u00f6tietoja vain markkinatutkimusta varten ja vain suostumuksesi perusteella. Erityisi\u00e4 markkinatutkimusteht\u00e4vi\u00e4, joihin k\u00e4yt\u00e4mme henkil\u00f6tietoja, ovat: <\/span><\/p>\n<p style=\"text-align: left;\"><span class=\"font-385128\">\u2022 Rekrytoimaan paneeliin<br \/>\n\u2022 Panelistien kutsuminen kyselyihin (s\u00e4hk\u00f6postitse)<br \/>\n\u2022 Ottaa yhteytt\u00e4 panelisteihin heid\u00e4n profiilistaan \u200b\u200bpuuttuvista tiedoista (s\u00e4hk\u00f6postitse)<br \/>\n\u2022 Maksaa ei-panelisteille osallistumisesta kyselyyn<br \/>\n\u2022 Rekrytoida kasvokkain tai puhelinkyselyyn<br \/>\n\u2022 Suorittaa kasvokkain tai puhelinkysely rekrytoinnin j\u00e4lkeen<\/span><\/p>\n<p style=\"text-align: left;\"><span class=\"font-385128\">Soveltuva syy ilmoitetaan noutopisteess\u00e4, ja nimenomainen suostumus pyydet\u00e4\u00e4n aina.<\/span><\/p>\n<p style=\"text-align: left;\"><span class=\"font-385128\">CM Researchin ty\u00f6ntekij\u00e4t ty\u00f6skentelev\u00e4t Isossa-Britanniassa, joka kuuluu Yhdistyneen kuningaskunnan GDPR:n piiriin, ja my\u00f6s Espanjassa, jossa EU:n GDPR:\u00e4\u00e4 sovelletaan samoilla rajoituksilla. Henkil\u00f6tietoja (mukaan lukien video-\/\u00e4\u00e4nitallenteet) ei koskaan jaeta CM Researchin ulkopuolelle ilman nimenomaista suostumustasi.<\/span><\/p>\n<p style=\"text-align: left;\"><span class=\"font-385128\"><strong>S\u00c4ILYTYSAIKA<\/strong><\/span><\/p>\n<p style=\"text-align: left;\"><span class=\"font-385128\">Kaikki tiettyyn kyselyyn liittyv\u00e4t henkil\u00f6tiedot poistetaan kolmen kuukauden kuluttua hankkeen p\u00e4\u00e4ttymisest\u00e4. <\/span><\/p>\n<p style=\"text-align: left;\"><span class=\"font-385128\">Paneeliin tallennettuja henkil\u00f6tietoja s\u00e4ilytet\u00e4\u00e4n 2 vuotta viimeisest\u00e4 kyselyyn osallistumisesta, jolloin panelistiin otetaan yhteytt\u00e4 ja kysyt\u00e4\u00e4n, haluavatko he pysy\u00e4 paneelissa.<\/span><\/p>\n<p style=\"text-align: left;\"><span class=\"font-385128\"><strong>OIKEUTESI<\/strong><\/span><\/p>\n<p style=\"text-align: left;\"><span class=\"font-385128\">Sinulla ei ole velvollisuutta luovuttaa henkil\u00f6tietoja CM Research\/Vetspanelille ja sinulla on oikeus kielt\u00e4yty\u00e4. T\u00e4m\u00e4 voi johtaa siihen, ett\u00e4 et voi osallistua kyselyyn tai emme voi maksaa sinulle.<\/span><\/p>\n<p style=\"text-align: left;\"><span class=\"font-385128\">Jos muutat mielt\u00e4si kyselyyn osallistumisesta (oikeus peruuttaa suostumus), voit tehd\u00e4 yhden seuraavista:<\/span><\/p>\n<p style=\"text-align: left;\"><span class=\"font-385128\">\u2022 Jos olet kyselyn puoliv\u00e4liss\u00e4, sulje selain tai ilmoita haastattelijalle, ett\u00e4 et en\u00e4\u00e4 halua osallistua.<br \/>\n\u2022 Jos olet jo suorittanut kyselyn, ota yhteytt\u00e4 osoitteeseen <a href=\"mailto:contact@vetspanel.com\" target=\"blank\" rel=\"noopener\">contact@vetspanel.com<\/a> <\/span><\/p>\n<p style=\"text-align: left;\"><span class=\"font-385128\">Sinulla on oikeus tarkastella tai muuttaa tietoja, joita meill\u00e4 on sinusta. Ota yhteytt\u00e4 osoitteeseen <a href=\"mailto:gdpr@cm-research.com\" target=\"blank\" rel=\"noopener\">gdpr@cm-research.com<\/a>, niin l\u00e4het\u00e4mme sinulle sopivan pyynt\u00f6lomakkeen.<\/span><\/p>\n<p style=\"text-align: left;\"><span class=\"font-385128\">Sinulla on my\u00f6s oikeus pyyt\u00e4\u00e4, ett\u00e4 poistamme kaikki hallussamme olevat sinusta tiedot (oikeus poistaa). Ota viel\u00e4 kerran yhteytt\u00e4 osoitteeseen <a href=\"mailto:gdpr@cm-research.com\" target=\"blank\" rel=\"noopener\">gdpr@cm-research.com<\/a>, niin l\u00e4het\u00e4mme sinulle sopivan pyynt\u00f6lomakkeen.<\/span><\/p>\n<p style=\"text-align: left;\"><span class=\"font-385128\">Jos haluat tehd\u00e4 GDPR:\u00e4\u00e4n liittyv\u00e4n valituksen CM Researchist\u00e4 tai Vetspanelista, ota ensin yhteytt\u00e4 meihin osoitteessa <a href=\"mailto:gdpr@cm-research.com\" target=\"blank\" rel=\"noopener\">gdpr@cm-research.com<\/a>tai muuten ota yhteytt\u00e4 Information Commissioner&#8217;s Officeen (ICO) osoitteessa <a href=\"https:\/\/ico.org.uk\/\" target=\"\u201d_blank\u201d\" rel=\"noopener\">https:\/\/ico.org.uk\/<\/a> <\/span><\/p>\n<p>[\/vc_column_text][\/vc_column][\/vc_row]<\/p>\n<\/div>","protected":false},"excerpt":{"rendered":"<p>[vc_row][vc_column column_width_percent=&#8221;100&#8243; gutter_size=&#8221;3&#8243; overlay_alpha=&#8221;50&#8243; shift_x=&#8221;0&#8243; shift_y=&#8221;0&#8243; shift_y_down=&#8221;0&#8243; z_index=&#8221;0&#8243; medium_width=&#8221;0&#8243; mobile_width=&#8221;0&#8243; width=&#8221;1\/1&#8243; uncode_shortcode_id=&#8221;277968&#8243;][vc_custom_heading text_color=&#8221;color-prif&#8221; heading_semantic=&#8221;h1&#8243; text_font=&#8221;font-145443&#8243; text_size=&#8221;h1&#8243; text_uppercase=&#8221;&#8221; uncode_shortcode_id=&#8221;767435&#8243; text_color_type=&#8221;uncode-palette&#8221;]GDPR:n tietosuojak\u00e4yt\u00e4nt\u00f6[\/vc_custom_heading][\/vc_column][\/vc_row][vc_row [&hellip;]<\/p>\n","protected":false},"author":14,"featured_media":0,"parent":0,"menu_order":0,"comment_status":"closed","ping_status":"closed","template":"","meta":{"_monsterinsights_skip_tracking":false,"_monsterinsights_sitenote_active":false,"_monsterinsights_sitenote_note":"","_monsterinsights_sitenote_category":0,"footnotes":""},"class_list":["post-95305","page","type-page","status-publish","hentry"],"_links":{"self":[{"href":"https:\/\/www.vetspanel.com\/fi\/wp-json\/wp\/v2\/pages\/95305","targetHints":{"allow":["GET"]}}],"collection":[{"href":"https:\/\/www.vetspanel.com\/fi\/wp-json\/wp\/v2\/pages"}],"about":[{"href":"https:\/\/www.vetspanel.com\/fi\/wp-json\/wp\/v2\/types\/page"}],"author":[{"embeddable":true,"href":"https:\/\/www.vetspanel.com\/fi\/wp-json\/wp\/v2\/users\/14"}],"replies":[{"embeddable":true,"href":"https:\/\/www.vetspanel.com\/fi\/wp-json\/wp\/v2\/comments?post=95305"}],"version-history":[{"count":0,"href":"https:\/\/www.vetspanel.com\/fi\/wp-json\/wp\/v2\/pages\/95305\/revisions"}],"wp:attachment":[{"href":"https:\/\/www.vetspanel.com\/fi\/wp-json\/wp\/v2\/media?parent=95305"}],"curies":[{"name":"wp","href":"https:\/\/api.w.org\/{rel}","templated":true}]}}