{"id":93669,"date":"2021-02-15T00:41:11","date_gmt":"2021-02-15T00:41:11","guid":{"rendered":"https:\/\/www.vetspanel.com\/yksityisyyden-suojamenettely\/"},"modified":"2024-06-20T13:35:10","modified_gmt":"2024-06-20T13:35:10","slug":"yksityisyyden-suojamenettely","status":"publish","type":"page","link":"https:\/\/www.vetspanel.com\/fi\/yksityisyyden-suojamenettely\/","title":{"rendered":"VETSPANELIN TIETOSUOJAK\u00c4YT\u00c4NT\u00d6"},"content":{"rendered":"<div class=\"wpb-content-wrapper\"><p>[vc_row][vc_column column_width_percent=&#8221;100&#8243; gutter_size=&#8221;3&#8243; overlay_alpha=&#8221;50&#8243; shift_x=&#8221;0&#8243; shift_y=&#8221;0&#8243; shift_y_down=&#8221;0&#8243; z_index=&#8221;0&#8243; medium_width=&#8221;0&#8243; mobile_width=&#8221;0&#8243; width=&#8221;1\/1&#8243; uncode_shortcode_id=&#8221;277968&#8243;][vc_custom_heading text_color=&#8221;color-prif&#8221; heading_semantic=&#8221;h1&#8243; text_font=&#8221;font-385128&#8243; text_size=&#8221;h1&#8243; sub_lead=&#8221;yes&#8221; text_uppercase=&#8221;&#8221; uncode_shortcode_id=&#8221;337690&#8243; text_color_type=&#8221;uncode-palette&#8221; subheading=&#8221;P\u00e4ivitetty viimeksi: Kes\u00e4kuu 2024&#8243;]<span class=\"font-385128\">VETSPANELIN TIETOSUOJAK\u00c4YT\u00c4NT\u00d6<\/span>[\/vc_custom_heading][\/vc_column][\/vc_row][vc_row][vc_column width=&#8221;1\/1&#8243;][vc_button border_width=&#8221;0&#8243; link=&#8221;url:https%3A%2F%2Fwww.vetspanel.com%2Fwp-content%2Fuploads%2F2024%2F06%2FKynetec-Privacy-Notice-Jun-2024.final_.version_FI.pdf|target:_blank&#8221; uncode_shortcode_id=&#8221;122001&#8243;]Katso tietosuojak\u00e4yt\u00e4nt\u00f6[\/vc_button][\/vc_column][\/vc_row]<\/p>\n<\/div>","protected":false},"excerpt":{"rendered":"<p>[vc_row][vc_column column_width_percent=&#8221;100&#8243; gutter_size=&#8221;3&#8243; overlay_alpha=&#8221;50&#8243; shift_x=&#8221;0&#8243; shift_y=&#8221;0&#8243; shift_y_down=&#8221;0&#8243; z_index=&#8221;0&#8243; medium_width=&#8221;0&#8243; mobile_width=&#8221;0&#8243; width=&#8221;1\/1&#8243; uncode_shortcode_id=&#8221;277968&#8243;][vc_custom_heading text_color=&#8221;color-prif&#8221; heading_semantic=&#8221;h1&#8243; text_font=&#8221;font-385128&#8243; text_size=&#8221;h1&#8243; sub_lead=&#8221;yes&#8221; text_uppercase=&#8221;&#8221; uncode_shortcode_id=&#8221;337690&#8243; text_color_type=&#8221;uncode-palette&#8221; [&hellip;]<\/p>\n","protected":false},"author":2,"featured_media":0,"parent":0,"menu_order":0,"comment_status":"closed","ping_status":"closed","template":"","meta":{"_monsterinsights_skip_tracking":false,"_monsterinsights_sitenote_active":false,"_monsterinsights_sitenote_note":"","_monsterinsights_sitenote_category":0,"footnotes":""},"class_list":["post-93669","page","type-page","status-publish","hentry"],"_links":{"self":[{"href":"https:\/\/www.vetspanel.com\/fi\/wp-json\/wp\/v2\/pages\/93669","targetHints":{"allow":["GET"]}}],"collection":[{"href":"https:\/\/www.vetspanel.com\/fi\/wp-json\/wp\/v2\/pages"}],"about":[{"href":"https:\/\/www.vetspanel.com\/fi\/wp-json\/wp\/v2\/types\/page"}],"author":[{"embeddable":true,"href":"https:\/\/www.vetspanel.com\/fi\/wp-json\/wp\/v2\/users\/2"}],"replies":[{"embeddable":true,"href":"https:\/\/www.vetspanel.com\/fi\/wp-json\/wp\/v2\/comments?post=93669"}],"version-history":[{"count":0,"href":"https:\/\/www.vetspanel.com\/fi\/wp-json\/wp\/v2\/pages\/93669\/revisions"}],"wp:attachment":[{"href":"https:\/\/www.vetspanel.com\/fi\/wp-json\/wp\/v2\/media?parent=93669"}],"curies":[{"name":"wp","href":"https:\/\/api.w.org\/{rel}","templated":true}]}}