{"id":95312,"date":"2022-08-30T11:58:44","date_gmt":"2022-08-30T11:58:44","guid":{"rendered":"https:\/\/www.vetspanel.com\/politica-de-privacidad-del-rgpd\/"},"modified":"2022-08-31T15:34:42","modified_gmt":"2022-08-31T15:34:42","slug":"politica-de-privacidad-del-rgpd","status":"publish","type":"page","link":"https:\/\/www.vetspanel.com\/es\/politica-de-privacidad-del-rgpd\/","title":{"rendered":"Pol\u00edtica de privacidad del RGPD"},"content":{"rendered":"<div class=\"wpb-content-wrapper\"><p>[vc_row][vc_column column_width_percent=\u00bb100&#8243; gutter_size=\u00bb3&#8243; overlay_alpha=\u00bb50&#8243; shift_x=\u00bb0&#8243; shift_y=\u00bb0&#8243; shift_y_down=\u00bb0&#8243; z_index=\u00bb0&#8243; medium_width=\u00bb0&#8243; mobile_width=\u00bb0&#8243; width=\u00bb1\/1&#8243; uncode_shortcode_id=\u00bb277968&#8243;][vc_custom_heading text_color=\u00bbcolor-prif\u00bb heading_semantic=\u00bbh1&#8243; text_font=\u00bbfont-145443&#8243; text_size=\u00bbh1&#8243; text_uppercase=\u00bb\u00bb uncode_shortcode_id=\u00bb767435&#8243; text_color_type=\u00bbuncode-palette\u00bb]<span class=\"font-385128\">Pol\u00edtica de privacidad del RGPD<\/span>[\/vc_custom_heading][\/vc_column][\/vc_row][vc_row row_height_percent=\u00bb0&#8243; override_padding=\u00bbyes\u00bb h_padding=\u00bb2&#8243; top_padding=\u00bb2&#8243; bottom_padding=\u00bb5&#8243; overlay_alpha=\u00bb100&#8243; gutter_size=\u00bb3&#8243; column_width_percent=\u00bb100&#8243; shift_y=\u00bb0&#8243; z_index=\u00bb0&#8243; row_height_use_pixel=\u00bb\u00bb uncode_shortcode_id=\u00bb228376&#8243;][vc_column column_width_percent=\u00bb100&#8243; align_horizontal=\u00bbalign_center\u00bb gutter_size=\u00bb3&#8243; overlay_alpha=\u00bb50&#8243; shift_x=\u00bb0&#8243; shift_y=\u00bb0&#8243; shift_y_down=\u00bb0&#8243; z_index=\u00bb0&#8243; medium_width=\u00bb0&#8243; mobile_width=\u00bb0&#8243; zoom_width=\u00bb0&#8243; zoom_height=\u00bb0&#8243; uncode_shortcode_id=\u00bb471945&#8243;][vc_column_text text_lead=\u00bbyes\u00bb uncode_shortcode_id=\u00bb210575&#8243;]<\/p>\n<p style=\"text-align: left;\"><span class=\"font-385128\">Esta pol\u00edtica de privacidad hace referencia a la recopilaci\u00f3n de datos personales por parte de CM Research o Vetspanel, y se relaciona con cualquier dato personal recopilado por cualquier motivo relacionado con encuestas o paneles.<\/span><\/p>\n<p style=\"text-align: left;\"><span class=\"font-385128\"><strong>QUIENES SOMOS:<\/strong><\/span><\/p>\n<p style=\"text-align: left;\"><span class=\"font-385128\">Vetspanel es un panel de opini\u00f3n independiente en l\u00ednea de profesionales veterinarios, propiedad y administrado por CM Research Ltd. CM Research tambi\u00e9n realiza encuestas de investigaci\u00f3n de mercado. Estamos ubicados en:<br \/>\nFirst Floor,<br \/>\n74 Church Street,<br \/>\nLeatherhead<br \/>\nSurrey<br \/>\nKT22 8ER<br \/>\nReino Unido<br \/>\n<a href=\"https:\/\/www.cm-research.com\/\" target=\"\u201d_blank\u201d\" rel=\"noopener\">https:\/\/www.cm-research.com\/<\/a> <\/span><\/p>\n<p style=\"text-align: left;\"><span class=\"font-385128\">Para cualquier consulta sobre el RGPD o la protecci\u00f3n de datos, comun\u00edquese con nuestro responsable de protecci\u00f3n de datos en <a href=\"mailto:gdpr@cm-research.com\" target=\"blank\" rel=\"noopener\">gdpr@cm-research.com<\/a>. Para consultas m\u00e1s generales, cont\u00e1ctenos en <a href=\"mailto:contact@vetspanel.com\" target=\"blank\" rel=\"noopener\">contact@vetspanel.com<\/a>.<\/span><\/p>\n<p style=\"text-align: left;\"><span class=\"font-385128\"><strong>\u00bfQU\u00c9 HACEMOS Y POR QU\u00c9?<\/strong><\/span><\/p>\n<p style=\"text-align: left;\"><span class=\"font-385128\">Los datos personales que recopilamos var\u00edan seg\u00fan la situaci\u00f3n, pero en general, los datos personales incluyen:<br \/>\n\u2022 Nombre<br \/>\n\u2022 Direcci\u00f3n de casa \/ Direcci\u00f3n de la cl\u00ednica<br \/>\n\u2022 N\u00famero de tel\u00e9fono<br \/>\n\u2022 Direcci\u00f3n de correo electr\u00f3nico<br \/>\n\u2022 Fecha de nacimiento<br \/>\n\u2022 Grabaci\u00f3n de voz<br \/>\n\u2022 Foto\/video de la cara<\/span><\/p>\n<p style=\"text-align: left;\"><span class=\"font-385128\">Recopilamos datos personales solo para estudios de mercado y solo con su consentimiento. Las tareas espec\u00edficas de investigaci\u00f3n de mercado para las que utilizamos los datos personales incluyen: <\/span><\/p>\n<p style=\"text-align: left;\"><span class=\"font-385128\">\u2022 Para reclutar para el panel<br \/>\n\u2022 Para invitar panelistas a encuestas (por correo electr\u00f3nico)<br \/>\n\u2022 Para contactar a los panelistas sobre informaci\u00f3n faltante en su perfil (por correo electr\u00f3nico)<br \/>\n\u2022 Para pagar a los no panelistas por participar en una encuesta<br \/>\n\u2022 Para reclutar para una encuesta en persona o por tel\u00e9fono<br \/>\n\u2022 Para realizar una encuesta cara a cara o por tel\u00e9fono, despu\u00e9s de la contrataci\u00f3n<\/span><\/p>\n<p style=\"text-align: left;\"><span class=\"font-385128\">El motivo que proceda se especificar\u00e1 en el momento de la recogida, y siempre se solicitar\u00e1 el consentimiento expl\u00edcito.<\/span><\/p>\n<p style=\"text-align: left;\"><span class=\"font-385128\">Los empleados de CM Research tienen su sede en el Reino Unido, que est\u00e1 cubierto por el RGPD del Reino Unido, y tambi\u00e9n en Espa\u00f1a, donde se aplica el RGPD de la UE con las mismas restricciones. Los datos personales (incluidas las grabaciones de video\/audio) nunca se comparten fuera de CM Research sin su consentimiento expl\u00edcito.<\/span><\/p>\n<p style=\"text-align: left;\"><span class=\"font-385128\"><strong>PERIODO DE RETENCI\u00d3N<\/strong><\/span><\/p>\n<p style=\"text-align: left;\"><span class=\"font-385128\">Todos los datos personales relacionados con una encuesta en particular se eliminar\u00e1n tres meses despu\u00e9s del cierre del proyecto. <\/span><\/p>\n<p style=\"text-align: left;\"><span class=\"font-385128\">Los datos personales almacenados en el panel se conservar\u00e1n hasta 2 a\u00f1os despu\u00e9s de la \u00faltima participaci\u00f3n en la encuesta, momento en el cual se contactar\u00e1 al panelista y se le preguntar\u00e1 si desea permanecer en el panel.<\/span><\/p>\n<p style=\"text-align: left;\"><span class=\"font-385128\"><strong>TUS DERECHOS<\/strong><\/span><\/p>\n<p style=\"text-align: left;\"><span class=\"font-385128\">No tiene la obligaci\u00f3n de proporcionar datos personales a CM Research\/Vetspanel y tiene derecho a negarse. Esto puede resultar en que usted no pueda participar en la encuesta o que nosotros no podamos pagarle.<\/span><\/p>\n<p style=\"text-align: left;\"><span class=\"font-385128\">Si cambia de opini\u00f3n acerca de participar en una encuesta (el derecho a retirar el consentimiento), puede hacer una de las siguientes cosas:<\/span><\/p>\n<p style=\"text-align: left;\"><span class=\"font-385128\">\u2022 Si est\u00e1 en la mitad de la encuesta, simplemente cierre su navegador o informe al entrevistador que ya no desea participar.<br \/>\n\u2022 Si ya termin\u00f3 la encuesta, cont\u00e1ctenos en <a href=\"mailto:contact@vetspanel.com\" target=\"blank\" rel=\"noopener\">contact@vetspanel.com<\/a> <\/span><\/p>\n<p style=\"text-align: left;\"><span class=\"font-385128\">Tiene derecho a ver o modificar los datos que tenemos sobre usted. P\u00f3ngase en contacto con nosotros en <a href=\"mailto:gdpr@cm-research.com\" target=\"blank\" rel=\"noopener\">gdpr@cm-research.com<\/a> y le enviaremos el formulario de solicitud correspondiente.<\/span><\/p>\n<p style=\"text-align: left;\"><span class=\"font-385128\">Tambi\u00e9n tiene derecho a solicitar que eliminemos todos los datos que tenemos sobre usted (el derecho a borrar). Una vez m\u00e1s, p\u00f3ngase en contacto con nosotros en <a href=\"mailto:gdpr@cm-research.com\" target=\"blank\" rel=\"noopener\">gdpr@cm-research.com<\/a> y le enviaremos el formulario de solicitud correspondiente.<\/span><\/p>\n<p style=\"text-align: left;\"><span class=\"font-385128\">Si desea presentar una queja relacionada con el RGPD sobre CM Research o Vetspanel, cont\u00e1ctenos en primera instancia en <a href=\"mailto:gdpr@cm-research.com\" target=\"blank\" rel=\"noopener\">gdpr@cm-research.com<\/a>, o comun\u00edquese con la Oficina del Comisionado de Informaci\u00f3n (ICO) en <a href=\"https:\/\/ico.org.uk\/\" target=\"\u201d_blank\u201d\" rel=\"noopener\">https:\/\/ico.org.uk\/<\/a> <\/span><\/p>\n<p>[\/vc_column_text][\/vc_column][\/vc_row]<\/p>\n<\/div>","protected":false},"excerpt":{"rendered":"<p>[vc_row][vc_column column_width_percent=\u00bb100&#8243; gutter_size=\u00bb3&#8243; overlay_alpha=\u00bb50&#8243; shift_x=\u00bb0&#8243; shift_y=\u00bb0&#8243; shift_y_down=\u00bb0&#8243; z_index=\u00bb0&#8243; medium_width=\u00bb0&#8243; mobile_width=\u00bb0&#8243; width=\u00bb1\/1&#8243; uncode_shortcode_id=\u00bb277968&#8243;][vc_custom_heading text_color=\u00bbcolor-prif\u00bb heading_semantic=\u00bbh1&#8243; text_font=\u00bbfont-145443&#8243; text_size=\u00bbh1&#8243; text_uppercase=\u00bb\u00bb uncode_shortcode_id=\u00bb767435&#8243; text_color_type=\u00bbuncode-palette\u00bb]Pol\u00edtica de [&hellip;]<\/p>\n","protected":false},"author":14,"featured_media":0,"parent":0,"menu_order":0,"comment_status":"closed","ping_status":"closed","template":"","meta":{"_monsterinsights_skip_tracking":false,"_monsterinsights_sitenote_active":false,"_monsterinsights_sitenote_note":"","_monsterinsights_sitenote_category":0,"footnotes":""},"class_list":["post-95312","page","type-page","status-publish","hentry"],"_links":{"self":[{"href":"https:\/\/www.vetspanel.com\/es\/wp-json\/wp\/v2\/pages\/95312","targetHints":{"allow":["GET"]}}],"collection":[{"href":"https:\/\/www.vetspanel.com\/es\/wp-json\/wp\/v2\/pages"}],"about":[{"href":"https:\/\/www.vetspanel.com\/es\/wp-json\/wp\/v2\/types\/page"}],"author":[{"embeddable":true,"href":"https:\/\/www.vetspanel.com\/es\/wp-json\/wp\/v2\/users\/14"}],"replies":[{"embeddable":true,"href":"https:\/\/www.vetspanel.com\/es\/wp-json\/wp\/v2\/comments?post=95312"}],"version-history":[{"count":0,"href":"https:\/\/www.vetspanel.com\/es\/wp-json\/wp\/v2\/pages\/95312\/revisions"}],"wp:attachment":[{"href":"https:\/\/www.vetspanel.com\/es\/wp-json\/wp\/v2\/media?parent=95312"}],"curies":[{"name":"wp","href":"https:\/\/api.w.org\/{rel}","templated":true}]}}