{"id":94727,"date":"2021-05-12T11:11:52","date_gmt":"2021-05-12T11:11:52","guid":{"rendered":"https:\/\/www.vetspanel.com\/pantalla-de-encuesta\/"},"modified":"2023-05-09T14:44:02","modified_gmt":"2023-05-09T14:44:02","slug":"pantalla-de-encuesta","status":"publish","type":"page","link":"https:\/\/www.vetspanel.com\/es\/pantalla-de-encuesta\/","title":{"rendered":"Pantalla de encuesta"},"content":{"rendered":"<div class=\"wpb-content-wrapper\"><p>[vc_row][vc_column column_width_percent=\u00bb100&#8243; align_horizontal=\u00bbalign_center\u00bb gutter_size=\u00bb3&#8243; overlay_alpha=\u00bb50&#8243; shift_x=\u00bb0&#8243; shift_y=\u00bb0&#8243; shift_y_down=\u00bb0&#8243; z_index=\u00bb0&#8243; medium_width=\u00bb0&#8243; mobile_width=\u00bb0&#8243; width=\u00bb1\/1&#8243;][vc_icon icon=\u00bbfa fa-close\u00bb icon_color=\u00bbcolor-rgdb\u00bb size=\u00bbfa-5x\u00bb][\/vc_icon][\/vc_column][\/vc_row][vc_row][vc_column column_width_percent=\u00bb100&#8243; align_horizontal=\u00bbalign_center\u00bb gutter_size=\u00bb3&#8243; overlay_alpha=\u00bb50&#8243; shift_x=\u00bb0&#8243; shift_y=\u00bb0&#8243; shift_y_down=\u00bb0&#8243; z_index=\u00bb0&#8243; medium_width=\u00bb0&#8243; mobile_width=\u00bb0&#8243; width=\u00bb1\/1&#8243;][vc_custom_heading uncode_shortcode_id=\u00bb872688&#8243;]<span class=\"font-385128\">Lamentablemente, en esta ocasi\u00f3n no cumpliste los criterios de selecci\u00f3n para esta investigaci\u00f3n. Si los requisitos cambian, contactaremos contigo nuevamente. <\/span>[\/vc_custom_heading][\/vc_column][\/vc_row][vc_row][vc_column column_width_percent=\u00bb100&#8243; align_horizontal=\u00bbalign_center\u00bb gutter_size=\u00bb3&#8243; overlay_alpha=\u00bb50&#8243; shift_x=\u00bb0&#8243; shift_y=\u00bb0&#8243; shift_y_down=\u00bb0&#8243; z_index=\u00bb0&#8243; medium_width=\u00bb0&#8243; mobile_width=\u00bb0&#8243; width=\u00bb1\/1&#8243; uncode_shortcode_id=\u00bb206923&#8243;][vc_button button_color=\u00bbcolor-rgdb\u00bb size=\u00bbbtn-xl\u00bb radius=\u00bbbtn-circle\u00bb hover_fx=\u00bboutlined\u00bb outline=\u00bbyes\u00bb text_skin=\u00bbyes\u00bb custom_typo=\u00bbyes\u00bb font_family=\u00bbfont-385128&#8243; font_weight=\u00bb600&#8243; border_width=\u00bb2&#8243; link=\u00bburl:https%3A%2F%2Fwww.vetspanel.com%2Fes%2Finiciar-sesion%2F|title:Crear%20mi%20Cuenta|\u00bb width=\u00bb150&#8243; button_color_type=\u00bbuncode-palette\u00bb uncode_shortcode_id=\u00bb247342&#8243;]Iniciar sesi\u00f3n[\/vc_button][\/vc_column][\/vc_row]<\/p>\n<\/div>","protected":false},"excerpt":{"rendered":"<p>[vc_row][vc_column column_width_percent=\u00bb100&#8243; align_horizontal=\u00bbalign_center\u00bb gutter_size=\u00bb3&#8243; overlay_alpha=\u00bb50&#8243; shift_x=\u00bb0&#8243; shift_y=\u00bb0&#8243; shift_y_down=\u00bb0&#8243; z_index=\u00bb0&#8243; medium_width=\u00bb0&#8243; mobile_width=\u00bb0&#8243; width=\u00bb1\/1&#8243;][vc_icon icon=\u00bbfa fa-close\u00bb icon_color=\u00bbcolor-rgdb\u00bb size=\u00bbfa-5x\u00bb][\/vc_icon][\/vc_column][\/vc_row][vc_row][vc_column column_width_percent=\u00bb100&#8243; align_horizontal=\u00bbalign_center\u00bb gutter_size=\u00bb3&#8243; overlay_alpha=\u00bb50&#8243; [&hellip;]<\/p>\n","protected":false},"author":2,"featured_media":0,"parent":0,"menu_order":0,"comment_status":"closed","ping_status":"closed","template":"","meta":{"_monsterinsights_skip_tracking":false,"_monsterinsights_sitenote_active":false,"_monsterinsights_sitenote_note":"","_monsterinsights_sitenote_category":0,"footnotes":""},"class_list":["post-94727","page","type-page","status-publish","hentry"],"_links":{"self":[{"href":"https:\/\/www.vetspanel.com\/es\/wp-json\/wp\/v2\/pages\/94727","targetHints":{"allow":["GET"]}}],"collection":[{"href":"https:\/\/www.vetspanel.com\/es\/wp-json\/wp\/v2\/pages"}],"about":[{"href":"https:\/\/www.vetspanel.com\/es\/wp-json\/wp\/v2\/types\/page"}],"author":[{"embeddable":true,"href":"https:\/\/www.vetspanel.com\/es\/wp-json\/wp\/v2\/users\/2"}],"replies":[{"embeddable":true,"href":"https:\/\/www.vetspanel.com\/es\/wp-json\/wp\/v2\/comments?post=94727"}],"version-history":[{"count":0,"href":"https:\/\/www.vetspanel.com\/es\/wp-json\/wp\/v2\/pages\/94727\/revisions"}],"wp:attachment":[{"href":"https:\/\/www.vetspanel.com\/es\/wp-json\/wp\/v2\/media?parent=94727"}],"curies":[{"name":"wp","href":"https:\/\/api.w.org\/{rel}","templated":true}]}}