{"id":94553,"date":"2022-06-15T10:41:53","date_gmt":"2022-06-15T10:41:53","guid":{"rendered":"https:\/\/www.vetspanel.com\/94553-2\/"},"modified":"2022-06-15T10:41:53","modified_gmt":"2022-06-15T10:41:53","slug":"94553-2","status":"publish","type":"page","link":"https:\/\/www.vetspanel.com\/es\/94553-2\/","title":{"rendered":""},"content":{"rendered":"<p><script>\nwindow.scrollTo(0, 0);<\/script><\/p>\n<div class=\"boldgrid-section\">\n<div class=\"container\">\n<div class=\"row\" style=\"padding-top: 75px; padding-bottom: 75px;\">\n<div class=\"col-md-2 col-sm-12 col-xs-12\"><\/div>\n<div class=\"col-md-10 col-xs-12 col-sm-12\">\n<h1 class=\"\" style=\"text-align: left;\">\u00a1Est\u00e1s registrado!<\/h1>\n<p class=\"\" style=\"text-align: left;\" data-ccp-props=\"{\"335551550\":1,\"335551620\":1,\"335559683\":0,\"335559685\":0,\"335559731\":0,\"335559737\":0,\"335562764\":2,\"335562765\":1,\"335562766\":4,\"335562767\":0,\"335562768\":4,\"335562769\":0}\"><span data-scheme-color=\"@000000,,\" data-usefontface=\"true\" data-contrast=\"none\">Gracias por su solicitud para unirse a Vetspanel. Est\u00e9 atento a su aprobaci\u00f3n en los pr\u00f3ximos 2 a 5 d\u00edas h\u00e1biles.  <\/span><\/p>\n<p class=\"\" style=\"text-align: left;\" data-ccp-props=\"{\"335551550\":1,\"335551620\":1,\"335559683\":0,\"335559685\":0,\"335559731\":0,\"335559737\":0,\"335562764\":2,\"335562765\":1,\"335562766\":4,\"335562767\":0,\"335562768\":4,\"335562769\":0}\">\n<\/div>\n<\/div>\n<\/div>\n<\/div>\n<div class=\"boldgrid-section\">\n<div class=\"container\"><\/div>\n<\/div>\n","protected":false},"excerpt":{"rendered":"<p>\u00a1Est\u00e1s registrado! Gracias por su solicitud para unirse a Vetspanel. Est\u00e9 atento a su aprobaci\u00f3n en los pr\u00f3ximos 2 a [&hellip;]<\/p>\n","protected":false},"author":2,"featured_media":0,"parent":0,"menu_order":0,"comment_status":"closed","ping_status":"closed","template":"","meta":{"_monsterinsights_skip_tracking":false,"_monsterinsights_sitenote_active":false,"_monsterinsights_sitenote_note":"","_monsterinsights_sitenote_category":0,"footnotes":""},"class_list":["post-94553","page","type-page","status-publish","hentry"],"_links":{"self":[{"href":"https:\/\/www.vetspanel.com\/es\/wp-json\/wp\/v2\/pages\/94553","targetHints":{"allow":["GET"]}}],"collection":[{"href":"https:\/\/www.vetspanel.com\/es\/wp-json\/wp\/v2\/pages"}],"about":[{"href":"https:\/\/www.vetspanel.com\/es\/wp-json\/wp\/v2\/types\/page"}],"author":[{"embeddable":true,"href":"https:\/\/www.vetspanel.com\/es\/wp-json\/wp\/v2\/users\/2"}],"replies":[{"embeddable":true,"href":"https:\/\/www.vetspanel.com\/es\/wp-json\/wp\/v2\/comments?post=94553"}],"version-history":[{"count":0,"href":"https:\/\/www.vetspanel.com\/es\/wp-json\/wp\/v2\/pages\/94553\/revisions"}],"wp:attachment":[{"href":"https:\/\/www.vetspanel.com\/es\/wp-json\/wp\/v2\/media?parent=94553"}],"curies":[{"name":"wp","href":"https:\/\/api.w.org\/{rel}","templated":true}]}}