{"id":94297,"date":"2020-10-01T02:23:21","date_gmt":"2020-10-01T02:23:21","guid":{"rendered":"https:\/\/www.vetspanel.com\/restablecer-la-contrasena\/"},"modified":"2022-08-06T07:30:18","modified_gmt":"2022-08-06T07:30:18","slug":"restablecer-la-contrasena","status":"publish","type":"page","link":"https:\/\/www.vetspanel.com\/es\/restablecer-la-contrasena\/","title":{"rendered":"Restablecer la contrase\u00f1a"},"content":{"rendered":"<div class=\"wpb-content-wrapper\"><p>[vc_row row_height_percent=\u00bb0&#8243; back_color=\u00bbcolor-xsdn\u00bb overlay_alpha=\u00bb50&#8243; gutter_size=\u00bb3&#8243; column_width_percent=\u00bb100&#8243; shift_y=\u00bb0&#8243; z_index=\u00bb0&#8243;][vc_column column_width_percent=\u00bb100&#8243; gutter_size=\u00bb3&#8243; back_color=\u00bbcolor-xsdn\u00bb overlay_alpha=\u00bb50&#8243; shift_x=\u00bb0&#8243; shift_y=\u00bb0&#8243; shift_y_down=\u00bb0&#8243; z_index=\u00bb0&#8243; medium_width=\u00bb0&#8243; mobile_width=\u00bb0&#8243; width=\u00bb1\/1&#8243;][vc_column_text text_lead=\u00bbyes\u00bb uncode_shortcode_id=\u00bb127774&#8243;]<\/p>\n<h1><span class=\"font-385128\">Ingrese su correo electr\u00f3nico a continuaci\u00f3n para restablecer su contrase\u00f1a<\/span><\/h1>\n<p><span class=\"font-385128\">\n\n    <div class=\"klm\">\n\n      <form id=\"klm_reset_password\" name=\"klm_reset_password\" class=\"klm-form-reset\"\n      action=\"\/wp-admin\/admin-ajax.php?action=klm_reset_password_action\" method=\"post\">\n\n        <p class=\"klm-input-container\">\n\n          <label><\/label><br \/>\n          <input class=\"klm-reset-password\" style=\"min-width:450px; font-family:Poppins; font-size: 16px;\" type=\"text\" name=\"klm_username\" placeholder=\"Direcci\u00f3n de correo electr\u00f3nico\" \/>\n\n\n        <\/p>\n\n        <p class=\"klm-input-container\">\n\n\n        <\/p><p class=\"klm-input-container\">\n\n          <input type=\"submit\" name=\"klm_submit_reset\" value=\"Restablecer la contrase\u00f1a\" class=\"custom-link btn btn-xl btn-custom-typo font-385128 font-weight-600 text-initial no-letterspace border-width-2 btn-text-skin btn-color-rgdb btn-circle btn-outline btn-icon-left\" style=\"min-width:150px\" title=\"Reset Password\"\/>\n\n        <\/p>\n\n      <\/form>\n\n    <\/div>\n\n  <\/span>[\/vc_column_text][\/vc_column][\/vc_row]<\/p>\n<\/div>","protected":false},"excerpt":{"rendered":"<p>[vc_row row_height_percent=\u00bb0&#8243; back_color=\u00bbcolor-xsdn\u00bb overlay_alpha=\u00bb50&#8243; gutter_size=\u00bb3&#8243; column_width_percent=\u00bb100&#8243; shift_y=\u00bb0&#8243; z_index=\u00bb0&#8243;][vc_column column_width_percent=\u00bb100&#8243; gutter_size=\u00bb3&#8243; back_color=\u00bbcolor-xsdn\u00bb overlay_alpha=\u00bb50&#8243; shift_x=\u00bb0&#8243; shift_y=\u00bb0&#8243; shift_y_down=\u00bb0&#8243; z_index=\u00bb0&#8243; medium_width=\u00bb0&#8243; mobile_width=\u00bb0&#8243; width=\u00bb1\/1&#8243;][vc_column_text text_lead=\u00bbyes\u00bb [&hellip;]<\/p>\n","protected":false},"author":14,"featured_media":0,"parent":0,"menu_order":0,"comment_status":"closed","ping_status":"closed","template":"","meta":{"_monsterinsights_skip_tracking":false,"_monsterinsights_sitenote_active":false,"_monsterinsights_sitenote_note":"","_monsterinsights_sitenote_category":0,"footnotes":""},"class_list":["post-94297","page","type-page","status-publish","hentry"],"_links":{"self":[{"href":"https:\/\/www.vetspanel.com\/es\/wp-json\/wp\/v2\/pages\/94297","targetHints":{"allow":["GET"]}}],"collection":[{"href":"https:\/\/www.vetspanel.com\/es\/wp-json\/wp\/v2\/pages"}],"about":[{"href":"https:\/\/www.vetspanel.com\/es\/wp-json\/wp\/v2\/types\/page"}],"author":[{"embeddable":true,"href":"https:\/\/www.vetspanel.com\/es\/wp-json\/wp\/v2\/users\/14"}],"replies":[{"embeddable":true,"href":"https:\/\/www.vetspanel.com\/es\/wp-json\/wp\/v2\/comments?post=94297"}],"version-history":[{"count":0,"href":"https:\/\/www.vetspanel.com\/es\/wp-json\/wp\/v2\/pages\/94297\/revisions"}],"wp:attachment":[{"href":"https:\/\/www.vetspanel.com\/es\/wp-json\/wp\/v2\/media?parent=94297"}],"curies":[{"name":"wp","href":"https:\/\/api.w.org\/{rel}","templated":true}]}}