{"id":91109,"date":"2021-02-15T00:54:40","date_gmt":"2021-02-15T00:54:40","guid":{"rendered":"https:\/\/www.vetspanel.com\/preguntas-frecuentes\/"},"modified":"2022-07-29T05:47:51","modified_gmt":"2022-07-29T05:47:51","slug":"preguntas-frecuentes","status":"publish","type":"page","link":"https:\/\/www.vetspanel.com\/es\/preguntas-frecuentes\/","title":{"rendered":"Preguntas Frecuentes"},"content":{"rendered":"<div class=\"wpb-content-wrapper\"><p>[vc_row row_height_percent=\u00bb0&#8243; overlay_alpha=\u00bb50&#8243; gutter_size=\u00bb3&#8243; column_width_percent=\u00bb100&#8243; shift_y=\u00bb0&#8243; z_index=\u00bb0&#8243; uncode_shortcode_id=\u00bb107571&#8243;][vc_column column_width_percent=\u00bb100&#8243; gutter_size=\u00bb3&#8243; font_family=\u00bbfont-145443&#8243; back_color=\u00bbcolor-xsdn\u00bb overlay_alpha=\u00bb50&#8243; shift_x=\u00bb0&#8243; shift_y=\u00bb0&#8243; shift_y_down=\u00bb0&#8243; z_index=\u00bb0&#8243; medium_width=\u00bb0&#8243; mobile_width=\u00bb0&#8243; width=\u00bb1\/1&#8243; uncode_shortcode_id=\u00bb132158&#8243; back_color_type=\u00bbuncode-palette\u00bb][vc_custom_heading text_color=\u00bbcolor-wayh\u00bb heading_semantic=\u00bbh1&#8243; text_size=\u00bbh1&#8243; sub_lead=\u00bbyes\u00bb uncode_shortcode_id=\u00bb143533&#8243; text_color_type=\u00bbuncode-palette\u00bb]<\/p>\n<h1 style=\"text-align: left;\"><span class=\"font-385128\"><strong>Preguntas Frecuentes<\/strong><\/span><\/h1>\n<p>[\/vc_custom_heading][\/vc_column][\/vc_row][vc_row row_height_percent=\u00bb0&#8243; overlay_alpha=\u00bb50&#8243; gutter_size=\u00bb3&#8243; column_width_percent=\u00bb100&#8243; shift_y=\u00bb0&#8243; z_index=\u00bb0&#8243; uncode_shortcode_id=\u00bb127205&#8243;][vc_column column_width_percent=\u00bb100&#8243; gutter_size=\u00bb3&#8243; style=\u00bblight\u00bb font_family=\u00bbfont-385128&#8243; back_color=\u00bbcolor-xsdn\u00bb overlay_color=\u00bbcolor-nhtu\u00bb overlay_alpha=\u00bb50&#8243; overlay_color_blend=\u00bbsoft-light\u00bb shift_x=\u00bb0&#8243; shift_y=\u00bb0&#8243; shift_y_down=\u00bb0&#8243; z_index=\u00bb0&#8243; medium_width=\u00bb0&#8243; mobile_width=\u00bb0&#8243; width=\u00bb1\/1&#8243; uncode_shortcode_id=\u00bb489377&#8243; back_color_type=\u00bbuncode-palette\u00bb overlay_color_type=\u00bbuncode-palette\u00bb][vc_accordion typography=\u00bbyes\u00bb][vc_accordion_tab icon=\u00bbfa fa-question\u00bb gutter_size=\u00bb2&#8243; column_padding=\u00bb2&#8243; title=\u00bb\u00bfC\u00f3mo me uno a Vetspanel?\u00bb tab_id=\u00bb1613349699-1-42&#8243;][vc_wp_text]Si est\u00e1 interesado en participar, por favor env\u00ede un correo electr\u00f3nico a: contact@vetspanel.com[\/vc_wp_text][\/vc_accordion_tab][vc_accordion_tab icon=\u00bbfa fa-user\u00bb gutter_size=\u00bb2&#8243; column_padding=\u00bb2&#8243; title=\u00bb\u00bfQui\u00e9n puede unirse a Vetspanel?\u00bb tab_id=\u00bb1613349699-2-93&#8243;][vc_wp_text]Profesionales del \u00e1mbito veterinario como veterinarios, asistentes veterinarios, gerentes de veterinaria, t\u00e9cnicos, etc.[\/vc_wp_text][\/vc_accordion_tab][vc_accordion_tab icon=\u00bbfa fa-gbp\u00bb gutter_size=\u00bb2&#8243; column_padding=\u00bb2&#8243; title=\u00bb\u00bfCu\u00e1nto cuesta participar?\u00bb tab_id=\u00bb7e2d0227-bcc0-5&#8243;][vc_wp_text]Nada[\/vc_wp_text][\/vc_accordion_tab][vc_accordion_tab icon=\u00bbfa fa-wpforms\u00bb gutter_size=\u00bb2&#8243; column_padding=\u00bb2&#8243; title=\u00bb\u00bfPuedo completar mi solicitud de registro despu\u00e9s?\u00bb tab_id=\u00bb6b8ce965-17fe-3&#8243;][vc_wp_text]S\u00ed, puede hacerlo, sin embargo, cuanto antes complete el formulario de solicitud (le llevar\u00e1 solo un minuto), antes podr\u00e1 participar en nuestras encuestas y recibir recompensas.[\/vc_wp_text][\/vc_accordion_tab][vc_accordion_tab icon=\u00bbfa fa-envelope2&#8243; gutter_size=\u00bb2&#8243; column_padding=\u00bb2&#8243; title=\u00bbEn nuestro trabajo usamos todos el mismo correo electr\u00f3nico, \u00bfpodemos todos participar en las encuestas?\u00bb tab_id=\u00bb41a5b12e-c72a-4&#8243;][vc_wp_text]Cada miembro de Vetspanel necesita tener un correo electronico propio para registrarse, de este modo cada profesional completar\u00e1 su propia encuesta y tendremos m\u00e1s opiniones distintas.[\/vc_wp_text][\/vc_accordion_tab][vc_accordion_tab icon=\u00bbfa fa-bank\u00bb gutter_size=\u00bb2&#8243; column_padding=\u00bb2&#8243; title=\u00bb\u00bfC\u00f3mo puedo ganar puntos?\u00bb tab_id=\u00bb1e114f7a-987e-0&#8243;][vc_wp_text]Participando y completando nuestras encuestas, las cuales pueden ser on line, por tel\u00e9fono, en persona o grupos de debate.[\/vc_wp_text][\/vc_accordion_tab][vc_accordion_tab icon=\u00bbfa fa-diamond\u00bb gutter_size=\u00bb2&#8243; column_padding=\u00bb2&#8243; title=\u00bb\u00bfC\u00faando puedo empezar a canjear mis puntos?\u00bb tab_id=\u00bb673b539f-af05-0&#8243;][vc_wp_text]Inmediatamente. Una vez que haya completado una encuesta, puede entrar en su cuenta de Vetspanel y canjear sus puntos.[\/vc_wp_text][\/vc_accordion_tab][vc_accordion_tab icon=\u00bbfa fa-cancel\u00bb gutter_size=\u00bb2&#8243; column_padding=\u00bb2&#8243; title=\u00bb\u00bfC\u00f3mo puedo cancelar mi cuenta de Vetspanel?\u00bb tab_id=\u00bb99c09934-0de2-6&#8243;][vc_wp_text]Inicie sesi\u00f3n con su cuenta de miembro. Vaya a la p\u00e1gina\/pesta\u00f1a \u201cPerfil\u201d y despl\u00e1cese hasta la parte inferior de su perfil. Haga clic en \u00abPara darse de baja por favor haga clic aqu\u00ed\u00bb .[\/vc_wp_text][\/vc_accordion_tab][\/vc_accordion][\/vc_column][\/vc_row]<\/p>\n<\/div>","protected":false},"excerpt":{"rendered":"<p>[vc_row row_height_percent=\u00bb0&#8243; overlay_alpha=\u00bb50&#8243; gutter_size=\u00bb3&#8243; column_width_percent=\u00bb100&#8243; shift_y=\u00bb0&#8243; z_index=\u00bb0&#8243; uncode_shortcode_id=\u00bb107571&#8243;][vc_column column_width_percent=\u00bb100&#8243; gutter_size=\u00bb3&#8243; font_family=\u00bbfont-145443&#8243; back_color=\u00bbcolor-xsdn\u00bb overlay_alpha=\u00bb50&#8243; shift_x=\u00bb0&#8243; shift_y=\u00bb0&#8243; shift_y_down=\u00bb0&#8243; z_index=\u00bb0&#8243; medium_width=\u00bb0&#8243; mobile_width=\u00bb0&#8243; width=\u00bb1\/1&#8243; [&hellip;]<\/p>\n","protected":false},"author":2,"featured_media":0,"parent":0,"menu_order":0,"comment_status":"closed","ping_status":"closed","template":"","meta":{"_monsterinsights_skip_tracking":false,"_monsterinsights_sitenote_active":false,"_monsterinsights_sitenote_note":"","_monsterinsights_sitenote_category":0,"footnotes":""},"class_list":["post-91109","page","type-page","status-publish","hentry"],"_links":{"self":[{"href":"https:\/\/www.vetspanel.com\/es\/wp-json\/wp\/v2\/pages\/91109","targetHints":{"allow":["GET"]}}],"collection":[{"href":"https:\/\/www.vetspanel.com\/es\/wp-json\/wp\/v2\/pages"}],"about":[{"href":"https:\/\/www.vetspanel.com\/es\/wp-json\/wp\/v2\/types\/page"}],"author":[{"embeddable":true,"href":"https:\/\/www.vetspanel.com\/es\/wp-json\/wp\/v2\/users\/2"}],"replies":[{"embeddable":true,"href":"https:\/\/www.vetspanel.com\/es\/wp-json\/wp\/v2\/comments?post=91109"}],"version-history":[{"count":0,"href":"https:\/\/www.vetspanel.com\/es\/wp-json\/wp\/v2\/pages\/91109\/revisions"}],"wp:attachment":[{"href":"https:\/\/www.vetspanel.com\/es\/wp-json\/wp\/v2\/media?parent=91109"}],"curies":[{"name":"wp","href":"https:\/\/api.w.org\/{rel}","templated":true}]}}