{"id":91100,"date":"2021-02-15T00:54:40","date_gmt":"2021-02-15T00:54:40","guid":{"rendered":"https:\/\/www.vetspanel.com\/faq\/"},"modified":"2022-07-29T05:35:25","modified_gmt":"2022-07-29T05:35:25","slug":"faq","status":"publish","type":"page","link":"https:\/\/www.vetspanel.com\/de\/faq\/","title":{"rendered":"FAQ"},"content":{"rendered":"<div class=\"wpb-content-wrapper\"><p>[vc_row row_height_percent=&#8220;0&#8243; overlay_alpha=&#8220;50&#8243; gutter_size=&#8220;3&#8243; column_width_percent=&#8220;100&#8243; shift_y=&#8220;0&#8243; z_index=&#8220;0&#8243; uncode_shortcode_id=&#8220;107571&#8243;][vc_column column_width_percent=&#8220;100&#8243; gutter_size=&#8220;3&#8243; font_family=&#8220;font-145443&#8243; back_color=&#8220;color-xsdn&#8220; overlay_alpha=&#8220;50&#8243; shift_x=&#8220;0&#8243; shift_y=&#8220;0&#8243; shift_y_down=&#8220;0&#8243; z_index=&#8220;0&#8243; medium_width=&#8220;0&#8243; mobile_width=&#8220;0&#8243; width=&#8220;1\/1&#8243; uncode_shortcode_id=&#8220;132158&#8243; back_color_type=&#8220;uncode-palette&#8220;][vc_custom_heading text_color=&#8220;color-wayh&#8220; heading_semantic=&#8220;h1&#8243; text_size=&#8220;h1&#8243; sub_lead=&#8220;yes&#8220; uncode_shortcode_id=&#8220;143533&#8243; text_color_type=&#8220;uncode-palette&#8220;]<\/p>\n<h1 style=\"text-align: left;\"><span class=\"font-385128\"><strong>FAQ<\/strong><\/span><\/h1>\n<p>[\/vc_custom_heading][\/vc_column][\/vc_row][vc_row row_height_percent=&#8220;0&#8243; overlay_alpha=&#8220;50&#8243; gutter_size=&#8220;3&#8243; column_width_percent=&#8220;100&#8243; shift_y=&#8220;0&#8243; z_index=&#8220;0&#8243; uncode_shortcode_id=&#8220;127205&#8243;][vc_column column_width_percent=&#8220;100&#8243; gutter_size=&#8220;3&#8243; style=&#8220;light&#8220; font_family=&#8220;font-385128&#8243; back_color=&#8220;color-xsdn&#8220; overlay_color=&#8220;color-nhtu&#8220; overlay_alpha=&#8220;50&#8243; overlay_color_blend=&#8220;soft-light&#8220; shift_x=&#8220;0&#8243; shift_y=&#8220;0&#8243; shift_y_down=&#8220;0&#8243; z_index=&#8220;0&#8243; medium_width=&#8220;0&#8243; mobile_width=&#8220;0&#8243; width=&#8220;1\/1&#8243; uncode_shortcode_id=&#8220;489377&#8243; back_color_type=&#8220;uncode-palette&#8220; overlay_color_type=&#8220;uncode-palette&#8220;][vc_accordion typography=&#8220;yes&#8220;][vc_accordion_tab icon=&#8220;fa fa-question&#8220; gutter_size=&#8220;2&#8243; column_padding=&#8220;2&#8243; title=&#8220;Wie kann ich an Vetspanel teilnehmen?&#8220; tab_id=&#8220;1613349699-1-42&#8243;][vc_wp_text]Wenn Sie an einer Teilnahme interessiert sind, senden Sie bitte eine E-Mail an: contact@vetspanel.com.[\/vc_wp_text][\/vc_accordion_tab][vc_accordion_tab icon=&#8220;fa fa-user&#8220; gutter_size=&#8220;2&#8243; column_padding=&#8220;2&#8243; title=&#8220;Wer kann bei Vetspanel mitmachen?&#8220; tab_id=&#8220;1613349699-2-93&#8243;][vc_wp_text]Tiermedizinisches Fachpersonal, wie zum Beispiel Tier\u00e4rzte, tier\u00e4rztliche Assistenten und Fachangestellte usw.[\/vc_wp_text][\/vc_accordion_tab][vc_accordion_tab icon=&#8220;fa fa-gbp&#8220; gutter_size=&#8220;2&#8243; column_padding=&#8220;2&#8243; title=&#8220;Was kostet die Teilnahme?&#8220; tab_id=&#8220;7e2d0227-bcc0-5&#8243;][vc_wp_text]Nichts[\/vc_wp_text][\/vc_accordion_tab][vc_accordion_tab icon=&#8220;fa fa-wpforms&#8220; gutter_size=&#8220;2&#8243; column_padding=&#8220;2&#8243; title=&#8220;Kann ich meine Anmeldung auch noch sp\u00e4ter ausf\u00fcllen?&#8220; tab_id=&#8220;6b8ce965-17fe-3&#8243;][vc_wp_text]Ja, das ist m\u00f6glich. Je schneller Sie allerdings das Anmeldeformular ausf\u00fcllen (es dauert nur eine Minute), desto schneller k\u00f6nnen Sie an unseren Befragungen teilnehmen und sich Pr\u00e4mien sichern.[\/vc_wp_text][\/vc_accordion_tab][vc_accordion_tab icon=&#8220;fa fa-envelope2&#8243; gutter_size=&#8220;2&#8243; column_padding=&#8220;2&#8243; title=&#8220;Wir haben in der Praxis alle dieselbe E-Mail. K\u00f6nnen wir alle an den Befragungen teilnehmen?&#8220; tab_id=&#8220;41a5b12e-c72a-4&#8243;][vc_wp_text]Jeder, der sich bei Vetspanel registriert, ben\u00f6tigt daf\u00fcr eine eigene E-Mail-Adresse. So kann jeder an den Befragungen teilnehmen und Punkte sammeln.[\/vc_wp_text][\/vc_accordion_tab][vc_accordion_tab icon=&#8220;fa fa-bank&#8220; gutter_size=&#8220;2&#8243; column_padding=&#8220;2&#8243; title=&#8220;Wie bekomme ich Punkte?&#8220; tab_id=&#8220;1e114f7a-987e-0&#8243;][vc_wp_text]Durch die Teilnahme an unseren Befragungen und deren Abschluss, sei es telefonisch, online, pers\u00f6nlich oder in Diskussionsgruppen.[\/vc_wp_text][\/vc_accordion_tab][vc_accordion_tab icon=&#8220;fa fa-diamond&#8220; gutter_size=&#8220;2&#8243; column_padding=&#8220;2&#8243; title=&#8220;Ab wann kann ich meine Punkte einl\u00f6sen?&#8220; tab_id=&#8220;673b539f-af05-0&#8243;][vc_wp_text]Sofort nachdem Sie eine Befragung abgeschlossen haben, k\u00f6nnen Sie sich in Ihr Vetspanel-Konto einloggen und Ihre Punkte einl\u00f6sen.[\/vc_wp_text][\/vc_accordion_tab][vc_accordion_tab icon=&#8220;fa fa-cancel&#8220; gutter_size=&#8220;2&#8243; column_padding=&#8220;2&#8243; title=&#8220;Wie kann ich mich bei Vetspanel abmelden?&#8220; tab_id=&#8220;99c09934-0de2-6&#8243;][vc_wp_text]Loggen Sie sich in ihr Konto ein. Gehen Sie zur Seite\/Registerkarte \u201eProfil\u201c. Scrollen Sie bis zum Ende Ihres Profils. Klicken Sie auf die Stelle, an der steht: \u201eZum Abbestellen bitte hier klicken\u201c.[\/vc_wp_text][\/vc_accordion_tab][\/vc_accordion][\/vc_column][\/vc_row]<\/p>\n<\/div>","protected":false},"excerpt":{"rendered":"<p>[vc_row row_height_percent=&#8220;0&#8243; overlay_alpha=&#8220;50&#8243; gutter_size=&#8220;3&#8243; column_width_percent=&#8220;100&#8243; shift_y=&#8220;0&#8243; z_index=&#8220;0&#8243; uncode_shortcode_id=&#8220;107571&#8243;][vc_column column_width_percent=&#8220;100&#8243; gutter_size=&#8220;3&#8243; font_family=&#8220;font-145443&#8243; back_color=&#8220;color-xsdn&#8220; overlay_alpha=&#8220;50&#8243; shift_x=&#8220;0&#8243; shift_y=&#8220;0&#8243; shift_y_down=&#8220;0&#8243; z_index=&#8220;0&#8243; medium_width=&#8220;0&#8243; mobile_width=&#8220;0&#8243; width=&#8220;1\/1&#8243; [&hellip;]<\/p>\n","protected":false},"author":2,"featured_media":0,"parent":0,"menu_order":0,"comment_status":"closed","ping_status":"closed","template":"","meta":{"_monsterinsights_skip_tracking":false,"_monsterinsights_sitenote_active":false,"_monsterinsights_sitenote_note":"","_monsterinsights_sitenote_category":0,"footnotes":""},"class_list":["post-91100","page","type-page","status-publish","hentry"],"_links":{"self":[{"href":"https:\/\/www.vetspanel.com\/de\/wp-json\/wp\/v2\/pages\/91100","targetHints":{"allow":["GET"]}}],"collection":[{"href":"https:\/\/www.vetspanel.com\/de\/wp-json\/wp\/v2\/pages"}],"about":[{"href":"https:\/\/www.vetspanel.com\/de\/wp-json\/wp\/v2\/types\/page"}],"author":[{"embeddable":true,"href":"https:\/\/www.vetspanel.com\/de\/wp-json\/wp\/v2\/users\/2"}],"replies":[{"embeddable":true,"href":"https:\/\/www.vetspanel.com\/de\/wp-json\/wp\/v2\/comments?post=91100"}],"version-history":[{"count":0,"href":"https:\/\/www.vetspanel.com\/de\/wp-json\/wp\/v2\/pages\/91100\/revisions"}],"wp:attachment":[{"href":"https:\/\/www.vetspanel.com\/de\/wp-json\/wp\/v2\/media?parent=91100"}],"curies":[{"name":"wp","href":"https:\/\/api.w.org\/{rel}","templated":true}]}}