{"id":112105,"date":"2025-09-18T13:22:43","date_gmt":"2025-09-18T13:22:43","guid":{"rendered":"https:\/\/www.vetspanel.com\/umfrage-blockiert\/"},"modified":"2025-09-18T14:19:54","modified_gmt":"2025-09-18T14:19:54","slug":"umfrage-blockiert","status":"publish","type":"page","link":"https:\/\/www.vetspanel.com\/de\/umfrage-blockiert\/","title":{"rendered":"Umfrage blockiert"},"content":{"rendered":"<div class=\"wpb-content-wrapper\"><p>[vc_row][vc_column column_width_percent=&#8220;100&#8243; align_horizontal=&#8220;align_center&#8220; gutter_size=&#8220;3&#8243; overlay_alpha=&#8220;50&#8243; shift_x=&#8220;0&#8243; shift_y=&#8220;0&#8243; shift_y_down=&#8220;0&#8243; z_index=&#8220;0&#8243; medium_width=&#8220;0&#8243; mobile_width=&#8220;0&#8243; width=&#8220;1\/1&#8243;][vc_icon icon=&#8220;fa fa-close&#8220; icon_color=&#8220;color-rgdb&#8220; size=&#8220;fa-5x&#8220;][\/vc_icon][\/vc_column][\/vc_row][vc_row][vc_column column_width_percent=&#8220;100&#8243; align_horizontal=&#8220;align_center&#8220; gutter_size=&#8220;3&#8243; overlay_alpha=&#8220;50&#8243; shift_x=&#8220;0&#8243; shift_y=&#8220;0&#8243; shift_y_down=&#8220;0&#8243; z_index=&#8220;0&#8243; medium_width=&#8220;0&#8243; mobile_width=&#8220;0&#8243; width=&#8220;1\/1&#8243;][vc_custom_heading uncode_shortcode_id=&#8220;182428&#8243;]<span class=\"font-385128\">Leider haben Sie in diesem Fall die Kriterien f\u00fcr diese Recherche nicht erf\u00fcllt. Das kann an einem oder mehreren der folgenden Gr\u00fcnde liegen: <\/span><\/p>\n<p>[\/vc_custom_heading][vc_custom_heading text_color=&#8220;color-rgdb&#8220; text_size=&#8220;h4&#8243; uncode_shortcode_id=&#8220;538493&#8243; text_color_type=&#8220;uncode-palette&#8220;]<span class=\"font-385128\">M\u00f6glicherweise haben Sie diese Umfrage bereits \u00fcber ein anderes Panel ausgef\u00fcllt.<\/span><br \/>\n<span class=\"font-385128\">Das System hat m\u00f6glicherweise festgestellt, dass Sie eine VPN-Verbindung verwenden.<\/span><br \/>\n<span class=\"font-385128\">M\u00f6glicherweise versuchen Sie, von einem anderen Land aus auf diese Umfrage zuzugreifen als dem, f\u00fcr das sie bestimmt ist.<\/span><br \/>\n<span class=\"font-385128\">Das System hat m\u00f6glicherweise festgestellt, dass Ihre IP bereits von einem anderen Befragten verwendet wurde.<\/span><\/p>\n<p>[\/vc_custom_heading][vc_custom_heading uncode_shortcode_id=&#8220;117640&#8243;]<span class=\"font-385128\">Vielen Dank f\u00fcr Ihre Zeit und Ihr Interesse an dieser Umfrage.<\/span><\/p>\n<p>[\/vc_custom_heading][\/vc_column][\/vc_row][vc_row][vc_column column_width_percent=&#8220;100&#8243; align_horizontal=&#8220;align_center&#8220; gutter_size=&#8220;3&#8243; overlay_alpha=&#8220;50&#8243; shift_x=&#8220;0&#8243; shift_y=&#8220;0&#8243; shift_y_down=&#8220;0&#8243; z_index=&#8220;0&#8243; medium_width=&#8220;0&#8243; mobile_width=&#8220;0&#8243; width=&#8220;1\/1&#8243; uncode_shortcode_id=&#8220;206923&#8243;][vc_button button_color=&#8220;color-rgdb&#8220; size=&#8220;btn-xl&#8220; radius=&#8220;btn-circle&#8220; hover_fx=&#8220;outlined&#8220; outline=&#8220;yes&#8220; text_skin=&#8220;yes&#8220; custom_typo=&#8220;yes&#8220; font_family=&#8220;font-385128&#8243; font_weight=&#8220;600&#8243; border_width=&#8220;2&#8243; link=&#8220;url:https%3A%2F%2Fwww.vetspanel.com%2Fde%2Fmitglieder-login%2F|title:Eingebettete%20Verbindung|&#8220; width=&#8220;150&#8243; button_color_type=&#8220;uncode-palette&#8220; uncode_shortcode_id=&#8220;247342&#8243;]Einloggen[\/vc_button][\/vc_column][\/vc_row]<\/p>\n<\/div>","protected":false},"excerpt":{"rendered":"<p>[vc_row][vc_column column_width_percent=&#8220;100&#8243; align_horizontal=&#8220;align_center&#8220; gutter_size=&#8220;3&#8243; overlay_alpha=&#8220;50&#8243; shift_x=&#8220;0&#8243; shift_y=&#8220;0&#8243; shift_y_down=&#8220;0&#8243; z_index=&#8220;0&#8243; medium_width=&#8220;0&#8243; mobile_width=&#8220;0&#8243; width=&#8220;1\/1&#8243;][vc_icon icon=&#8220;fa fa-close&#8220; icon_color=&#8220;color-rgdb&#8220; size=&#8220;fa-5x&#8220;][\/vc_icon][\/vc_column][\/vc_row][vc_row][vc_column column_width_percent=&#8220;100&#8243; align_horizontal=&#8220;align_center&#8220; gutter_size=&#8220;3&#8243; overlay_alpha=&#8220;50&#8243; [&hellip;]<\/p>\n","protected":false},"author":14,"featured_media":0,"parent":0,"menu_order":0,"comment_status":"closed","ping_status":"closed","template":"","meta":{"_monsterinsights_skip_tracking":false,"_monsterinsights_sitenote_active":false,"_monsterinsights_sitenote_note":"","_monsterinsights_sitenote_category":0,"footnotes":""},"class_list":["post-112105","page","type-page","status-publish","hentry"],"_links":{"self":[{"href":"https:\/\/www.vetspanel.com\/de\/wp-json\/wp\/v2\/pages\/112105","targetHints":{"allow":["GET"]}}],"collection":[{"href":"https:\/\/www.vetspanel.com\/de\/wp-json\/wp\/v2\/pages"}],"about":[{"href":"https:\/\/www.vetspanel.com\/de\/wp-json\/wp\/v2\/types\/page"}],"author":[{"embeddable":true,"href":"https:\/\/www.vetspanel.com\/de\/wp-json\/wp\/v2\/users\/14"}],"replies":[{"embeddable":true,"href":"https:\/\/www.vetspanel.com\/de\/wp-json\/wp\/v2\/comments?post=112105"}],"version-history":[{"count":0,"href":"https:\/\/www.vetspanel.com\/de\/wp-json\/wp\/v2\/pages\/112105\/revisions"}],"wp:attachment":[{"href":"https:\/\/www.vetspanel.com\/de\/wp-json\/wp\/v2\/media?parent=112105"}],"curies":[{"name":"wp","href":"https:\/\/api.w.org\/{rel}","templated":true}]}}