{"id":110809,"date":"2025-06-02T10:27:55","date_gmt":"2025-06-02T10:27:55","guid":{"rendered":"https:\/\/www.vetspanel.com\/home-ref\/"},"modified":"2025-06-03T14:08:01","modified_gmt":"2025-06-03T14:08:01","slug":"home-ref","status":"publish","type":"page","link":"https:\/\/www.vetspanel.com\/de\/home-ref\/","title":{"rendered":"home-ref"},"content":{"rendered":"<div class=\"wpb-content-wrapper\"><p>[vc_row unlock_row_content=&#8220;yes&#8220; row_height_percent=&#8220;0&#8243; override_padding=&#8220;yes&#8220; h_padding=&#8220;0&#8243; top_padding=&#8220;0&#8243; bottom_padding=&#8220;0&#8243; overlay_alpha=&#8220;100&#8243; gutter_size=&#8220;0&#8243; style=&#8220;inherited&#8220;][\/vc_row][vc_row unlock_row_content=&#8220;yes&#8220; row_height_percent=&#8220;0&#8243; override_padding=&#8220;yes&#8220; h_padding=&#8220;0&#8243; top_padding=&#8220;0&#8243; bottom_padding=&#8220;0&#8243; overlay_alpha=&#8220;50&#8243; equal_height=&#8220;yes&#8220; gutter_size=&#8220;0&#8243; shift_y=&#8220;0&#8243;][\/vc_row][vc_row row_height_percent=&#8220;0&#8243; override_padding=&#8220;yes&#8220; h_padding=&#8220;2&#8243; top_padding=&#8220;2&#8243; bottom_padding=&#8220;2&#8243; overlay_alpha=&#8220;50&#8243; gutter_size=&#8220;4&#8243; column_width_percent=&#8220;100&#8243; shift_y=&#8220;0&#8243; z_index=&#8220;0&#8243; el_class=&#8220;inverted-device-order&#8220; uncode_shortcode_id=&#8220;119323&#8243;][vc_column column_width_use_pixel=&#8220;yes&#8220; position_vertical=&#8220;middle&#8220; gutter_size=&#8220;3&#8243; overlay_alpha=&#8220;50&#8243; shift_x=&#8220;0&#8243; shift_y=&#8220;0&#8243; shift_y_down=&#8220;0&#8243; z_index=&#8220;0&#8243; align_medium=&#8220;align_center_tablet&#8220; medium_width=&#8220;0&#8243; align_mobile=&#8220;align_center_mobile&#8220; mobile_width=&#8220;0&#8243; width=&#8220;1\/2&#8243; column_width_pixel=&#8220;900&#8243;][vc_custom_heading text_color=&#8220;color-wayh&#8220; heading_semantic=&#8220;h3&#8243; text_font=&#8220;font-385128&#8243; text_size=&#8220;h1&#8243; uncode_shortcode_id=&#8220;137419&#8243; text_color_type=&#8220;uncode-palette&#8220;]<span class=\"font-762333 font-385128\">Treten Sie unserer Gemeinschaft von Tiermedizinern\/-medizinerinnen bei und lassen Sie sich f\u00fcr Ihre Meinung und Ihr Fachwissen bezahlen<\/span>[\/vc_custom_heading][vc_row_inner row_inner_height_percent=&#8220;0&#8243; overlay_alpha=&#8220;50&#8243; gutter_size=&#8220;3&#8243; shift_y=&#8220;0&#8243; z_index=&#8220;0&#8243; limit_content=&#8220;&#8220; uncode_shortcode_id=&#8220;156641&#8243;][vc_column_inner column_width_percent=&#8220;100&#8243; position_horizontal=&#8220;right&#8220; align_horizontal=&#8220;align_center&#8220; gutter_size=&#8220;3&#8243; overlay_alpha=&#8220;50&#8243; shift_x=&#8220;0&#8243; shift_y=&#8220;0&#8243; shift_y_down=&#8220;0&#8243; z_index=&#8220;0&#8243; align_medium=&#8220;align_center_tablet&#8220; medium_width=&#8220;0&#8243; align_mobile=&#8220;align_center_mobile&#8220; mobile_width=&#8220;0&#8243; width=&#8220;1\/1&#8243; uncode_shortcode_id=&#8220;553593&#8243;][vc_button button_color=&#8220;color-rgdb&#8220; size=&#8220;btn-xl&#8220; radius=&#8220;btn-circle&#8220; hover_fx=&#8220;outlined&#8220; text_skin=&#8220;yes&#8220; custom_typo=&#8220;yes&#8220; font_family=&#8220;font-385128&#8243; font_weight=&#8220;600&#8243; border_width=&#8220;2&#8243; link=&#8220;url:https%3A%2F%2Fwww.vetspanel.com%2Fde%2Feingebettete-join-referenz%2F|title:Eingebettete%20Verbindung&#8220; width=&#8220;150&#8243; button_color_type=&#8220;uncode-palette&#8220; uncode_shortcode_id=&#8220;101981&#8243;]Beitreten[\/vc_button][\/vc_column_inner][\/vc_row_inner][\/vc_column][vc_column column_width_percent=&#8220;100&#8243; gutter_size=&#8220;3&#8243; overlay_alpha=&#8220;50&#8243; shift_x=&#8220;0&#8243; shift_y=&#8220;0&#8243; shift_y_down=&#8220;0&#8243; z_index=&#8220;0&#8243; medium_visibility=&#8220;yes&#8220; medium_width=&#8220;0&#8243; mobile_visibility=&#8220;yes&#8220; mobile_width=&#8220;0&#8243; width=&#8220;1\/2&#8243; uncode_shortcode_id=&#8220;340437&#8243;][vc_single_image media=&#8220;88425&#8243; media_width_use_pixel=&#8220;yes&#8220; alignment=&#8220;center&#8220; media_width_pixel=&#8220;600&#8243;][\/vc_column][\/vc_row][vc_row row_height_percent=&#8220;0&#8243; override_padding=&#8220;yes&#8220; h_padding=&#8220;2&#8243; top_padding=&#8220;1&#8243; bottom_padding=&#8220;1&#8243; overlay_alpha=&#8220;50&#8243; gutter_size=&#8220;4&#8243; column_width_percent=&#8220;100&#8243; shift_y=&#8220;0&#8243; z_index=&#8220;0&#8243;][vc_column column_width_percent=&#8220;100&#8243; position_vertical=&#8220;middle&#8220; gutter_size=&#8220;3&#8243; overlay_alpha=&#8220;50&#8243; shift_x=&#8220;0&#8243; shift_y=&#8220;0&#8243; shift_y_down=&#8220;0&#8243; z_index=&#8220;0&#8243; medium_width=&#8220;0&#8243; mobile_width=&#8220;0&#8243; width=&#8220;1\/2&#8243;][vc_single_image media=&#8220;88450&#8243; media_width_use_pixel=&#8220;yes&#8220; alignment=&#8220;center&#8220; media_width_pixel=&#8220;600&#8243;][\/vc_column][vc_column column_width_use_pixel=&#8220;yes&#8220; position_vertical=&#8220;middle&#8220; gutter_size=&#8220;3&#8243; overlay_alpha=&#8220;50&#8243; shift_x=&#8220;0&#8243; shift_y=&#8220;0&#8243; shift_y_down=&#8220;0&#8243; z_index=&#8220;0&#8243; medium_width=&#8220;0&#8243; mobile_width=&#8220;0&#8243; width=&#8220;1\/2&#8243; column_width_pixel=&#8220;900&#8243;][vc_custom_heading heading_semantic=&#8220;h3&#8243; text_font=&#8220;font-385128&#8243; text_size=&#8220;fontsize-155944&#8243; subheading=&#8220;Vetspanel ist eine exklusive Online-Community f\u00fcr Tier\u00e4rzte. Wir bieten unseren Mitgliedern die M\u00f6glichkeit, an Marktforschungsstudien zu verschiedenen fachlich relevanten Methoden teilzunehmen und bezahlen sie f\u00fcr ihre Zeit und ihr Fachwissen.&#8220; uncode_shortcode_id=&#8220;183448&#8243;]<\/p>\n<h1><span class=\"font-385128\">Was ist Vetspanel?<\/span><\/h1>\n<p>[\/vc_custom_heading][\/vc_column][\/vc_row][vc_row row_height_percent=&#8220;0&#8243; override_padding=&#8220;yes&#8220; h_padding=&#8220;2&#8243; top_padding=&#8220;2&#8243; bottom_padding=&#8220;2&#8243; overlay_alpha=&#8220;50&#8243; gutter_size=&#8220;4&#8243; column_width_percent=&#8220;100&#8243; shift_y=&#8220;0&#8243; z_index=&#8220;0&#8243; el_class=&#8220;inverted-device-order&#8220;][vc_column column_width_use_pixel=&#8220;yes&#8220; position_vertical=&#8220;middle&#8220; gutter_size=&#8220;3&#8243; overlay_alpha=&#8220;50&#8243; shift_x=&#8220;0&#8243; shift_y=&#8220;0&#8243; shift_y_down=&#8220;0&#8243; z_index=&#8220;0&#8243; medium_width=&#8220;0&#8243; mobile_width=&#8220;0&#8243; width=&#8220;1\/2&#8243; column_width_pixel=&#8220;900&#8243;][vc_custom_heading heading_semantic=&#8220;h3&#8243; text_font=&#8220;font-385128&#8243; text_size=&#8220;fontsize-155944&#8243; subheading=&#8220;Klicken Sie einfach auf die Schaltfl\u00e4che \u201eBeitreten\u201c unten, um sich zu registrieren und uns ein wenig \u00fcber sich zu erz\u00e4hlen. Sobald wir Ihre Angaben best\u00e4tigt haben, beginnen wir damit, Sie zu relevanten Befragungen einzuladen. Sobald Sie Befragungen abgeschlossen haben, k\u00f6nnen Sie Ihre Punkte sofort ausgeben. Sie k\u00f6nnen \u00fcber PayPal, Gutscheine (z. B. Amazon, iTunes) gegen Bargeld eingel\u00f6st oder an eine unserer Wohlt\u00e4tigkeitsorganisationen gespendet werden.&#8220; uncode_shortcode_id=&#8220;112584&#8243;]<\/p>\n<h1><span class=\"font-385128\">Wie funktioniert es?<\/span><\/h1>\n<p>[\/vc_custom_heading][vc_button button_color=&#8220;color-rgdb&#8220; size=&#8220;btn-xl&#8220; radius=&#8220;btn-circle&#8220; hover_fx=&#8220;outlined&#8220; text_skin=&#8220;yes&#8220; custom_typo=&#8220;yes&#8220; font_family=&#8220;font-385128&#8243; font_weight=&#8220;600&#8243; border_width=&#8220;2&#8243; link=&#8220;url:https%3A%2F%2Fwww.vetspanel.com%2Fde%2Feingebettete-join-referenz%2F|title:Eingebettete%20Verbindung&#8220; width=&#8220;150&#8243; button_color_type=&#8220;uncode-palette&#8220; uncode_shortcode_id=&#8220;761868&#8243;]Beitreten[\/vc_button][\/vc_column][vc_column width=&#8220;1\/2&#8243;][vc_single_image media=&#8220;88454&#8243; media_width_use_pixel=&#8220;yes&#8220; alignment=&#8220;center&#8220; media_width_pixel=&#8220;600&#8243;][\/vc_column][\/vc_row][vc_row row_height_percent=&#8220;0&#8243; override_padding=&#8220;yes&#8220; h_padding=&#8220;2&#8243; top_padding=&#8220;3&#8243; bottom_padding=&#8220;3&#8243; back_color=&#8220;color-lxmt&#8220; overlay_alpha=&#8220;50&#8243; gutter_size=&#8220;3&#8243; column_width_percent=&#8220;100&#8243; shift_y=&#8220;0&#8243; z_index=&#8220;0&#8243;][vc_column column_width_percent=&#8220;100&#8243; align_horizontal=&#8220;align_center&#8220; gutter_size=&#8220;2&#8243; font_family=&#8220;font-385128&#8243; overlay_alpha=&#8220;50&#8243; shift_x=&#8220;0&#8243; shift_y=&#8220;0&#8243; shift_y_down=&#8220;0&#8243; z_index=&#8220;0&#8243; medium_width=&#8220;0&#8243; mobile_width=&#8220;0&#8243; width=&#8220;1\/3&#8243;][vc_custom_heading text_color=&#8220;color-wayh&#8220; heading_semantic=&#8220;h3&#8243; text_font=&#8220;font-385128&#8243; text_size=&#8220;h4&#8243;]<span class=\"font-762333\">Beitreten<\/span>[\/vc_custom_heading][uncode_counter value=&#8220;30,000&#8243; counter_color=&#8220;color-rgdb&#8220; font=&#8220;font-385128&#8243; size=&#8220;h1&#8243; weight=&#8220;600&#8243; height=&#8220;fontheight-179065&#8243; suffix=&#8220;+&#8220; uncode_shortcode_id=&#8220;543917&#8243; counter_color_type=&#8220;uncode-palette&#8220;][vc_custom_heading text_color=&#8220;color-wayh&#8220; heading_semantic=&#8220;h3&#8243; text_font=&#8220;font-385128&#8243; text_size=&#8220;h4&#8243;]<span class=\"font-762333\">Tier\u00e4rztliche<\/span> Fachkr\u00e4fte[\/vc_custom_heading][\/vc_column][vc_column column_width_percent=&#8220;100&#8243; align_horizontal=&#8220;align_center&#8220; gutter_size=&#8220;2&#8243; style=&#8220;dark&#8220; font_family=&#8220;font-385128&#8243; overlay_alpha=&#8220;50&#8243; shift_x=&#8220;0&#8243; shift_y=&#8220;0&#8243; shift_y_down=&#8220;0&#8243; z_index=&#8220;0&#8243; medium_width=&#8220;0&#8243; mobile_width=&#8220;0&#8243; width=&#8220;1\/3&#8243;][vc_custom_heading text_color=&#8220;color-wayh&#8220; heading_semantic=&#8220;h3&#8243; text_font=&#8220;font-385128&#8243; text_size=&#8220;h4&#8243;]\u00dcber &#8230; hinweg[\/vc_custom_heading][uncode_counter value=&#8220;17&#8243; counter_color=&#8220;color-rgdb&#8220; font=&#8220;font-385128&#8243; size=&#8220;h1&#8243; weight=&#8220;600&#8243; height=&#8220;fontheight-179065&#8243;][vc_custom_heading text_color=&#8220;color-wayh&#8220; heading_semantic=&#8220;h3&#8243; text_font=&#8220;font-385128&#8243; text_size=&#8220;h4&#8243;]L\u00e4nder[\/vc_custom_heading][\/vc_column][vc_column column_width_percent=&#8220;100&#8243; align_horizontal=&#8220;align_center&#8220; gutter_size=&#8220;2&#8243; style=&#8220;dark&#8220; font_family=&#8220;font-385128&#8243; overlay_alpha=&#8220;50&#8243; shift_x=&#8220;0&#8243; shift_y=&#8220;0&#8243; shift_y_down=&#8220;0&#8243; z_index=&#8220;0&#8243; medium_width=&#8220;0&#8243; mobile_width=&#8220;0&#8243; width=&#8220;1\/3&#8243;][vc_custom_heading text_color=&#8220;color-wayh&#8220; heading_semantic=&#8220;h3&#8243; text_font=&#8220;font-385128&#8243; text_size=&#8220;h4&#8243;]\u00dcber[\/vc_custom_heading][uncode_counter value=&#8220;1,300,000&#8243; prefix=&#8220;\u00a3&#8220; counter_color=&#8220;color-rgdb&#8220; font=&#8220;font-385128&#8243; size=&#8220;h1&#8243; weight=&#8220;600&#8243; height=&#8220;fontheight-179065&#8243; suffix=&#8220;+&#8220;][vc_custom_heading text_color=&#8220;color-wayh&#8220; heading_semantic=&#8220;h3&#8243; text_font=&#8220;font-385128&#8243; text_size=&#8220;h4&#8243;]In bezahlten Pr\u00e4mien[\/vc_custom_heading][\/vc_column][\/vc_row][vc_row row_height_percent=&#8220;0&#8243; override_padding=&#8220;yes&#8220; h_padding=&#8220;2&#8243; top_padding=&#8220;3&#8243; bottom_padding=&#8220;0&#8243; overlay_alpha=&#8220;50&#8243; gutter_size=&#8220;3&#8243; column_width_percent=&#8220;100&#8243; shift_y=&#8220;0&#8243; z_index=&#8220;0&#8243;][vc_column column_width_percent=&#8220;100&#8243; align_horizontal=&#8220;align_center&#8220; gutter_size=&#8220;3&#8243; overlay_alpha=&#8220;50&#8243; shift_x=&#8220;0&#8243; shift_y=&#8220;0&#8243; shift_y_down=&#8220;0&#8243; z_index=&#8220;0&#8243; align_medium=&#8220;align_center_tablet&#8220; medium_width=&#8220;0&#8243; align_mobile=&#8220;align_center_mobile&#8220; mobile_width=&#8220;0&#8243; width=&#8220;1\/1&#8243;][vc_custom_heading heading_semantic=&#8220;h3&#8243; text_font=&#8220;font-385128&#8243; text_size=&#8220;fontsize-155944&#8243;]<\/p>\n<h1 style=\"text-align: center;\"><span class=\"font-385128\">Was unsere Mitglieder sagen<br \/>\n<\/span><\/h1>\n<p>[\/vc_custom_heading][\/vc_column][\/vc_row][vc_row unlock_row_content=&#8220;yes&#8220; row_height_percent=&#8220;0&#8243; override_padding=&#8220;yes&#8220; h_padding=&#8220;0&#8243; top_padding=&#8220;0&#8243; bottom_padding=&#8220;0&#8243; overlay_alpha=&#8220;100&#8243; gutter_size=&#8220;0&#8243; style=&#8220;inherited&#8220;][\/vc_row][vc_row unlock_row_content=&#8220;yes&#8220; row_height_percent=&#8220;0&#8243; override_padding=&#8220;yes&#8220; h_padding=&#8220;0&#8243; top_padding=&#8220;0&#8243; bottom_padding=&#8220;0&#8243; overlay_alpha=&#8220;50&#8243; equal_height=&#8220;yes&#8220; gutter_size=&#8220;0&#8243; shift_y=&#8220;0&#8243;][\/vc_row][vc_row unlock_row_content=&#8220;yes&#8220; row_height_percent=&#8220;0&#8243; override_padding=&#8220;yes&#8220; h_padding=&#8220;0&#8243; top_padding=&#8220;0&#8243; bottom_padding=&#8220;0&#8243; overlay_alpha=&#8220;100&#8243; gutter_size=&#8220;0&#8243; style=&#8220;inherited&#8220;][\/vc_row][vc_row unlock_row_content=&#8220;yes&#8220; row_height_percent=&#8220;0&#8243; override_padding=&#8220;yes&#8220; h_padding=&#8220;0&#8243; top_padding=&#8220;0&#8243; bottom_padding=&#8220;0&#8243; overlay_alpha=&#8220;50&#8243; equal_height=&#8220;yes&#8220; gutter_size=&#8220;0&#8243; shift_y=&#8220;0&#8243;][\/vc_row][vc_row unlock_row_content=&#8220;yes&#8220; row_height_percent=&#8220;0&#8243; override_padding=&#8220;yes&#8220; h_padding=&#8220;0&#8243; top_padding=&#8220;0&#8243; bottom_padding=&#8220;0&#8243; overlay_alpha=&#8220;100&#8243; gutter_size=&#8220;0&#8243; style=&#8220;inherited&#8220;][\/vc_row][vc_row unlock_row_content=&#8220;yes&#8220; row_height_percent=&#8220;0&#8243; override_padding=&#8220;yes&#8220; h_padding=&#8220;0&#8243; top_padding=&#8220;0&#8243; bottom_padding=&#8220;0&#8243; overlay_alpha=&#8220;50&#8243; equal_height=&#8220;yes&#8220; gutter_size=&#8220;0&#8243; shift_y=&#8220;0&#8243;][\/vc_row][vc_row unlock_row_content=&#8220;yes&#8220; row_height_percent=&#8220;0&#8243; override_padding=&#8220;yes&#8220; h_padding=&#8220;0&#8243; top_padding=&#8220;0&#8243; bottom_padding=&#8220;0&#8243; overlay_alpha=&#8220;100&#8243; gutter_size=&#8220;0&#8243; style=&#8220;inherited&#8220;][\/vc_row][vc_row unlock_row_content=&#8220;yes&#8220; row_height_percent=&#8220;0&#8243; override_padding=&#8220;yes&#8220; h_padding=&#8220;0&#8243; top_padding=&#8220;0&#8243; bottom_padding=&#8220;0&#8243; overlay_alpha=&#8220;50&#8243; equal_height=&#8220;yes&#8220; gutter_size=&#8220;0&#8243; shift_y=&#8220;0&#8243;][\/vc_row][vc_row row_height_percent=&#8220;0&#8243; override_padding=&#8220;yes&#8220; h_padding=&#8220;2&#8243; top_padding=&#8220;2&#8243; bottom_padding=&#8220;5&#8243; overlay_alpha=&#8220;50&#8243; gutter_size=&#8220;3&#8243; column_width_percent=&#8220;100&#8243; shift_y=&#8220;0&#8243; z_index=&#8220;0&#8243;][vc_column column_width_use_pixel=&#8220;yes&#8220; gutter_size=&#8220;3&#8243; back_color=&#8220;color-lxmt&#8220; overlay_alpha=&#8220;50&#8243; shift_x=&#8220;0&#8243; shift_y=&#8220;0&#8243; shift_y_down=&#8220;0&#8243; z_index=&#8220;0&#8243; medium_width=&#8220;0&#8243; mobile_width=&#8220;0&#8243; width=&#8220;1\/1&#8243; column_width_pixel=&#8220;900&#8243;][vc_custom_heading heading_semantic=&#8220;h3&#8243; text_font=&#8220;font-385128&#8243; text_size=&#8220;h3&#8243; text_height=&#8220;fontheight-357766&#8243; uncode_shortcode_id=&#8220;183345&#8243;]<span class=\"font-385128\"> \u201eVetspanel ist genial. Eine tolle M\u00f6glichkeit, Einfluss auf neue Produkte und Ideen zu nehmen und Unternehmen dabei zu helfen, zu wissen, wie sie am besten f\u00fcr die Tier\u00e4rzteschaft sorgen k\u00f6nnen. Vetspanel ist so einfach zu bedienen und wirklich interessant und informativ. Es ist toll, Ideen von anderen Fachleuten zu h\u00f6ren, und es ist interessant zu sehen, welche neuen Produkte in der Entwicklung sind. Eine tolle M\u00f6glichkeit, etwas zur\u00fcckzugeben, Teil der Zukunft zu sein und gleichzeitig Spa\u00df zu haben\u201c.<\/span>[\/vc_custom_heading][vc_column_text]\u2014 Chris, Tierarzt, Vereinigtes K\u00f6nigreich[\/vc_column_text][\/vc_column][\/vc_row][vc_row row_height_percent=&#8220;0&#8243; override_padding=&#8220;yes&#8220; h_padding=&#8220;2&#8243; top_padding=&#8220;2&#8243; bottom_padding=&#8220;2&#8243; overlay_alpha=&#8220;100&#8243; gutter_size=&#8220;3&#8243; column_width_percent=&#8220;100&#8243; border_color=&#8220;color-gyho&#8220; border_style=&#8220;solid&#8220; shift_y=&#8220;0&#8243; z_index=&#8220;0&#8243;][vc_column column_width_percent=&#8220;100&#8243; align_horizontal=&#8220;align_center&#8220; gutter_size=&#8220;3&#8243; overlay_alpha=&#8220;100&#8243; shift_x=&#8220;0&#8243; shift_y=&#8220;0&#8243; z_index=&#8220;0&#8243; medium_width=&#8220;0&#8243; zoom_width=&#8220;0&#8243; zoom_height=&#8220;0&#8243; width=&#8220;1\/1&#8243;][vc_custom_heading heading_semantic=&#8220;h4&#8243; text_font=&#8220;font-385128&#8243; text_size=&#8220;h4&#8243; uncode_shortcode_id=&#8220;168488&#8243;]<\/p>\n<h3 style=\"text-align: center;\"><span class=\"font-385128\">Unsere Partner<br \/>\n<\/span><\/h3>\n<p>[\/vc_custom_heading][vc_gallery el_id=&#8220;gallery-85457&#8243; type=&#8220;carousel&#8220; medias=&#8220;88332,88329,88328,88330,88327,88331&#8243; carousel_lg=&#8220;7&#8243; carousel_md=&#8220;5&#8243; carousel_sm=&#8220;3&#8243; gutter_size=&#8220;3&#8243; media_items=&#8220;media|nolink|original,icon&#8220; carousel_interval=&#8220;3000&#8243; carousel_navspeed=&#8220;400&#8243; carousel_loop=&#8220;yes&#8220; stage_padding=&#8220;0&#8243; single_overlay_opacity=&#8220;50&#8243; single_overlay_anim=&#8220;no&#8220; single_text_anim=&#8220;no&#8220; single_image_anim=&#8220;no&#8220; single_padding=&#8220;2&#8243; single_border=&#8220;yes&#8220; title=&#8220;Kunden&#8220;][\/vc_column][\/vc_row]<\/p>\n<\/div>","protected":false},"excerpt":{"rendered":"<p>[vc_row unlock_row_content=&#8220;yes&#8220; row_height_percent=&#8220;0&#8243; override_padding=&#8220;yes&#8220; h_padding=&#8220;0&#8243; top_padding=&#8220;0&#8243; bottom_padding=&#8220;0&#8243; overlay_alpha=&#8220;100&#8243; gutter_size=&#8220;0&#8243; style=&#8220;inherited&#8220;][\/vc_row][vc_row unlock_row_content=&#8220;yes&#8220; row_height_percent=&#8220;0&#8243; override_padding=&#8220;yes&#8220; h_padding=&#8220;0&#8243; top_padding=&#8220;0&#8243; bottom_padding=&#8220;0&#8243; overlay_alpha=&#8220;50&#8243; equal_height=&#8220;yes&#8220; gutter_size=&#8220;0&#8243; shift_y=&#8220;0&#8243;][\/vc_row][vc_row [&hellip;]<\/p>\n","protected":false},"author":14,"featured_media":0,"parent":0,"menu_order":0,"comment_status":"closed","ping_status":"closed","template":"","meta":{"_monsterinsights_skip_tracking":false,"_monsterinsights_sitenote_active":false,"_monsterinsights_sitenote_note":"","_monsterinsights_sitenote_category":0,"footnotes":""},"class_list":["post-110809","page","type-page","status-publish","hentry"],"_links":{"self":[{"href":"https:\/\/www.vetspanel.com\/de\/wp-json\/wp\/v2\/pages\/110809","targetHints":{"allow":["GET"]}}],"collection":[{"href":"https:\/\/www.vetspanel.com\/de\/wp-json\/wp\/v2\/pages"}],"about":[{"href":"https:\/\/www.vetspanel.com\/de\/wp-json\/wp\/v2\/types\/page"}],"author":[{"embeddable":true,"href":"https:\/\/www.vetspanel.com\/de\/wp-json\/wp\/v2\/users\/14"}],"replies":[{"embeddable":true,"href":"https:\/\/www.vetspanel.com\/de\/wp-json\/wp\/v2\/comments?post=110809"}],"version-history":[{"count":0,"href":"https:\/\/www.vetspanel.com\/de\/wp-json\/wp\/v2\/pages\/110809\/revisions"}],"wp:attachment":[{"href":"https:\/\/www.vetspanel.com\/de\/wp-json\/wp\/v2\/media?parent=110809"}],"curies":[{"name":"wp","href":"https:\/\/api.w.org\/{rel}","templated":true}]}}