{"id":95303,"date":"2022-08-30T11:58:44","date_gmt":"2022-08-30T11:58:44","guid":{"rendered":"https:\/\/www.vetspanel.com\/gdpr-privatlivspolitik\/"},"modified":"2022-08-31T10:40:22","modified_gmt":"2022-08-31T10:40:22","slug":"gdpr-privatlivspolitik","status":"publish","type":"page","link":"https:\/\/www.vetspanel.com\/da\/gdpr-privatlivspolitik\/","title":{"rendered":"GDPR Privatlivspolitik"},"content":{"rendered":"<div class=\"wpb-content-wrapper\"><p>[vc_row][vc_column column_width_percent=&#8221;100&#8243; gutter_size=&#8221;3&#8243; overlay_alpha=&#8221;50&#8243; shift_x=&#8221;0&#8243; shift_y=&#8221;0&#8243; shift_y_down=&#8221;0&#8243; z_index=&#8221;0&#8243; medium_width=&#8221;0&#8243; mobile_width=&#8221;0&#8243; width=&#8221;1\/1&#8243; uncode_shortcode_id=&#8221;277968&#8243;][vc_custom_heading text_color=&#8221;color-prif&#8221; heading_semantic=&#8221;h1&#8243; text_font=&#8221;font-145443&#8243; text_size=&#8221;h1&#8243; text_uppercase=&#8221;&#8221; uncode_shortcode_id=&#8221;767435&#8243; text_color_type=&#8221;uncode-palette&#8221;]<span class=\"font-385128\">GDPR Privatlivspolitik<\/span>[\/vc_custom_heading][\/vc_column][\/vc_row][vc_row row_height_percent=&#8221;0&#8243; override_padding=&#8221;yes&#8221; h_padding=&#8221;2&#8243; top_padding=&#8221;2&#8243; bottom_padding=&#8221;5&#8243; overlay_alpha=&#8221;100&#8243; gutter_size=&#8221;3&#8243; column_width_percent=&#8221;100&#8243; shift_y=&#8221;0&#8243; z_index=&#8221;0&#8243; row_height_use_pixel=&#8221;&#8221; uncode_shortcode_id=&#8221;228376&#8243;][vc_column column_width_percent=&#8221;100&#8243; align_horizontal=&#8221;align_center&#8221; gutter_size=&#8221;3&#8243; overlay_alpha=&#8221;50&#8243; shift_x=&#8221;0&#8243; shift_y=&#8221;0&#8243; shift_y_down=&#8221;0&#8243; z_index=&#8221;0&#8243; medium_width=&#8221;0&#8243; mobile_width=&#8221;0&#8243; zoom_width=&#8221;0&#8243; zoom_height=&#8221;0&#8243; uncode_shortcode_id=&#8221;471945&#8243;][vc_column_text text_lead=&#8221;yes&#8221; uncode_shortcode_id=&#8221;210575&#8243;]<\/p>\n<p style=\"text-align: left;\"><span class=\"font-385128\">Denne privatlivspolitik refererer til indsamling af personlige data af CM Research eller Vetspanel og vedr\u00f8rer enhver persondata indsamlet af enhver unders\u00f8gelse eller panelrelateret \u00e5rsag.<\/span><\/p>\n<p style=\"text-align: left;\"><span class=\"font-385128\"><strong>HVEM VI ER:<\/strong><\/span><\/p>\n<p style=\"text-align: left;\"><span class=\"font-385128\">Vetspanel er et online uafh\u00e6ngigt meningspanel af veterin\u00e6rprofessionelle, ejet og ledet af CM Research Ltd. CM Research udf\u00f8rer ogs\u00e5 markedsunders\u00f8gelser. Vi er baseret p\u00e5:<br \/>\nFirst Floor,<br \/>\n74 Church Street,<br \/>\nLeatherhead<br \/>\nSurrey<br \/>\nKT22 8ER<br \/>\nStorbritannien<br \/>\n<a href=\"https:\/\/www.cm-research.com\/\" target=\"\u201d_blank\u201d\" rel=\"noopener\">https:\/\/www.cm-research.com\/<\/a> <\/span><\/p>\n<p style=\"text-align: left;\"><span class=\"font-385128\">For eventuelle GDPR- eller databeskyttelsesforesp\u00f8rgsler bedes du kontakte vores databeskyttelsesansvarlige p\u00e5 <a href=\"mailto:gdpr@cm-research.com\" target=\"blank\" rel=\"noopener\">gdpr@cm-research.com<\/a>. For mere generelle sp\u00f8rgsm\u00e5l, kontakt os venligst p\u00e5 <a href=\"mailto:contact@vetspanel.com\" target=\"blank\" rel=\"noopener\">contact@vetspanel.com<\/a>.<\/span><\/p>\n<p style=\"text-align: left;\"><span class=\"font-385128\"><strong>HVAD G\u00d8R VI OG HVORFOR?<\/strong><\/span><\/p>\n<p style=\"text-align: left;\"><span class=\"font-385128\">De personoplysninger, vi indsamler, varierer afh\u00e6ngigt af situationen, men generelt omfatter personoplysninger:<br \/>\n\u2022 Navn<br \/>\n\u2022 Hjemmeadresse \/ Klinikadresse<br \/>\n\u2022 Telefon nummer<br \/>\n\u2022 Email adresse<br \/>\n\u2022 F\u00f8dselsdato<br \/>\n\u2022 Stemmeoptagelse<br \/>\n\u2022 Foto\/video af ansigt<\/span><\/p>\n<p style=\"text-align: left;\"><span class=\"font-385128\">Vi indsamler kun personoplysninger til markedsunders\u00f8gelser og kun med dit samtykke. De specifikke markedsunders\u00f8gelsesopgaver, vi bruger personoplysningerne til, omfatter: <\/span><\/p>\n<p style=\"text-align: left;\"><span class=\"font-385128\">\u2022 At rekruttere til panelet<br \/>\n\u2022 At invitere paneldeltagere til unders\u00f8gelser (via e-mail)<br \/>\n\u2022 Kontakt paneldeltagere om manglende oplysninger i deres profil (via e-mail)<br \/>\n\u2022 At betale ikke-paneldeltagere for at deltage i en unders\u00f8gelse<br \/>\n\u2022 At rekruttere til en ansigt-til-ansigt eller telefonunders\u00f8gelse<br \/>\n\u2022 At gennemf\u00f8re en ansigt-til-ansigt eller telefonunders\u00f8gelse efter rekruttering<\/span><\/p>\n<p style=\"text-align: left;\"><span class=\"font-385128\">\u00c5rsagen, der er g\u00e6ldende, vil blive specificeret p\u00e5 afhentningsstedet, og der vil altid blive anmodet om udtrykkeligt samtykke.<\/span><\/p>\n<p style=\"text-align: left;\"><span class=\"font-385128\">Ansatte hos CM Research er baseret i Storbritannien, som er omfattet af UK GDPR, og ogs\u00e5 Spanien, hvor EU GDPR g\u00e6lder med samme begr\u00e6nsninger. Personlige data (inklusive video-\/lydoptagelser) deles aldrig uden for CM Research uden dit udtrykkelige samtykke.<\/span><\/p>\n<p style=\"text-align: left;\"><span class=\"font-385128\"><strong>TILBAGEHOLDELSESPERIODE<\/strong><\/span><\/p>\n<p style=\"text-align: left;\"><span class=\"font-385128\">Alle personlige data vedr\u00f8rende en bestemt unders\u00f8gelse vil blive slettet tre m\u00e5neder efter projektets lukning. <\/span><\/p>\n<p style=\"text-align: left;\"><span class=\"font-385128\">Personoplysninger gemt i panelet vil blive opbevaret indtil 2 \u00e5r efter sidste unders\u00f8gelsesdeltagelse, hvorefter paneldeltageren vil blive kontaktet og spurgt, om de \u00f8nsker at forblive i panelet.<\/span><\/p>\n<p style=\"text-align: left;\"><span class=\"font-385128\"><strong>DINE RETTIGHEDER<\/strong><\/span><\/p>\n<p style=\"text-align: left;\"><span class=\"font-385128\">Du er ikke forpligtet til at afgive personoplysninger til CM Research\/Vetspanel og har ret til at afvise. Dette kan resultere i, at du ikke kan deltage i unders\u00f8gelsen, eller at vi ikke kan betale dig.<\/span><\/p>\n<p style=\"text-align: left;\"><span class=\"font-385128\">Skulle du \u00e6ndre mening om at deltage i en unders\u00f8gelse (retten til at tr\u00e6kke samtykke tilbage), kan du g\u00f8re et af f\u00f8lgende:<\/span><\/p>\n<p style=\"text-align: left;\"><span class=\"font-385128\">\u2022 Hvis du er midtvejs i unders\u00f8gelsen, skal du blot lukke din browser eller informere intervieweren om, at du ikke l\u00e6ngere \u00f8nsker at deltage.<br \/>\n\u2022 Hvis du allerede har afsluttet unders\u00f8gelsen, bedes du kontakte os p\u00e5 <a href=\"mailto:contact@vetspanel.com\" target=\"blank\" rel=\"noopener\">contact@vetspanel.com<\/a> <\/span><\/p>\n<p style=\"text-align: left;\"><span class=\"font-385128\">Du har ret til at se eller \u00e6ndre de data, vi har om dig. Kontakt os venligst p\u00e5 <a href=\"mailto:gdpr@cm-research.com\" target=\"blank\" rel=\"noopener\">gdpr@cm-research.com<\/a>, og vi sender dig den relevante anmodningsformular.<\/span><\/p>\n<p style=\"text-align: left;\"><span class=\"font-385128\">Du har ogs\u00e5 ret til at anmode om, at vi sletter alle data, vi har om dig (retten til sletning). Endnu en gang, kontakt os venligst p\u00e5 <a href=\"mailto:gdpr@cm-research.com\" target=\"blank\" rel=\"noopener\">gdpr@cm-research.com<\/a>, og vi sender dig den relevante anmodningsformular.<\/span><\/p>\n<p style=\"text-align: left;\"><span class=\"font-385128\">Hvis du \u00f8nsker at indgive en GDPR-relateret klage over CM Research eller Vetspanel, bedes du kontakte os i f\u00f8rste omgang p\u00e5 <a href=\"mailto:gdpr@cm-research.com\" target=\"blank\" rel=\"noopener\">gdpr@cm-research.com<\/a>, eller p\u00e5 anden m\u00e5de kontakte Information Commissioner&#8217;s Office (ICO) p\u00e5 <a href=\"https:\/\/ico.org.uk\/\" target=\"\u201d_blank\u201d\" rel=\"noopener\">https:\/\/ico.org.uk\/<\/a> <\/span><\/p>\n<p>[\/vc_column_text][\/vc_column][\/vc_row]<\/p>\n<\/div>","protected":false},"excerpt":{"rendered":"<p>[vc_row][vc_column column_width_percent=&#8221;100&#8243; gutter_size=&#8221;3&#8243; overlay_alpha=&#8221;50&#8243; shift_x=&#8221;0&#8243; shift_y=&#8221;0&#8243; shift_y_down=&#8221;0&#8243; z_index=&#8221;0&#8243; medium_width=&#8221;0&#8243; mobile_width=&#8221;0&#8243; width=&#8221;1\/1&#8243; uncode_shortcode_id=&#8221;277968&#8243;][vc_custom_heading text_color=&#8221;color-prif&#8221; heading_semantic=&#8221;h1&#8243; text_font=&#8221;font-145443&#8243; text_size=&#8221;h1&#8243; text_uppercase=&#8221;&#8221; uncode_shortcode_id=&#8221;767435&#8243; text_color_type=&#8221;uncode-palette&#8221;]GDPR Privatlivspolitik[\/vc_custom_heading][\/vc_column][\/vc_row][vc_row [&hellip;]<\/p>\n","protected":false},"author":14,"featured_media":0,"parent":0,"menu_order":0,"comment_status":"closed","ping_status":"closed","template":"","meta":{"_monsterinsights_skip_tracking":false,"_monsterinsights_sitenote_active":false,"_monsterinsights_sitenote_note":"","_monsterinsights_sitenote_category":0,"footnotes":""},"class_list":["post-95303","page","type-page","status-publish","hentry"],"_links":{"self":[{"href":"https:\/\/www.vetspanel.com\/da\/wp-json\/wp\/v2\/pages\/95303","targetHints":{"allow":["GET"]}}],"collection":[{"href":"https:\/\/www.vetspanel.com\/da\/wp-json\/wp\/v2\/pages"}],"about":[{"href":"https:\/\/www.vetspanel.com\/da\/wp-json\/wp\/v2\/types\/page"}],"author":[{"embeddable":true,"href":"https:\/\/www.vetspanel.com\/da\/wp-json\/wp\/v2\/users\/14"}],"replies":[{"embeddable":true,"href":"https:\/\/www.vetspanel.com\/da\/wp-json\/wp\/v2\/comments?post=95303"}],"version-history":[{"count":0,"href":"https:\/\/www.vetspanel.com\/da\/wp-json\/wp\/v2\/pages\/95303\/revisions"}],"wp:attachment":[{"href":"https:\/\/www.vetspanel.com\/da\/wp-json\/wp\/v2\/media?parent=95303"}],"curies":[{"name":"wp","href":"https:\/\/api.w.org\/{rel}","templated":true}]}}