{"id":94514,"date":"2021-05-12T11:11:52","date_gmt":"2021-05-12T11:11:52","guid":{"rendered":"https:\/\/www.vetspanel.com\/screening-af-undersoegelsen\/"},"modified":"2022-08-11T10:59:29","modified_gmt":"2022-08-11T10:59:29","slug":"screening-af-undersoegelsen","status":"publish","type":"page","link":"https:\/\/www.vetspanel.com\/da\/screening-af-undersoegelsen\/","title":{"rendered":"Screening af unders\u00f8gelsen"},"content":{"rendered":"<div class=\"wpb-content-wrapper\"><p>[vc_row][vc_column column_width_percent=&#8221;100&#8243; align_horizontal=&#8221;align_center&#8221; gutter_size=&#8221;3&#8243; overlay_alpha=&#8221;50&#8243; shift_x=&#8221;0&#8243; shift_y=&#8221;0&#8243; shift_y_down=&#8221;0&#8243; z_index=&#8221;0&#8243; medium_width=&#8221;0&#8243; mobile_width=&#8221;0&#8243; width=&#8221;1\/1&#8243;][vc_icon icon=&#8221;fa fa-close&#8221; icon_color=&#8221;color-rgdb&#8221; size=&#8221;fa-5x&#8221;][\/vc_icon][\/vc_column][\/vc_row][vc_row][vc_column column_width_percent=&#8221;100&#8243; align_horizontal=&#8221;align_center&#8221; gutter_size=&#8221;3&#8243; overlay_alpha=&#8221;50&#8243; shift_x=&#8221;0&#8243; shift_y=&#8221;0&#8243; shift_y_down=&#8221;0&#8243; z_index=&#8221;0&#8243; medium_width=&#8221;0&#8243; mobile_width=&#8221;0&#8243; width=&#8221;1\/1&#8243;][vc_custom_heading uncode_shortcode_id=&#8221;872688&#8243;]<span class=\"font-385128\">Desv\u00e6rre opfyldte du i dette tilf\u00e6lde ikke screeningkriterierne for denne unders\u00f8gelse. Hvis kravene \u00e6ndres, giver vi dig besked. Tak for din tid. <\/span>[\/vc_custom_heading][\/vc_column][\/vc_row][vc_row][vc_column column_width_percent=&#8221;100&#8243; align_horizontal=&#8221;align_center&#8221; gutter_size=&#8221;3&#8243; overlay_alpha=&#8221;50&#8243; shift_x=&#8221;0&#8243; shift_y=&#8221;0&#8243; shift_y_down=&#8221;0&#8243; z_index=&#8221;0&#8243; medium_width=&#8221;0&#8243; mobile_width=&#8221;0&#8243; width=&#8221;1\/1&#8243; uncode_shortcode_id=&#8221;206923&#8243;][vc_button button_color=&#8221;color-rgdb&#8221; size=&#8221;btn-xl&#8221; radius=&#8221;btn-circle&#8221; hover_fx=&#8221;outlined&#8221; outline=&#8221;yes&#8221; text_skin=&#8221;yes&#8221; custom_typo=&#8221;yes&#8221; font_family=&#8221;font-385128&#8243; font_weight=&#8221;600&#8243; border_width=&#8221;2&#8243; link=&#8221;url:https%3A%2F%2Fwww.vetspanel.com%2Fda%2Fmedlemslogin%2F|title:Tilmeld%20dig|&#8221; width=&#8221;150&#8243; button_color_type=&#8221;uncode-palette&#8221; uncode_shortcode_id=&#8221;247342&#8243;]Log ind[\/vc_button][\/vc_column][\/vc_row]<\/p>\n<\/div>","protected":false},"excerpt":{"rendered":"<p>[vc_row][vc_column column_width_percent=&#8221;100&#8243; align_horizontal=&#8221;align_center&#8221; gutter_size=&#8221;3&#8243; overlay_alpha=&#8221;50&#8243; shift_x=&#8221;0&#8243; shift_y=&#8221;0&#8243; shift_y_down=&#8221;0&#8243; z_index=&#8221;0&#8243; medium_width=&#8221;0&#8243; mobile_width=&#8221;0&#8243; width=&#8221;1\/1&#8243;][vc_icon icon=&#8221;fa fa-close&#8221; icon_color=&#8221;color-rgdb&#8221; size=&#8221;fa-5x&#8221;][\/vc_icon][\/vc_column][\/vc_row][vc_row][vc_column column_width_percent=&#8221;100&#8243; align_horizontal=&#8221;align_center&#8221; gutter_size=&#8221;3&#8243; overlay_alpha=&#8221;50&#8243; [&hellip;]<\/p>\n","protected":false},"author":2,"featured_media":0,"parent":0,"menu_order":0,"comment_status":"closed","ping_status":"closed","template":"","meta":{"_monsterinsights_skip_tracking":false,"_monsterinsights_sitenote_active":false,"_monsterinsights_sitenote_note":"","_monsterinsights_sitenote_category":0,"footnotes":""},"class_list":["post-94514","page","type-page","status-publish","hentry"],"_links":{"self":[{"href":"https:\/\/www.vetspanel.com\/da\/wp-json\/wp\/v2\/pages\/94514","targetHints":{"allow":["GET"]}}],"collection":[{"href":"https:\/\/www.vetspanel.com\/da\/wp-json\/wp\/v2\/pages"}],"about":[{"href":"https:\/\/www.vetspanel.com\/da\/wp-json\/wp\/v2\/types\/page"}],"author":[{"embeddable":true,"href":"https:\/\/www.vetspanel.com\/da\/wp-json\/wp\/v2\/users\/2"}],"replies":[{"embeddable":true,"href":"https:\/\/www.vetspanel.com\/da\/wp-json\/wp\/v2\/comments?post=94514"}],"version-history":[{"count":0,"href":"https:\/\/www.vetspanel.com\/da\/wp-json\/wp\/v2\/pages\/94514\/revisions"}],"wp:attachment":[{"href":"https:\/\/www.vetspanel.com\/da\/wp-json\/wp\/v2\/media?parent=94514"}],"curies":[{"name":"wp","href":"https:\/\/api.w.org\/{rel}","templated":true}]}}