{"id":95302,"date":"2022-08-30T11:58:44","date_gmt":"2022-08-30T11:58:44","guid":{"rendered":"https:\/\/www.vetspanel.com\/zasady-ochrany-osobnich-udaju-gdpr\/"},"modified":"2022-08-30T14:01:48","modified_gmt":"2022-08-30T14:01:48","slug":"zasady-ochrany-osobnich-udaju-gdpr","status":"publish","type":"page","link":"https:\/\/www.vetspanel.com\/cs\/zasady-ochrany-osobnich-udaju-gdpr\/","title":{"rendered":"Z\u00e1sady ochrany osobn\u00edch \u00fadaj\u016f GDPR"},"content":{"rendered":"<div class=\"wpb-content-wrapper\"><p>[vc_row][vc_column column_width_percent=&#8220;100&#8243; gutter_size=&#8220;3&#8243; overlay_alpha=&#8220;50&#8243; shift_x=&#8220;0&#8243; shift_y=&#8220;0&#8243; shift_y_down=&#8220;0&#8243; z_index=&#8220;0&#8243; medium_width=&#8220;0&#8243; mobile_width=&#8220;0&#8243; width=&#8220;1\/1&#8243; uncode_shortcode_id=&#8220;277968&#8243;][vc_custom_heading text_color=&#8220;color-prif&#8220; heading_semantic=&#8220;h1&#8243; text_font=&#8220;font-145443&#8243; text_size=&#8220;h1&#8243; text_uppercase=&#8220;&#8220; uncode_shortcode_id=&#8220;767435&#8243; text_color_type=&#8220;uncode-palette&#8220;]<span class=\"font-385128\">Z\u00e1sady ochrany osobn\u00edch \u00fadaj\u016f GDPR<\/span>[\/vc_custom_heading][\/vc_column][\/vc_row][vc_row row_height_percent=&#8220;0&#8243; override_padding=&#8220;yes&#8220; h_padding=&#8220;2&#8243; top_padding=&#8220;2&#8243; bottom_padding=&#8220;5&#8243; overlay_alpha=&#8220;100&#8243; gutter_size=&#8220;3&#8243; column_width_percent=&#8220;100&#8243; shift_y=&#8220;0&#8243; z_index=&#8220;0&#8243; row_height_use_pixel=&#8220;&#8220; uncode_shortcode_id=&#8220;228376&#8243;][vc_column column_width_percent=&#8220;100&#8243; align_horizontal=&#8220;align_center&#8220; gutter_size=&#8220;3&#8243; overlay_alpha=&#8220;50&#8243; shift_x=&#8220;0&#8243; shift_y=&#8220;0&#8243; shift_y_down=&#8220;0&#8243; z_index=&#8220;0&#8243; medium_width=&#8220;0&#8243; mobile_width=&#8220;0&#8243; zoom_width=&#8220;0&#8243; zoom_height=&#8220;0&#8243; uncode_shortcode_id=&#8220;471945&#8243;][vc_column_text text_lead=&#8220;yes&#8220; uncode_shortcode_id=&#8220;210575&#8243;]<\/p>\n<p style=\"text-align: left;\"><span class=\"font-385128\">Tyto z\u00e1sady ochrany osobn\u00edch \u00fadaj\u016f se t\u00fdkaj\u00ed shroma\u017e\u010fov\u00e1n\u00ed osobn\u00edch \u00fadaj\u016f spole\u010dnost\u00ed CM Research nebo Vetspanel a t\u00fdkaj\u00ed se jak\u00fdchkoli osobn\u00edch \u00fadaj\u016f shrom\u00e1\u017ed\u011bn\u00fdch z d\u016fvodu jak\u00e9hokoli pr\u016fzkumu nebo panelu.<\/span><\/p>\n<p style=\"text-align: left;\"><span class=\"font-385128\"><strong>KDO JSME:<\/strong><\/span><\/p>\n<p style=\"text-align: left;\"><span class=\"font-385128\">Vetspanel je online nez\u00e1visl\u00fd n\u00e1zorov\u00fd panel veterin\u00e1rn\u00edch odborn\u00edk\u016f, kter\u00fd vlastn\u00ed a spravuje spole\u010dnost CM Research Ltd. CM Research tak\u00e9 prov\u00e1d\u00ed pr\u016fzkumy trhu. S\u00eddl\u00edme na adrese:<br \/>\nFirst Floor,<br \/>\n74 Church Street,<br \/>\nLeatherhead<br \/>\nSurrey<br \/>\nKT22 8ER<br \/>\nSpojen\u00e9 kr\u00e1lovstv\u00ed<br \/>\n<a href=\"https:\/\/www.cm-research.com\/\" target=\"\u201d_blank\u201d\" rel=\"noopener\">https:\/\/www.cm-research.com\/<\/a> <\/span><\/p>\n<p style=\"text-align: left;\"><span class=\"font-385128\">V p\u0159\u00edpad\u011b jak\u00fdchkoli dotaz\u016f t\u00fdkaj\u00edc\u00edch se GDPR nebo ochrany osobn\u00edch \u00fadaj\u016f kontaktujte na\u0161eho pov\u011b\u0159ence pro ochranu osobn\u00edch \u00fadaj\u016f na adrese <a href=\"mailto:gdpr@cm-research.com\" target=\"blank\" rel=\"noopener\">gdpr@cm-research.com<\/a>. Pro obecn\u011bj\u0161\u00ed dotazy n\u00e1s pros\u00edm kontaktujte na <a href=\"mailto:contact@vetspanel.com\" target=\"blank\" rel=\"noopener\">contact@vetspanel.com<\/a>.<\/span><\/p>\n<p style=\"text-align: left;\"><span class=\"font-385128\"><strong>CO D\u011aL\u00c1ME A PRO\u010c?<\/strong><\/span><\/p>\n<p style=\"text-align: left;\"><span class=\"font-385128\">Osobn\u00ed \u00fadaje, kter\u00e9 shroma\u017e\u010fujeme, se li\u0161\u00ed v z\u00e1vislosti na situaci, ale obecn\u011b mezi osobn\u00ed \u00fadaje pat\u0159\u00ed:<br \/>\n\u2022 N\u00e1zev<br \/>\n\u2022 Adresa domova \/ Adresa kliniky<br \/>\n\u2022 Telefonn\u00ed \u010d\u00edslo<br \/>\n\u2022 Emailov\u00e1 adresa<br \/>\n\u2022 Datum narozen\u00ed<br \/>\n\u2022 Hlasov\u00e9 nahr\u00e1v\u00e1n\u00ed<br \/>\n\u2022 Fotografie\/video obli\u010deje<\/span><\/p>\n<p style=\"text-align: left;\"><span class=\"font-385128\">Osobn\u00ed \u00fadaje shroma\u017e\u010fujeme pouze pro \u00fa\u010dely pr\u016fzkumu trhu a pouze s va\u0161\u00edm souhlasem. Mezi konkr\u00e9tn\u00ed \u00fakoly pr\u016fzkumu trhu, pro kter\u00e9 pou\u017e\u00edv\u00e1me osobn\u00ed \u00fadaje, pat\u0159\u00ed: <\/span><\/p>\n<p style=\"text-align: left;\"><span class=\"font-385128\">\u2022 N\u00e1bor do panelu<br \/>\n\u2022 Pozvat \u010dleny panelu k pr\u016fzkum\u016fm (e-mailem)<br \/>\n\u2022 Kontaktov\u00e1n\u00ed \u010dlen\u016f panelu ohledn\u011b chyb\u011bj\u00edc\u00edch informac\u00ed v jejich profilu (e-mailem)<br \/>\n\u2022 Platit ne\u010dlen\u016fm panelu za \u00fa\u010dast v pr\u016fzkumu<br \/>\n\u2022 N\u00e1bor pro osobn\u00ed nebo telefonick\u00fd pr\u016fzkum<br \/>\n\u2022 Po n\u00e1boru prov\u00e9st osobn\u00ed nebo telefonick\u00fd pr\u016fzkum<\/span><\/p>\n<p style=\"text-align: left;\"><span class=\"font-385128\">D\u016fvod, kter\u00fd plat\u00ed, bude up\u0159esn\u011bn v m\u00edst\u011b odb\u011bru a v\u017edy bude vy\u017eadov\u00e1n v\u00fdslovn\u00fd souhlas.<\/span><\/p>\n<p style=\"text-align: left;\"><span class=\"font-385128\">Zam\u011bstnanci spole\u010dnosti CM Research s\u00eddl\u00ed ve Velk\u00e9 Brit\u00e1nii, na kterou se vztahuje britsk\u00e9 GDPR, a tak\u00e9 ve \u0160pan\u011blsku, kde plat\u00ed EU GDPR se stejn\u00fdmi omezen\u00edmi. Osobn\u00ed \u00fadaje (v\u010detn\u011b video\/audio nahr\u00e1vek) nejsou nikdy sd\u00edleny mimo CM Research bez va\u0161eho v\u00fdslovn\u00e9ho souhlasu.<\/span><\/p>\n<p style=\"text-align: left;\"><span class=\"font-385128\"><strong>DOBA UCHOV\u00c1V\u00c1N\u00cd<\/strong><\/span><\/p>\n<p style=\"text-align: left;\"><span class=\"font-385128\">V\u0161echny osobn\u00ed \u00fadaje t\u00fdkaj\u00edc\u00ed se konkr\u00e9tn\u00edho pr\u016fzkumu budou vymaz\u00e1ny t\u0159i m\u011bs\u00edce po ukon\u010den\u00ed projektu. <\/span><\/p>\n<p style=\"text-align: left;\"><span class=\"font-385128\">Osobn\u00ed \u00fadaje ulo\u017een\u00e9 v panelu budou uchov\u00e1v\u00e1ny po dobu 2 let od posledn\u00ed \u00fa\u010dasti v pr\u016fzkumu, pot\u00e9 bude panelista kontaktov\u00e1n a dot\u00e1z\u00e1n, zda si p\u0159eje z\u016fstat v panelu.<\/span><\/p>\n<p style=\"text-align: left;\"><span class=\"font-385128\"><strong>VA\u0160E PR\u00c1VA<\/strong><\/span><\/p>\n<p style=\"text-align: left;\"><span class=\"font-385128\">Nem\u00e1te \u017e\u00e1dnou povinnost poskytnout osobn\u00ed \u00fadaje spole\u010dnosti CM Research\/Vetspanel a m\u00e1te pr\u00e1vo je odm\u00edtnout. To m\u016f\u017ee m\u00edt za n\u00e1sledek, \u017ee se nebudete moci z\u00fa\u010dastnit pr\u016fzkumu nebo \u017ee v\u00e1m nebudeme moci zaplatit.<\/span><\/p>\n<p style=\"text-align: left;\"><span class=\"font-385128\">Pokud zm\u011bn\u00edte n\u00e1zor na \u00fa\u010dast v pr\u016fzkumu (pr\u00e1vo odvolat souhlas), m\u016f\u017eete prov\u00e9st jednu z n\u00e1sleduj\u00edc\u00edch akc\u00ed:<\/span><\/p>\n<p style=\"text-align: left;\"><span class=\"font-385128\">\u2022 Pokud jste v polovin\u011b pr\u016fzkumu, jednodu\u0161e zav\u0159ete prohl\u00ed\u017ee\u010d nebo informujte tazatele, \u017ee se ji\u017e nechcete \u00fa\u010dastnit.<br \/>\n\u2022 Pokud jste ji\u017e pr\u016fzkum dokon\u010dili, kontaktujte n\u00e1s na <a href=\"mailto:contact@vetspanel.com\" target=\"blank\" rel=\"noopener\">contact@vetspanel.com<\/a> <\/span><\/p>\n<p style=\"text-align: left;\"><span class=\"font-385128\">M\u00e1te pr\u00e1vo zobrazit nebo upravit \u00fadaje, kter\u00e9 o v\u00e1s uchov\u00e1v\u00e1me. Kontaktujte n\u00e1s pros\u00edm na<a href=\"mailto:gdpr@cm-research.com\" target=\"blank\" rel=\"noopener\">gdpr@cm-research.com<\/a> a my v\u00e1m za\u0161leme p\u0159\u00edslu\u0161n\u00fd formul\u00e1\u0159 \u017e\u00e1dosti.<\/span><\/p>\n<p style=\"text-align: left;\"><span class=\"font-385128\">M\u00e1te tak\u00e9 pr\u00e1vo po\u017eadovat, abychom vymazali v\u0161echny \u00fadaje, kter\u00e9 o v\u00e1s uchov\u00e1v\u00e1me (pr\u00e1vo na v\u00fdmaz). Je\u0161t\u011b jednou n\u00e1s pros\u00edm kontaktujte na <a href=\"mailto:gdpr@cm-research.com\" target=\"blank\" rel=\"noopener\">gdpr@cm-research.com<\/a> a my v\u00e1m za\u0161leme p\u0159\u00edslu\u0161n\u00fd formul\u00e1\u0159 \u017e\u00e1dosti.<\/span><\/p>\n<p style=\"text-align: left;\"><span class=\"font-385128\">Pokud si p\u0159ejete podat st\u00ed\u017enost t\u00fdkaj\u00edc\u00ed se GDPR na CM Research nebo Vetspanel, kontaktujte n\u00e1s pros\u00edm nejprve na adrese <a href=\"mailto:gdpr@cm-research.com\" target=\"blank\" rel=\"noopener\">gdpr@cm-research.com<\/a>nebo jinak kontaktujte kancel\u00e1\u0159 Information Commissioner&#8217;s Office (ICO) na <a href=\"https:\/\/ico.org.uk\/\" target=\"\u201d_blank\u201d\" rel=\"noopener\">https:\/\/ico.org.uk\/<\/a> <\/span><\/p>\n<p>[\/vc_column_text][\/vc_column][\/vc_row]<\/p>\n<\/div>","protected":false},"excerpt":{"rendered":"<p>[vc_row][vc_column column_width_percent=&#8220;100&#8243; gutter_size=&#8220;3&#8243; overlay_alpha=&#8220;50&#8243; shift_x=&#8220;0&#8243; shift_y=&#8220;0&#8243; shift_y_down=&#8220;0&#8243; z_index=&#8220;0&#8243; medium_width=&#8220;0&#8243; mobile_width=&#8220;0&#8243; width=&#8220;1\/1&#8243; uncode_shortcode_id=&#8220;277968&#8243;][vc_custom_heading text_color=&#8220;color-prif&#8220; heading_semantic=&#8220;h1&#8243; text_font=&#8220;font-145443&#8243; text_size=&#8220;h1&#8243; text_uppercase=&#8220;&#8220; uncode_shortcode_id=&#8220;767435&#8243; text_color_type=&#8220;uncode-palette&#8220;]Z\u00e1sady ochrany [&hellip;]<\/p>\n","protected":false},"author":14,"featured_media":0,"parent":0,"menu_order":0,"comment_status":"closed","ping_status":"closed","template":"","meta":{"_monsterinsights_skip_tracking":false,"_monsterinsights_sitenote_active":false,"_monsterinsights_sitenote_note":"","_monsterinsights_sitenote_category":0,"footnotes":""},"class_list":["post-95302","page","type-page","status-publish","hentry"],"_links":{"self":[{"href":"https:\/\/www.vetspanel.com\/cs\/wp-json\/wp\/v2\/pages\/95302","targetHints":{"allow":["GET"]}}],"collection":[{"href":"https:\/\/www.vetspanel.com\/cs\/wp-json\/wp\/v2\/pages"}],"about":[{"href":"https:\/\/www.vetspanel.com\/cs\/wp-json\/wp\/v2\/types\/page"}],"author":[{"embeddable":true,"href":"https:\/\/www.vetspanel.com\/cs\/wp-json\/wp\/v2\/users\/14"}],"replies":[{"embeddable":true,"href":"https:\/\/www.vetspanel.com\/cs\/wp-json\/wp\/v2\/comments?post=95302"}],"version-history":[{"count":0,"href":"https:\/\/www.vetspanel.com\/cs\/wp-json\/wp\/v2\/pages\/95302\/revisions"}],"wp:attachment":[{"href":"https:\/\/www.vetspanel.com\/cs\/wp-json\/wp\/v2\/media?parent=95302"}],"curies":[{"name":"wp","href":"https:\/\/api.w.org\/{rel}","templated":true}]}}