{"id":95270,"date":"2022-08-15T09:51:41","date_gmt":"2022-08-15T09:51:41","guid":{"rendered":"https:\/\/www.vetspanel.com\/non-member-survey-quotafull\/"},"modified":"2023-04-12T13:58:00","modified_gmt":"2023-04-12T13:58:00","slug":"non-member-survey-quotafull","status":"publish","type":"page","link":"https:\/\/www.vetspanel.com\/cs\/non-member-survey-quotafull\/","title":{"rendered":"non member Survey Quotafull"},"content":{"rendered":"<div class=\"wpb-content-wrapper\"><p>[vc_row][vc_column column_width_percent=&#8220;100&#8243; align_horizontal=&#8220;align_center&#8220; gutter_size=&#8220;3&#8243; overlay_alpha=&#8220;50&#8243; shift_x=&#8220;0&#8243; shift_y=&#8220;0&#8243; shift_y_down=&#8220;0&#8243; z_index=&#8220;0&#8243; medium_width=&#8220;0&#8243; mobile_width=&#8220;0&#8243; width=&#8220;1\/1&#8243;][vc_icon icon=&#8220;fa fa-lock-closed&#8220; icon_color=&#8220;color-rgdb&#8220; size=&#8220;fa-5x&#8220;][\/vc_icon][\/vc_column][\/vc_row][vc_row][vc_column column_width_percent=&#8220;100&#8243; align_horizontal=&#8220;align_center&#8220; gutter_size=&#8220;3&#8243; overlay_alpha=&#8220;50&#8243; shift_x=&#8220;0&#8243; shift_y=&#8220;0&#8243; shift_y_down=&#8220;0&#8243; z_index=&#8220;0&#8243; medium_width=&#8220;0&#8243; mobile_width=&#8220;0&#8243; width=&#8220;1\/1&#8243;][vc_custom_heading uncode_shortcode_id=&#8220;135772&#8243;]<span class=\"font-385128\">Bohu\u017eel kv\u00f3ta publika pro va\u0161e odpov\u011bdi je moment\u00e1ln\u011b pln\u00e1. Pokud se uvoln\u00ed n\u011bjak\u00e1 m\u00edsta, d\u00e1me V\u00e1m v\u011bd\u011bt. D\u011bkujeme V\u00e1m za V\u00e1\u0161 \u010das.<\/span>[\/vc_custom_heading][\/vc_column][\/vc_row][vc_row][vc_column column_width_percent=&#8220;100&#8243; align_horizontal=&#8220;align_center&#8220; gutter_size=&#8220;3&#8243; overlay_alpha=&#8220;50&#8243; shift_x=&#8220;0&#8243; shift_y=&#8220;0&#8243; shift_y_down=&#8220;0&#8243; z_index=&#8220;0&#8243; medium_width=&#8220;0&#8243; mobile_width=&#8220;0&#8243; width=&#8220;1\/1&#8243;][vc_custom_heading uncode_shortcode_id=&#8220;139403&#8243;]<span class=\"font-385128\">Chcete-li se z\u00fa\u010dastnit podobn\u00fdch pr\u016fzkum\u016f, zaregistrujte se n\u00ed\u017ee na Vetspanel.<\/span>[\/vc_custom_heading][\/vc_column][\/vc_row][vc_row][vc_column column_width_percent=&#8220;100&#8243; align_horizontal=&#8220;align_center&#8220; gutter_size=&#8220;3&#8243; overlay_alpha=&#8220;50&#8243; shift_x=&#8220;0&#8243; shift_y=&#8220;0&#8243; shift_y_down=&#8220;0&#8243; z_index=&#8220;0&#8243; medium_width=&#8220;0&#8243; mobile_width=&#8220;0&#8243; width=&#8220;1\/1&#8243; uncode_shortcode_id=&#8220;206923&#8243;][vc_button button_color=&#8220;color-rgdb&#8220; size=&#8220;btn-xl&#8220; radius=&#8220;btn-circle&#8220; hover_fx=&#8220;outlined&#8220; outline=&#8220;yes&#8220; text_skin=&#8220;yes&#8220; custom_typo=&#8220;yes&#8220; font_family=&#8220;font-385128&#8243; font_weight=&#8220;600&#8243; border_width=&#8220;2&#8243; link=&#8220;url:https%3A%2F%2Fwww.vetspanel.com%2Fcs%2Fpridat-se%2F|title:P%C5%99idat%20se|&#8220; width=&#8220;150&#8243; button_color_type=&#8220;uncode-palette&#8220; uncode_shortcode_id=&#8220;203710&#8243;]P\u0159idat se[\/vc_button][\/vc_column][\/vc_row]<\/p>\n<\/div>","protected":false},"excerpt":{"rendered":"<p>[vc_row][vc_column column_width_percent=&#8220;100&#8243; align_horizontal=&#8220;align_center&#8220; gutter_size=&#8220;3&#8243; overlay_alpha=&#8220;50&#8243; shift_x=&#8220;0&#8243; shift_y=&#8220;0&#8243; shift_y_down=&#8220;0&#8243; z_index=&#8220;0&#8243; medium_width=&#8220;0&#8243; mobile_width=&#8220;0&#8243; width=&#8220;1\/1&#8243;][vc_icon icon=&#8220;fa fa-lock-closed&#8220; icon_color=&#8220;color-rgdb&#8220; size=&#8220;fa-5x&#8220;][\/vc_icon][\/vc_column][\/vc_row][vc_row][vc_column column_width_percent=&#8220;100&#8243; align_horizontal=&#8220;align_center&#8220; gutter_size=&#8220;3&#8243; overlay_alpha=&#8220;50&#8243; [&hellip;]<\/p>\n","protected":false},"author":14,"featured_media":0,"parent":0,"menu_order":0,"comment_status":"closed","ping_status":"closed","template":"","meta":{"_monsterinsights_skip_tracking":false,"_monsterinsights_sitenote_active":false,"_monsterinsights_sitenote_note":"","_monsterinsights_sitenote_category":0,"footnotes":""},"class_list":["post-95270","page","type-page","status-publish","hentry"],"_links":{"self":[{"href":"https:\/\/www.vetspanel.com\/cs\/wp-json\/wp\/v2\/pages\/95270","targetHints":{"allow":["GET"]}}],"collection":[{"href":"https:\/\/www.vetspanel.com\/cs\/wp-json\/wp\/v2\/pages"}],"about":[{"href":"https:\/\/www.vetspanel.com\/cs\/wp-json\/wp\/v2\/types\/page"}],"author":[{"embeddable":true,"href":"https:\/\/www.vetspanel.com\/cs\/wp-json\/wp\/v2\/users\/14"}],"replies":[{"embeddable":true,"href":"https:\/\/www.vetspanel.com\/cs\/wp-json\/wp\/v2\/comments?post=95270"}],"version-history":[{"count":0,"href":"https:\/\/www.vetspanel.com\/cs\/wp-json\/wp\/v2\/pages\/95270\/revisions"}],"wp:attachment":[{"href":"https:\/\/www.vetspanel.com\/cs\/wp-json\/wp\/v2\/media?parent=95270"}],"curies":[{"name":"wp","href":"https:\/\/api.w.org\/{rel}","templated":true}]}}