{"id":94500,"date":"2022-06-15T10:41:53","date_gmt":"2022-06-15T10:41:53","guid":{"rendered":"https:\/\/www.vetspanel.com\/94500-2\/"},"modified":"2022-08-10T03:03:40","modified_gmt":"2022-08-10T03:03:40","slug":"94500-2","status":"publish","type":"page","link":"https:\/\/www.vetspanel.com\/cs\/94500-2\/","title":{"rendered":"D\u011bkujeme"},"content":{"rendered":"<p><script>\nwindow.scrollTo(0, 0);<\/script><\/p>\n<div class=\"boldgrid-section\">\n<div class=\"container\">\n<div class=\"row\" style=\"padding-top: 75px; padding-bottom: 75px;\">\n<div class=\"col-md-2 col-sm-12 col-xs-12\"><\/div>\n<div class=\"col-md-10 col-xs-12 col-sm-12\">\n<h1 class=\"\" style=\"text-align: left;\">Jste registrov\u00e1n!<\/h1>\n<p class=\"\" style=\"text-align: left;\" data-ccp-props=\"{\"335551550\":1,\"335551620\":1,\"335559683\":0,\"335559685\":0,\"335559731\":0,\"335559737\":0,\"335562764\":2,\"335562765\":1,\"335562766\":4,\"335562767\":0,\"335562768\":4,\"335562769\":0}\"><span data-scheme-color=\"@000000,,\" data-usefontface=\"true\" data-contrast=\"none\">D\u011bkujeme v\u00e1m za va\u0161i \u017e\u00e1dost o p\u0159ijet\u00ed do spole\u010dnosti Vetspanel. V n\u00e1sleduj\u00edc\u00edch 2 a\u017e 5 pracovn\u00edch dnech o\u010dek\u00e1vejte schv\u00e1len\u00ed.  <\/span><\/p>\n<p class=\"\" style=\"text-align: left;\" data-ccp-props=\"{\"335551550\":1,\"335551620\":1,\"335559683\":0,\"335559685\":0,\"335559731\":0,\"335559737\":0,\"335562764\":2,\"335562765\":1,\"335562766\":4,\"335562767\":0,\"335562768\":4,\"335562769\":0}\">\n<\/div>\n<\/div>\n<\/div>\n<\/div>\n<div class=\"boldgrid-section\">\n<div class=\"container\"><\/div>\n<\/div>\n","protected":false},"excerpt":{"rendered":"<p>Jste registrov\u00e1n! D\u011bkujeme v\u00e1m za va\u0161i \u017e\u00e1dost o p\u0159ijet\u00ed do spole\u010dnosti Vetspanel. V n\u00e1sleduj\u00edc\u00edch 2 a\u017e 5 pracovn\u00edch dnech o\u010dek\u00e1vejte [&hellip;]<\/p>\n","protected":false},"author":2,"featured_media":0,"parent":0,"menu_order":0,"comment_status":"closed","ping_status":"closed","template":"","meta":{"_monsterinsights_skip_tracking":false,"_monsterinsights_sitenote_active":false,"_monsterinsights_sitenote_note":"","_monsterinsights_sitenote_category":0,"footnotes":""},"class_list":["post-94500","page","type-page","status-publish","hentry"],"_links":{"self":[{"href":"https:\/\/www.vetspanel.com\/cs\/wp-json\/wp\/v2\/pages\/94500","targetHints":{"allow":["GET"]}}],"collection":[{"href":"https:\/\/www.vetspanel.com\/cs\/wp-json\/wp\/v2\/pages"}],"about":[{"href":"https:\/\/www.vetspanel.com\/cs\/wp-json\/wp\/v2\/types\/page"}],"author":[{"embeddable":true,"href":"https:\/\/www.vetspanel.com\/cs\/wp-json\/wp\/v2\/users\/2"}],"replies":[{"embeddable":true,"href":"https:\/\/www.vetspanel.com\/cs\/wp-json\/wp\/v2\/comments?post=94500"}],"version-history":[{"count":0,"href":"https:\/\/www.vetspanel.com\/cs\/wp-json\/wp\/v2\/pages\/94500\/revisions"}],"wp:attachment":[{"href":"https:\/\/www.vetspanel.com\/cs\/wp-json\/wp\/v2\/media?parent=94500"}],"curies":[{"name":"wp","href":"https:\/\/api.w.org\/{rel}","templated":true}]}}