{"id":92081,"date":"2021-07-22T23:10:49","date_gmt":"2021-07-22T23:10:49","guid":{"rendered":"https:\/\/www.vetspanel.com\/pridat-se\/"},"modified":"2025-12-03T05:18:35","modified_gmt":"2025-12-03T05:18:35","slug":"pridat-se","status":"publish","type":"page","link":"https:\/\/www.vetspanel.com\/cs\/pridat-se\/","title":{"rendered":"P\u0159idat se"},"content":{"rendered":"<div class=\"wpb-content-wrapper\"><p>[vc_row row_height_percent=&#8220;0&#8243; back_color=&#8220;color-rgdb&#8220; overlay_alpha=&#8220;50&#8243; gutter_size=&#8220;3&#8243; column_width_percent=&#8220;100&#8243; shift_y=&#8220;0&#8243; z_index=&#8220;0&#8243; desktop_visibility=&#8220;yes&#8220; medium_visibility=&#8220;yes&#8220; mobile_visibility=&#8220;yes&#8220; content_parallax=&#8220;0&#8243; uncode_shortcode_id=&#8220;128494&#8243; back_color_type=&#8220;uncode-palette&#8220;][vc_column width=&#8220;1\/1&#8243;][vc_row_inner row_inner_height_percent=&#8220;0&#8243; overlay_alpha=&#8220;50&#8243; gutter_size=&#8220;3&#8243; shift_y=&#8220;0&#8243; z_index=&#8220;0&#8243; uncode_shortcode_id=&#8220;141966&#8243;][vc_column_inner width=&#8220;1\/6&#8243;][\/vc_column_inner][vc_column_inner width=&#8220;2\/3&#8243;][vc_column_text text_lead=&#8220;yes&#8220; text_color=&#8220;color-lxmt&#8220; uncode_shortcode_id=&#8220;841223&#8243; text_color_type=&#8220;uncode-palette&#8220;]<em>V ned\u011bli 30. od 15:00 do 21:00 tichomo\u0159sk\u00e9ho \u010dasu prov\u00e1d\u00edme pl\u00e1novanou \u00fadr\u017ebu. B\u011bhem t\u00e9to doby bude p\u0159\u00edstup k \u00fa\u010dtu a pr\u016fzkum\u016fm do\u010dasn\u011b nedostupn\u00fd. <\/em>[\/vc_column_text][\/vc_column_inner][vc_column_inner width=&#8220;1\/6&#8243;][\/vc_column_inner][\/vc_row_inner][\/vc_column][\/vc_row][vc_row row_height_percent=&#8220;100&#8243; overlay_alpha=&#8220;50&#8243; gutter_size=&#8220;3&#8243; column_width_percent=&#8220;100&#8243; shift_y=&#8220;0&#8243; z_index=&#8220;0&#8243; uncode_shortcode_id=&#8220;112223&#8243;][vc_column width=&#8220;1\/1&#8243;][vc_raw_html]PGlmcmFtZSBpZD0iam9pbnNyIiB3aWR0aD0iMTAwJSIgc2Nyb2xsaW5nPSJ5ZXMiIGhlaWdodD0iMTUwMCBweCIgc3R5bGU9ImJvcmRlcjpub25lOyBvdmVyZmxvdzp2aXNpYmxlOyAgIiB0aXRsZT0iUMWZaXBvanRlIHNlIGsgcGFuZWx1IiBzdHlsZTo9IiI+PC9pZnJhbWU+IAoKPHNjcmlwdD4KdmFyIGxhbmc9J1tsYW5ndWFnZV0nOwogZG9jdW1lbnQuZ2V0RWxlbWVudEJ5SWQoImpvaW5zciIpLnNyYyA9CiAgICAiaHR0cHM6Ly9zdXJ2ZXkudmV0c3BhbmVsLmNvbS9TMi8xNTAvYmx1cnBvLz8mTGFuZz0iKyBsYW5nOwo8L3NjcmlwdD4=[\/vc_raw_html][\/vc_column][\/vc_row]<\/p>\n<\/div>","protected":false},"excerpt":{"rendered":"<p>[vc_row row_height_percent=&#8220;0&#8243; back_color=&#8220;color-rgdb&#8220; overlay_alpha=&#8220;50&#8243; gutter_size=&#8220;3&#8243; column_width_percent=&#8220;100&#8243; shift_y=&#8220;0&#8243; z_index=&#8220;0&#8243; desktop_visibility=&#8220;yes&#8220; medium_visibility=&#8220;yes&#8220; mobile_visibility=&#8220;yes&#8220; content_parallax=&#8220;0&#8243; uncode_shortcode_id=&#8220;128494&#8243; back_color_type=&#8220;uncode-palette&#8220;][vc_column width=&#8220;1\/1&#8243;][vc_row_inner row_inner_height_percent=&#8220;0&#8243; overlay_alpha=&#8220;50&#8243; gutter_size=&#8220;3&#8243; shift_y=&#8220;0&#8243; z_index=&#8220;0&#8243; [&hellip;]<\/p>\n","protected":false},"author":2,"featured_media":0,"parent":0,"menu_order":0,"comment_status":"closed","ping_status":"closed","template":"","meta":{"_monsterinsights_skip_tracking":false,"_monsterinsights_sitenote_active":false,"_monsterinsights_sitenote_note":"","_monsterinsights_sitenote_category":0,"footnotes":""},"class_list":["post-92081","page","type-page","status-publish","hentry"],"_links":{"self":[{"href":"https:\/\/www.vetspanel.com\/cs\/wp-json\/wp\/v2\/pages\/92081","targetHints":{"allow":["GET"]}}],"collection":[{"href":"https:\/\/www.vetspanel.com\/cs\/wp-json\/wp\/v2\/pages"}],"about":[{"href":"https:\/\/www.vetspanel.com\/cs\/wp-json\/wp\/v2\/types\/page"}],"author":[{"embeddable":true,"href":"https:\/\/www.vetspanel.com\/cs\/wp-json\/wp\/v2\/users\/2"}],"replies":[{"embeddable":true,"href":"https:\/\/www.vetspanel.com\/cs\/wp-json\/wp\/v2\/comments?post=92081"}],"version-history":[{"count":0,"href":"https:\/\/www.vetspanel.com\/cs\/wp-json\/wp\/v2\/pages\/92081\/revisions"}],"wp:attachment":[{"href":"https:\/\/www.vetspanel.com\/cs\/wp-json\/wp\/v2\/media?parent=92081"}],"curies":[{"name":"wp","href":"https:\/\/api.w.org\/{rel}","templated":true}]}}