{"id":91810,"date":"2021-02-15T00:54:40","date_gmt":"2021-02-15T00:54:40","guid":{"rendered":"https:\/\/www.vetspanel.com\/faq\/"},"modified":"2022-08-04T13:24:13","modified_gmt":"2022-08-04T13:24:13","slug":"faq","status":"publish","type":"page","link":"https:\/\/www.vetspanel.com\/cs\/faq\/","title":{"rendered":"FAQ"},"content":{"rendered":"<div class=\"wpb-content-wrapper\"><p>[vc_row row_height_percent=&#8220;0&#8243; overlay_alpha=&#8220;50&#8243; gutter_size=&#8220;3&#8243; column_width_percent=&#8220;100&#8243; shift_y=&#8220;0&#8243; z_index=&#8220;0&#8243; uncode_shortcode_id=&#8220;107571&#8243;][vc_column column_width_percent=&#8220;100&#8243; gutter_size=&#8220;3&#8243; font_family=&#8220;font-145443&#8243; back_color=&#8220;color-xsdn&#8220; overlay_alpha=&#8220;50&#8243; shift_x=&#8220;0&#8243; shift_y=&#8220;0&#8243; shift_y_down=&#8220;0&#8243; z_index=&#8220;0&#8243; medium_width=&#8220;0&#8243; mobile_width=&#8220;0&#8243; width=&#8220;1\/1&#8243; uncode_shortcode_id=&#8220;132158&#8243; back_color_type=&#8220;uncode-palette&#8220;][vc_custom_heading text_color=&#8220;color-wayh&#8220; heading_semantic=&#8220;h1&#8243; text_size=&#8220;h1&#8243; sub_lead=&#8220;yes&#8220; uncode_shortcode_id=&#8220;143533&#8243; text_color_type=&#8220;uncode-palette&#8220;]<\/p>\n<h1 style=\"text-align: left;\"><span class=\"font-385128\"><strong>FAQ<\/strong><\/span><\/h1>\n<p>[\/vc_custom_heading][\/vc_column][\/vc_row][vc_row row_height_percent=&#8220;0&#8243; overlay_alpha=&#8220;50&#8243; gutter_size=&#8220;3&#8243; column_width_percent=&#8220;100&#8243; shift_y=&#8220;0&#8243; z_index=&#8220;0&#8243; uncode_shortcode_id=&#8220;127205&#8243;][vc_column column_width_percent=&#8220;100&#8243; gutter_size=&#8220;3&#8243; style=&#8220;light&#8220; font_family=&#8220;font-385128&#8243; back_color=&#8220;color-xsdn&#8220; overlay_color=&#8220;color-nhtu&#8220; overlay_alpha=&#8220;50&#8243; overlay_color_blend=&#8220;soft-light&#8220; shift_x=&#8220;0&#8243; shift_y=&#8220;0&#8243; shift_y_down=&#8220;0&#8243; z_index=&#8220;0&#8243; medium_width=&#8220;0&#8243; mobile_width=&#8220;0&#8243; width=&#8220;1\/1&#8243; uncode_shortcode_id=&#8220;489377&#8243; back_color_type=&#8220;uncode-palette&#8220; overlay_color_type=&#8220;uncode-palette&#8220;][vc_accordion typography=&#8220;yes&#8220;][vc_accordion_tab icon=&#8220;fa fa-question&#8220; gutter_size=&#8220;2&#8243; column_padding=&#8220;2&#8243; title=&#8220;Jak se mohu st\u00e1t \u010dlenem Vetspanelu?&#8220; tab_id=&#8220;1613349699-1-42&#8243;][vc_wp_text]V p\u0159\u00edpad\u011b z\u00e1jmu o \u010dlenstv\u00ed napi\u0161te e-mail na adresu: contact@vetspanel.com[\/vc_wp_text][\/vc_accordion_tab][vc_accordion_tab icon=&#8220;fa fa-user&#8220; gutter_size=&#8220;2&#8243; column_padding=&#8220;2&#8243; title=&#8220;Kdo se m\u016f\u017ee st\u00e1t \u010dlenem Vetspanelu?&#8220; tab_id=&#8220;1613349699-2-93&#8243;][vc_wp_text]Odborn\u00edci v oboru veterin\u00e1rn\u00edho l\u00e9ka\u0159stv\u00ed, jako jsou veterin\u00e1rn\u00ed l\u00e9ka\u0159i, veterin\u00e1rn\u00ed asistenti, veterin\u00e1rn\u00ed mana\u017ee\u0159i, technici atd.[\/vc_wp_text][\/vc_accordion_tab][vc_accordion_tab icon=&#8220;fa fa-gbp&#8220; gutter_size=&#8220;2&#8243; column_padding=&#8220;2&#8243; title=&#8220;Kolik \u010dlenstv\u00ed stoj\u00ed?&#8220; tab_id=&#8220;7e2d0227-bcc0-5&#8243;][vc_wp_text]Nic[\/vc_wp_text][\/vc_accordion_tab][vc_accordion_tab icon=&#8220;fa fa-wpforms&#8220; gutter_size=&#8220;2&#8243; column_padding=&#8220;2&#8243; title=&#8220;Mohu p\u0159ihl\u00e1\u0161ku vyplnit pozd\u011bji?&#8220; tab_id=&#8220;6b8ce965-17fe-3&#8243;][vc_wp_text]Ano, ale \u010d\u00edm d\u0159\u00edve formul\u00e1\u0159 p\u0159ihl\u00e1\u0161ky vypln\u00edte (vypln\u011bn\u00ed trv\u00e1 jen chvili\u010dku), t\u00edm d\u0159\u00edve se m\u016f\u017eete \u00fa\u010dastnit pr\u016fzkum\u016f a z\u00edsk\u00e1vat odm\u011bny.[\/vc_wp_text][\/vc_accordion_tab][vc_accordion_tab icon=&#8220;fa fa-envelope2&#8243; gutter_size=&#8220;2&#8243; column_padding=&#8220;2&#8243; title=&#8220;V pr\u00e1ci m\u00e1me v\u0161ichni jeden spole\u010dn\u00fd e-mail, m\u016f\u017eeme se pr\u016fzkum\u016f z\u00fa\u010dastnit v\u0161ichni?&#8220; tab_id=&#8220;41a5b12e-c72a-4&#8243;][vc_wp_text]Ka\u017ed\u00fd, kdo se stane \u010dlenem, mus\u00ed m\u00edt vlastn\u00ed e-mailovou adresu, aby se mohl zaregistrovat, \u00fa\u010dastnit se pr\u016fzkum\u016f a sb\u00edrat body.[\/vc_wp_text][\/vc_accordion_tab][vc_accordion_tab icon=&#8220;fa fa-bank&#8220; gutter_size=&#8220;2&#8243; column_padding=&#8220;2&#8243; title=&#8220;Jak mohu z\u00edsk\u00e1vat body?&#8220; tab_id=&#8220;1e114f7a-987e-0&#8243;][vc_wp_text]\u00da\u010dastn\u00ed v pr\u016fzkumech a vypl\u0148ov\u00e1n\u00edm dotazn\u00edk\u016f, mohou m\u00edt telefonickou \u010di osobn\u00ed formu, m\u016f\u017ee j\u00edt o online rozhovory nebo diskuzn\u00ed skupiny.[\/vc_wp_text][\/vc_accordion_tab][vc_accordion_tab icon=&#8220;fa fa-diamond&#8220; gutter_size=&#8220;2&#8243; column_padding=&#8220;2&#8243; title=&#8220;Kdy mohu za\u010d\u00edt sv\u00e9 body uplat\u0148ovat?&#8220; tab_id=&#8220;673b539f-af05-0&#8243;][vc_wp_text]Jakmile dokon\u010d\u00edte pr\u016fzkum, m\u016f\u017eete se p\u0159ihl\u00e1sit do sv\u00e9ho \u00fa\u010dtu ve Vetspanelu a uplatnit body.[\/vc_wp_text][\/vc_accordion_tab][vc_accordion_tab icon=&#8220;fa fa-cancel&#8220; gutter_size=&#8220;2&#8243; column_padding=&#8220;2&#8243; title=&#8220;Jak zru\u0161\u00edm sv\u00e9 \u010dlenstv\u00ed ve Vetspanelu?&#8220; tab_id=&#8220;99c09934-0de2-6&#8243;][vc_wp_text]P\u0159ihlaste se do sv\u00e9ho \u00fa\u010dtu. Vyberte tabulku\/str\u00e1nku \u201eProfil&#8220;. Pak p\u0159eje\u010fte na doln\u00ed \u010d\u00e1st Va\u0161eho profilu. Klikn\u011bte tam, kde stoj\u00ed \u201ePro odhl\u00e1\u0161en\u00ed klikn\u011bte sem&#8220;.[\/vc_wp_text][\/vc_accordion_tab][\/vc_accordion][\/vc_column][\/vc_row]<\/p>\n<\/div>","protected":false},"excerpt":{"rendered":"<p>[vc_row row_height_percent=&#8220;0&#8243; overlay_alpha=&#8220;50&#8243; gutter_size=&#8220;3&#8243; column_width_percent=&#8220;100&#8243; shift_y=&#8220;0&#8243; z_index=&#8220;0&#8243; uncode_shortcode_id=&#8220;107571&#8243;][vc_column column_width_percent=&#8220;100&#8243; gutter_size=&#8220;3&#8243; font_family=&#8220;font-145443&#8243; back_color=&#8220;color-xsdn&#8220; overlay_alpha=&#8220;50&#8243; shift_x=&#8220;0&#8243; shift_y=&#8220;0&#8243; shift_y_down=&#8220;0&#8243; z_index=&#8220;0&#8243; medium_width=&#8220;0&#8243; mobile_width=&#8220;0&#8243; width=&#8220;1\/1&#8243; [&hellip;]<\/p>\n","protected":false},"author":2,"featured_media":0,"parent":0,"menu_order":0,"comment_status":"closed","ping_status":"closed","template":"","meta":{"_monsterinsights_skip_tracking":false,"_monsterinsights_sitenote_active":false,"_monsterinsights_sitenote_note":"","_monsterinsights_sitenote_category":0,"footnotes":""},"class_list":["post-91810","page","type-page","status-publish","hentry"],"_links":{"self":[{"href":"https:\/\/www.vetspanel.com\/cs\/wp-json\/wp\/v2\/pages\/91810","targetHints":{"allow":["GET"]}}],"collection":[{"href":"https:\/\/www.vetspanel.com\/cs\/wp-json\/wp\/v2\/pages"}],"about":[{"href":"https:\/\/www.vetspanel.com\/cs\/wp-json\/wp\/v2\/types\/page"}],"author":[{"embeddable":true,"href":"https:\/\/www.vetspanel.com\/cs\/wp-json\/wp\/v2\/users\/2"}],"replies":[{"embeddable":true,"href":"https:\/\/www.vetspanel.com\/cs\/wp-json\/wp\/v2\/comments?post=91810"}],"version-history":[{"count":0,"href":"https:\/\/www.vetspanel.com\/cs\/wp-json\/wp\/v2\/pages\/91810\/revisions"}],"wp:attachment":[{"href":"https:\/\/www.vetspanel.com\/cs\/wp-json\/wp\/v2\/media?parent=91810"}],"curies":[{"name":"wp","href":"https:\/\/api.w.org\/{rel}","templated":true}]}}