{"id":110810,"date":"2025-06-02T10:27:55","date_gmt":"2025-06-02T10:27:55","guid":{"rendered":"https:\/\/www.vetspanel.com\/home-ref\/"},"modified":"2025-06-03T13:58:32","modified_gmt":"2025-06-03T13:58:32","slug":"home-ref","status":"publish","type":"page","link":"https:\/\/www.vetspanel.com\/cs\/home-ref\/","title":{"rendered":"home-ref"},"content":{"rendered":"<div class=\"wpb-content-wrapper\"><p>[vc_row unlock_row_content=&#8220;yes&#8220; row_height_percent=&#8220;0&#8243; override_padding=&#8220;yes&#8220; h_padding=&#8220;0&#8243; top_padding=&#8220;0&#8243; bottom_padding=&#8220;0&#8243; overlay_alpha=&#8220;100&#8243; gutter_size=&#8220;0&#8243; style=&#8220;inherited&#8220;][\/vc_row][vc_row unlock_row_content=&#8220;yes&#8220; row_height_percent=&#8220;0&#8243; override_padding=&#8220;yes&#8220; h_padding=&#8220;0&#8243; top_padding=&#8220;0&#8243; bottom_padding=&#8220;0&#8243; overlay_alpha=&#8220;50&#8243; equal_height=&#8220;yes&#8220; gutter_size=&#8220;0&#8243; shift_y=&#8220;0&#8243;][\/vc_row][vc_row row_height_percent=&#8220;0&#8243; override_padding=&#8220;yes&#8220; h_padding=&#8220;2&#8243; top_padding=&#8220;2&#8243; bottom_padding=&#8220;2&#8243; overlay_alpha=&#8220;50&#8243; gutter_size=&#8220;4&#8243; column_width_percent=&#8220;100&#8243; shift_y=&#8220;0&#8243; z_index=&#8220;0&#8243; el_class=&#8220;inverted-device-order&#8220; uncode_shortcode_id=&#8220;119323&#8243;][vc_column column_width_use_pixel=&#8220;yes&#8220; position_vertical=&#8220;middle&#8220; gutter_size=&#8220;3&#8243; overlay_alpha=&#8220;50&#8243; shift_x=&#8220;0&#8243; shift_y=&#8220;0&#8243; shift_y_down=&#8220;0&#8243; z_index=&#8220;0&#8243; align_medium=&#8220;align_center_tablet&#8220; medium_width=&#8220;0&#8243; align_mobile=&#8220;align_center_mobile&#8220; mobile_width=&#8220;0&#8243; width=&#8220;1\/2&#8243; column_width_pixel=&#8220;900&#8243;][vc_custom_heading text_color=&#8220;color-wayh&#8220; heading_semantic=&#8220;h3&#8243; text_font=&#8220;font-385128&#8243; text_size=&#8220;h1&#8243; uncode_shortcode_id=&#8220;137419&#8243; text_color_type=&#8220;uncode-palette&#8220;]<span class=\"font-762333 font-385128\">P\u0159idejte se k na\u0161\u00ed komunit\u011b veterin\u00e1\u0159sk\u00fdch profesion\u00e1l\u016f a z\u00edskejte odm\u011bny za svoje n\u00e1zory a odbornost<\/span>[\/vc_custom_heading][vc_row_inner row_inner_height_percent=&#8220;0&#8243; overlay_alpha=&#8220;50&#8243; gutter_size=&#8220;3&#8243; shift_y=&#8220;0&#8243; z_index=&#8220;0&#8243; limit_content=&#8220;&#8220; uncode_shortcode_id=&#8220;156641&#8243;][vc_column_inner column_width_percent=&#8220;100&#8243; position_horizontal=&#8220;right&#8220; align_horizontal=&#8220;align_center&#8220; gutter_size=&#8220;3&#8243; overlay_alpha=&#8220;50&#8243; shift_x=&#8220;0&#8243; shift_y=&#8220;0&#8243; shift_y_down=&#8220;0&#8243; z_index=&#8220;0&#8243; align_medium=&#8220;align_center_tablet&#8220; medium_width=&#8220;0&#8243; align_mobile=&#8220;align_center_mobile&#8220; mobile_width=&#8220;0&#8243; width=&#8220;1\/1&#8243; uncode_shortcode_id=&#8220;553593&#8243;][vc_button button_color=&#8220;color-rgdb&#8220; size=&#8220;btn-xl&#8220; radius=&#8220;btn-circle&#8220; hover_fx=&#8220;outlined&#8220; text_skin=&#8220;yes&#8220; custom_typo=&#8220;yes&#8220; font_family=&#8220;font-385128&#8243; font_weight=&#8220;600&#8243; border_width=&#8220;2&#8243; link=&#8220;url:https%3A%2F%2Fwww.vetspanel.com%2Fcs%2Fvlozene-pripojeni-ref%2F|title:P%C5%99idat%20se&#8220; width=&#8220;150&#8243; button_color_type=&#8220;uncode-palette&#8220; uncode_shortcode_id=&#8220;720211&#8243;]P\u0159idat se[\/vc_button][\/vc_column_inner][\/vc_row_inner][\/vc_column][vc_column column_width_percent=&#8220;100&#8243; gutter_size=&#8220;3&#8243; overlay_alpha=&#8220;50&#8243; shift_x=&#8220;0&#8243; shift_y=&#8220;0&#8243; shift_y_down=&#8220;0&#8243; z_index=&#8220;0&#8243; medium_visibility=&#8220;yes&#8220; medium_width=&#8220;0&#8243; mobile_visibility=&#8220;yes&#8220; mobile_width=&#8220;0&#8243; width=&#8220;1\/2&#8243; uncode_shortcode_id=&#8220;340437&#8243;][vc_single_image media=&#8220;88425&#8243; media_width_use_pixel=&#8220;yes&#8220; alignment=&#8220;center&#8220; media_width_pixel=&#8220;600&#8243;][\/vc_column][\/vc_row][vc_row row_height_percent=&#8220;0&#8243; override_padding=&#8220;yes&#8220; h_padding=&#8220;2&#8243; top_padding=&#8220;1&#8243; bottom_padding=&#8220;1&#8243; overlay_alpha=&#8220;50&#8243; gutter_size=&#8220;4&#8243; column_width_percent=&#8220;100&#8243; shift_y=&#8220;0&#8243; z_index=&#8220;0&#8243;][vc_column column_width_percent=&#8220;100&#8243; position_vertical=&#8220;middle&#8220; gutter_size=&#8220;3&#8243; overlay_alpha=&#8220;50&#8243; shift_x=&#8220;0&#8243; shift_y=&#8220;0&#8243; shift_y_down=&#8220;0&#8243; z_index=&#8220;0&#8243; medium_width=&#8220;0&#8243; mobile_width=&#8220;0&#8243; width=&#8220;1\/2&#8243;][vc_single_image media=&#8220;88450&#8243; media_width_use_pixel=&#8220;yes&#8220; alignment=&#8220;center&#8220; media_width_pixel=&#8220;600&#8243;][\/vc_column][vc_column column_width_use_pixel=&#8220;yes&#8220; position_vertical=&#8220;middle&#8220; gutter_size=&#8220;3&#8243; overlay_alpha=&#8220;50&#8243; shift_x=&#8220;0&#8243; shift_y=&#8220;0&#8243; shift_y_down=&#8220;0&#8243; z_index=&#8220;0&#8243; medium_width=&#8220;0&#8243; mobile_width=&#8220;0&#8243; width=&#8220;1\/2&#8243; column_width_pixel=&#8220;900&#8243;][vc_custom_heading heading_semantic=&#8220;h3&#8243; text_font=&#8220;font-385128&#8243; text_size=&#8220;fontsize-155944&#8243; subheading=&#8220;Vetspanel je exkluzivn\u00ed online komunita veterin\u00e1rn\u00edch profesion\u00e1l\u016f. Na\u0161im \u010dlen\u016fm nab\u00edz\u00edme mo\u017enost \u00fa\u010dastnit se pr\u016fzkum\u016f trhu v r\u016fzn\u00fdch metodik\u00e1ch relevantn\u00edch pro obor a plat\u00edme jim za jejich \u010das a odborn\u00e9 znalosti.&#8220; uncode_shortcode_id=&#8220;183448&#8243;]<\/p>\n<h1><span class=\"font-385128\">Co je Vetspanel?<\/span><\/h1>\n<p>[\/vc_custom_heading][\/vc_column][\/vc_row][vc_row row_height_percent=&#8220;0&#8243; override_padding=&#8220;yes&#8220; h_padding=&#8220;2&#8243; top_padding=&#8220;2&#8243; bottom_padding=&#8220;2&#8243; overlay_alpha=&#8220;50&#8243; gutter_size=&#8220;4&#8243; column_width_percent=&#8220;100&#8243; shift_y=&#8220;0&#8243; z_index=&#8220;0&#8243; el_class=&#8220;inverted-device-order&#8220;][vc_column column_width_use_pixel=&#8220;yes&#8220; position_vertical=&#8220;middle&#8220; gutter_size=&#8220;3&#8243; overlay_alpha=&#8220;50&#8243; shift_x=&#8220;0&#8243; shift_y=&#8220;0&#8243; shift_y_down=&#8220;0&#8243; z_index=&#8220;0&#8243; medium_width=&#8220;0&#8243; mobile_width=&#8220;0&#8243; width=&#8220;1\/2&#8243; column_width_pixel=&#8220;900&#8243;][vc_custom_heading heading_semantic=&#8220;h3&#8243; text_font=&#8220;font-385128&#8243; text_size=&#8220;fontsize-155944&#8243; subheading=&#8220;Sta\u010d\u00ed se zaregistrovat kliknut\u00edm na n\u00ed\u017ee uveden\u00e9 tla\u010d\u00edtko a sd\u011blit n\u00e1m n\u011bco o sob\u011b. Jakmile potvrd\u00edme va\u0161e \u00fadaje, za\u010dneme v\u00e1s zv\u00e1t do p\u0159\u00edslu\u0161n\u00fdch pr\u016fzkum\u016f. Jakmile pr\u016fzkumy dokon\u010d\u00edte, va\u0161e body budou okam\u017eit\u011b p\u0159ipraveny k utracen\u00ed. M\u016f\u017eete je vym\u011bnit za pen\u00edze prost\u0159ednictv\u00edm slu\u017eby PayPal, pouk\u00e1zky (nap\u0159. Amazon, iTunes) nebo je v\u011bnovat n\u011bkter\u00e9 z na\u0161ich charitativn\u00edch organizac\u00ed.&#8220; uncode_shortcode_id=&#8220;112584&#8243;]<\/p>\n<h1><span class=\"font-385128\">Jak to funguje?<\/span><\/h1>\n<p>[\/vc_custom_heading][vc_button button_color=&#8220;color-rgdb&#8220; size=&#8220;btn-xl&#8220; radius=&#8220;btn-circle&#8220; hover_fx=&#8220;outlined&#8220; text_skin=&#8220;yes&#8220; custom_typo=&#8220;yes&#8220; font_family=&#8220;font-385128&#8243; font_weight=&#8220;600&#8243; border_width=&#8220;2&#8243; link=&#8220;url:https%3A%2F%2Fwww.vetspanel.com%2Fcs%2Fvlozene-pripojeni-ref%2F|title:P%C5%99idat%20se&#8220; width=&#8220;150&#8243; button_color_type=&#8220;uncode-palette&#8220; uncode_shortcode_id=&#8220;333295&#8243;]P\u0159idat se[\/vc_button][\/vc_column][vc_column width=&#8220;1\/2&#8243;][vc_single_image media=&#8220;88454&#8243; media_width_use_pixel=&#8220;yes&#8220; alignment=&#8220;center&#8220; media_width_pixel=&#8220;600&#8243;][\/vc_column][\/vc_row][vc_row row_height_percent=&#8220;0&#8243; override_padding=&#8220;yes&#8220; h_padding=&#8220;2&#8243; top_padding=&#8220;3&#8243; bottom_padding=&#8220;3&#8243; back_color=&#8220;color-lxmt&#8220; overlay_alpha=&#8220;50&#8243; gutter_size=&#8220;3&#8243; column_width_percent=&#8220;100&#8243; shift_y=&#8220;0&#8243; z_index=&#8220;0&#8243;][vc_column column_width_percent=&#8220;100&#8243; align_horizontal=&#8220;align_center&#8220; gutter_size=&#8220;2&#8243; font_family=&#8220;font-385128&#8243; overlay_alpha=&#8220;50&#8243; shift_x=&#8220;0&#8243; shift_y=&#8220;0&#8243; shift_y_down=&#8220;0&#8243; z_index=&#8220;0&#8243; medium_width=&#8220;0&#8243; mobile_width=&#8220;0&#8243; width=&#8220;1\/3&#8243;][vc_custom_heading text_color=&#8220;color-wayh&#8220; heading_semantic=&#8220;h3&#8243; text_font=&#8220;font-385128&#8243; text_size=&#8220;h4&#8243;]<span class=\"font-762333\">P\u0159idat se<\/span>[\/vc_custom_heading][uncode_counter value=&#8220;30,000&#8243; counter_color=&#8220;color-rgdb&#8220; font=&#8220;font-385128&#8243; size=&#8220;h1&#8243; weight=&#8220;600&#8243; height=&#8220;fontheight-179065&#8243; suffix=&#8220;+&#8220; uncode_shortcode_id=&#8220;122495&#8243; counter_color_type=&#8220;uncode-palette&#8220;][vc_custom_heading text_color=&#8220;color-wayh&#8220; heading_semantic=&#8220;h3&#8243; text_font=&#8220;font-385128&#8243; text_size=&#8220;h4&#8243;]<span class=\"font-762333\">Veterin\u00e1\u0159i<\/span>[\/vc_custom_heading][\/vc_column][vc_column column_width_percent=&#8220;100&#8243; align_horizontal=&#8220;align_center&#8220; gutter_size=&#8220;2&#8243; style=&#8220;dark&#8220; font_family=&#8220;font-385128&#8243; overlay_alpha=&#8220;50&#8243; shift_x=&#8220;0&#8243; shift_y=&#8220;0&#8243; shift_y_down=&#8220;0&#8243; z_index=&#8220;0&#8243; medium_width=&#8220;0&#8243; mobile_width=&#8220;0&#8243; width=&#8220;1\/3&#8243;][vc_custom_heading text_color=&#8220;color-wayh&#8220; heading_semantic=&#8220;h3&#8243; text_font=&#8220;font-385128&#8243; text_size=&#8220;h4&#8243;]Nap\u0159\u00ed\u010d[\/vc_custom_heading][uncode_counter value=&#8220;17&#8243; counter_color=&#8220;color-rgdb&#8220; font=&#8220;font-385128&#8243; size=&#8220;h1&#8243; weight=&#8220;600&#8243; height=&#8220;fontheight-179065&#8243;][vc_custom_heading text_color=&#8220;color-wayh&#8220; heading_semantic=&#8220;h3&#8243; text_font=&#8220;font-385128&#8243; text_size=&#8220;h4&#8243;]Zem\u011b[\/vc_custom_heading][\/vc_column][vc_column column_width_percent=&#8220;100&#8243; align_horizontal=&#8220;align_center&#8220; gutter_size=&#8220;2&#8243; style=&#8220;dark&#8220; font_family=&#8220;font-385128&#8243; overlay_alpha=&#8220;50&#8243; shift_x=&#8220;0&#8243; shift_y=&#8220;0&#8243; shift_y_down=&#8220;0&#8243; z_index=&#8220;0&#8243; medium_width=&#8220;0&#8243; mobile_width=&#8220;0&#8243; width=&#8220;1\/3&#8243;][vc_custom_heading text_color=&#8220;color-wayh&#8220; heading_semantic=&#8220;h3&#8243; text_font=&#8220;font-385128&#8243; text_size=&#8220;h4&#8243;]V\u00edce ne\u017e[\/vc_custom_heading][uncode_counter value=&#8220;1,300,000&#8243; prefix=&#8220;\u00a3&#8220; counter_color=&#8220;color-rgdb&#8220; font=&#8220;font-385128&#8243; size=&#8220;h1&#8243; weight=&#8220;600&#8243; height=&#8220;fontheight-179065&#8243; suffix=&#8220;+&#8220;][vc_custom_heading text_color=&#8220;color-wayh&#8220; heading_semantic=&#8220;h3&#8243; text_font=&#8220;font-385128&#8243; text_size=&#8220;h4&#8243;]In Pob\u00eddky placen\u00e9[\/vc_custom_heading][\/vc_column][\/vc_row][vc_row row_height_percent=&#8220;0&#8243; override_padding=&#8220;yes&#8220; h_padding=&#8220;2&#8243; top_padding=&#8220;3&#8243; bottom_padding=&#8220;0&#8243; overlay_alpha=&#8220;50&#8243; gutter_size=&#8220;3&#8243; column_width_percent=&#8220;100&#8243; shift_y=&#8220;0&#8243; z_index=&#8220;0&#8243;][vc_column column_width_percent=&#8220;100&#8243; align_horizontal=&#8220;align_center&#8220; gutter_size=&#8220;3&#8243; overlay_alpha=&#8220;50&#8243; shift_x=&#8220;0&#8243; shift_y=&#8220;0&#8243; shift_y_down=&#8220;0&#8243; z_index=&#8220;0&#8243; align_medium=&#8220;align_center_tablet&#8220; medium_width=&#8220;0&#8243; align_mobile=&#8220;align_center_mobile&#8220; mobile_width=&#8220;0&#8243; width=&#8220;1\/1&#8243;][vc_custom_heading heading_semantic=&#8220;h3&#8243; text_font=&#8220;font-385128&#8243; text_size=&#8220;fontsize-155944&#8243;]<\/p>\n<h1 style=\"text-align: center;\"><span class=\"font-385128\">Co \u0159\u00edkaj\u00ed na\u0161i \u010dlenov\u00e9<br \/>\n<\/span><\/h1>\n<p>[\/vc_custom_heading][\/vc_column][\/vc_row][vc_row unlock_row_content=&#8220;yes&#8220; row_height_percent=&#8220;0&#8243; override_padding=&#8220;yes&#8220; h_padding=&#8220;0&#8243; top_padding=&#8220;0&#8243; bottom_padding=&#8220;0&#8243; overlay_alpha=&#8220;100&#8243; gutter_size=&#8220;0&#8243; style=&#8220;inherited&#8220;][\/vc_row][vc_row unlock_row_content=&#8220;yes&#8220; row_height_percent=&#8220;0&#8243; override_padding=&#8220;yes&#8220; h_padding=&#8220;0&#8243; top_padding=&#8220;0&#8243; bottom_padding=&#8220;0&#8243; overlay_alpha=&#8220;50&#8243; equal_height=&#8220;yes&#8220; gutter_size=&#8220;0&#8243; shift_y=&#8220;0&#8243;][\/vc_row][vc_row unlock_row_content=&#8220;yes&#8220; row_height_percent=&#8220;0&#8243; override_padding=&#8220;yes&#8220; h_padding=&#8220;0&#8243; top_padding=&#8220;0&#8243; bottom_padding=&#8220;0&#8243; overlay_alpha=&#8220;100&#8243; gutter_size=&#8220;0&#8243; style=&#8220;inherited&#8220;][\/vc_row][vc_row unlock_row_content=&#8220;yes&#8220; row_height_percent=&#8220;0&#8243; override_padding=&#8220;yes&#8220; h_padding=&#8220;0&#8243; top_padding=&#8220;0&#8243; bottom_padding=&#8220;0&#8243; overlay_alpha=&#8220;50&#8243; equal_height=&#8220;yes&#8220; gutter_size=&#8220;0&#8243; shift_y=&#8220;0&#8243;][\/vc_row][vc_row unlock_row_content=&#8220;yes&#8220; row_height_percent=&#8220;0&#8243; override_padding=&#8220;yes&#8220; h_padding=&#8220;0&#8243; top_padding=&#8220;0&#8243; bottom_padding=&#8220;0&#8243; overlay_alpha=&#8220;100&#8243; gutter_size=&#8220;0&#8243; style=&#8220;inherited&#8220;][\/vc_row][vc_row unlock_row_content=&#8220;yes&#8220; row_height_percent=&#8220;0&#8243; override_padding=&#8220;yes&#8220; h_padding=&#8220;0&#8243; top_padding=&#8220;0&#8243; bottom_padding=&#8220;0&#8243; overlay_alpha=&#8220;50&#8243; equal_height=&#8220;yes&#8220; gutter_size=&#8220;0&#8243; shift_y=&#8220;0&#8243;][\/vc_row][vc_row unlock_row_content=&#8220;yes&#8220; row_height_percent=&#8220;0&#8243; override_padding=&#8220;yes&#8220; h_padding=&#8220;0&#8243; top_padding=&#8220;0&#8243; bottom_padding=&#8220;0&#8243; overlay_alpha=&#8220;100&#8243; gutter_size=&#8220;0&#8243; style=&#8220;inherited&#8220;][\/vc_row][vc_row unlock_row_content=&#8220;yes&#8220; row_height_percent=&#8220;0&#8243; override_padding=&#8220;yes&#8220; h_padding=&#8220;0&#8243; top_padding=&#8220;0&#8243; bottom_padding=&#8220;0&#8243; overlay_alpha=&#8220;50&#8243; equal_height=&#8220;yes&#8220; gutter_size=&#8220;0&#8243; shift_y=&#8220;0&#8243;][\/vc_row][vc_row row_height_percent=&#8220;0&#8243; override_padding=&#8220;yes&#8220; h_padding=&#8220;2&#8243; top_padding=&#8220;2&#8243; bottom_padding=&#8220;5&#8243; overlay_alpha=&#8220;50&#8243; gutter_size=&#8220;3&#8243; column_width_percent=&#8220;100&#8243; shift_y=&#8220;0&#8243; z_index=&#8220;0&#8243;][vc_column column_width_use_pixel=&#8220;yes&#8220; gutter_size=&#8220;3&#8243; back_color=&#8220;color-lxmt&#8220; overlay_alpha=&#8220;50&#8243; shift_x=&#8220;0&#8243; shift_y=&#8220;0&#8243; shift_y_down=&#8220;0&#8243; z_index=&#8220;0&#8243; medium_width=&#8220;0&#8243; mobile_width=&#8220;0&#8243; width=&#8220;1\/1&#8243; column_width_pixel=&#8220;900&#8243;][vc_custom_heading heading_semantic=&#8220;h3&#8243; text_font=&#8220;font-385128&#8243; text_size=&#8220;h3&#8243; text_height=&#8220;fontheight-357766&#8243; uncode_shortcode_id=&#8220;183345&#8243;]<span class=\"font-385128\"> \u201eVetspanel je vynikaj\u00edc\u00ed. Skv\u011bl\u00fd zp\u016fsob, jak ovliv\u0148ovat nov\u00e9 produkty a n\u00e1pady, pom\u00e1hat firm\u00e1m v\u011bd\u011bt, jak nejl\u00e9pe p\u0159isp\u011bt komunit\u011b veterin\u00e1\u0159\u016f. Vetspanel je velmi snadn\u00e9 pou\u017e\u00edvat a je opravdu zaj\u00edmav\u00fd a informativn\u00ed Je vynikaj\u00edc\u00ed, kde se dozv\u011bd\u011bt o n\u00e1padech ostatn\u00edch profesion\u00e1l\u016f, a zaj\u00edmav\u00fd pro zji\u0161t\u011bn\u00ed, kter\u00e9 nov\u00e9 produkty m\u016f\u017eeme o\u010dek\u00e1vat. Skv\u011bl\u00fd zp\u016fsob, jak n\u011bco vr\u00e1tit a b\u00fdt sou\u010d\u00e1st\u00ed v\u011bc\u00ed budouc\u00edch a sou\u010dasn\u011b p\u0159\u00edjemn\u00fdch.&#8220;<\/span>[\/vc_custom_heading][vc_column_text]\u2014 Chris, veterin\u00e1\u0159, Spojen\u00e9 kr\u00e1lovstv\u00ed[\/vc_column_text][\/vc_column][\/vc_row][vc_row row_height_percent=&#8220;0&#8243; override_padding=&#8220;yes&#8220; h_padding=&#8220;2&#8243; top_padding=&#8220;2&#8243; bottom_padding=&#8220;2&#8243; overlay_alpha=&#8220;100&#8243; gutter_size=&#8220;3&#8243; column_width_percent=&#8220;100&#8243; border_color=&#8220;color-gyho&#8220; border_style=&#8220;solid&#8220; shift_y=&#8220;0&#8243; z_index=&#8220;0&#8243;][vc_column column_width_percent=&#8220;100&#8243; align_horizontal=&#8220;align_center&#8220; gutter_size=&#8220;3&#8243; overlay_alpha=&#8220;100&#8243; shift_x=&#8220;0&#8243; shift_y=&#8220;0&#8243; z_index=&#8220;0&#8243; medium_width=&#8220;0&#8243; zoom_width=&#8220;0&#8243; zoom_height=&#8220;0&#8243; width=&#8220;1\/1&#8243;][vc_custom_heading heading_semantic=&#8220;h4&#8243; text_font=&#8220;font-385128&#8243; text_size=&#8220;h4&#8243; uncode_shortcode_id=&#8220;168488&#8243;]<\/p>\n<h3 style=\"text-align: center;\"><span class=\"font-385128\">Na\u0161i partne\u0159i<br \/>\n<\/span><\/h3>\n<p>[\/vc_custom_heading][vc_gallery el_id=&#8220;gallery-85457&#8243; type=&#8220;carousel&#8220; medias=&#8220;88332,88329,88328,88330,88327,88331&#8243; carousel_lg=&#8220;7&#8243; carousel_md=&#8220;5&#8243; carousel_sm=&#8220;3&#8243; gutter_size=&#8220;3&#8243; media_items=&#8220;media|nolink|original,icon&#8220; carousel_interval=&#8220;3000&#8243; carousel_navspeed=&#8220;400&#8243; carousel_loop=&#8220;yes&#8220; stage_padding=&#8220;0&#8243; single_overlay_opacity=&#8220;50&#8243; single_overlay_anim=&#8220;no&#8220; single_text_anim=&#8220;no&#8220; single_image_anim=&#8220;no&#8220; single_padding=&#8220;2&#8243; single_border=&#8220;yes&#8220; title=&#8220;klienti&#8220;][\/vc_column][\/vc_row]<\/p>\n<\/div>","protected":false},"excerpt":{"rendered":"<p>[vc_row unlock_row_content=&#8220;yes&#8220; row_height_percent=&#8220;0&#8243; override_padding=&#8220;yes&#8220; h_padding=&#8220;0&#8243; top_padding=&#8220;0&#8243; bottom_padding=&#8220;0&#8243; overlay_alpha=&#8220;100&#8243; gutter_size=&#8220;0&#8243; style=&#8220;inherited&#8220;][\/vc_row][vc_row unlock_row_content=&#8220;yes&#8220; row_height_percent=&#8220;0&#8243; override_padding=&#8220;yes&#8220; h_padding=&#8220;0&#8243; top_padding=&#8220;0&#8243; bottom_padding=&#8220;0&#8243; overlay_alpha=&#8220;50&#8243; equal_height=&#8220;yes&#8220; gutter_size=&#8220;0&#8243; shift_y=&#8220;0&#8243;][\/vc_row][vc_row [&hellip;]<\/p>\n","protected":false},"author":14,"featured_media":0,"parent":0,"menu_order":0,"comment_status":"closed","ping_status":"closed","template":"","meta":{"_monsterinsights_skip_tracking":false,"_monsterinsights_sitenote_active":false,"_monsterinsights_sitenote_note":"","_monsterinsights_sitenote_category":0,"footnotes":""},"class_list":["post-110810","page","type-page","status-publish","hentry"],"_links":{"self":[{"href":"https:\/\/www.vetspanel.com\/cs\/wp-json\/wp\/v2\/pages\/110810","targetHints":{"allow":["GET"]}}],"collection":[{"href":"https:\/\/www.vetspanel.com\/cs\/wp-json\/wp\/v2\/pages"}],"about":[{"href":"https:\/\/www.vetspanel.com\/cs\/wp-json\/wp\/v2\/types\/page"}],"author":[{"embeddable":true,"href":"https:\/\/www.vetspanel.com\/cs\/wp-json\/wp\/v2\/users\/14"}],"replies":[{"embeddable":true,"href":"https:\/\/www.vetspanel.com\/cs\/wp-json\/wp\/v2\/comments?post=110810"}],"version-history":[{"count":0,"href":"https:\/\/www.vetspanel.com\/cs\/wp-json\/wp\/v2\/pages\/110810\/revisions"}],"wp:attachment":[{"href":"https:\/\/www.vetspanel.com\/cs\/wp-json\/wp\/v2\/media?parent=110810"}],"curies":[{"name":"wp","href":"https:\/\/api.w.org\/{rel}","templated":true}]}}