{"id":109654,"date":"2025-02-10T11:27:33","date_gmt":"2025-02-10T11:27:33","guid":{"rendered":"https:\/\/www.vetspanel.com\/?page_id=109654"},"modified":"2025-02-10T11:32:55","modified_gmt":"2025-02-10T11:32:55","slug":"survey-opt-out","status":"publish","type":"page","link":"https:\/\/www.vetspanel.com\/cs\/survey-opt-out\/","title":{"rendered":"Odhl\u00e1\u0161en\u00ed z pr\u016fzkumu"},"content":{"rendered":"<div class=\"wpb-content-wrapper\"><p>[vc_row][vc_column width=&#8220;1\/1&#8243;][vc_icon icon=&#8220;fa fa-close&#8220; icon_color=&#8220;color-rgdb&#8220; size=&#8220;fa-5x&#8220; uncode_shortcode_id=&#8220;117849&#8243; icon_color_type=&#8220;uncode-palette&#8220;][\/vc_icon][\/vc_column][\/vc_row][vc_row][vc_column width=&#8220;1\/1&#8243;][vc_custom_heading uncode_shortcode_id=&#8220;151432&#8243;]<span class=\"font-385128\">Nyn\u00ed budete vylou\u010deni z upom\u00ednek o tomto pr\u016fzkumu.<\/span>[\/vc_custom_heading][\/vc_column][\/vc_row][vc_row][vc_column width=&#8220;1\/1&#8243;][vc_button button_color=&#8220;color-rgdb&#8220; size=&#8220;btn-xl&#8220; radius=&#8220;btn-circle&#8220; hover_fx=&#8220;outlined&#8220; outline=&#8220;yes&#8220; text_skin=&#8220;yes&#8220; custom_typo=&#8220;yes&#8220; font_family=&#8220;font-385128&#8243; font_weight=&#8220;600&#8243; border_width=&#8220;2&#8243; button_color_type=&#8220;uncode-palette&#8220; width=&#8220;150&#8243; uncode_shortcode_id=&#8220;187079&#8243; link=&#8220;url:https%3A%2F%2Fwww.vetspanel.com%2Fcs%2Fprihlasit-clena%2F|&#8220;]P\u0159ihl\u00e1\u0161en\u00ed[\/vc_button][\/vc_column][\/vc_row]<\/p>\n<\/div>","protected":false},"excerpt":{"rendered":"<p>[vc_row][vc_column width=&#8220;1\/1&#8243;][vc_icon icon=&#8220;fa fa-close&#8220; icon_color=&#8220;color-rgdb&#8220; size=&#8220;fa-5x&#8220; uncode_shortcode_id=&#8220;117849&#8243; icon_color_type=&#8220;uncode-palette&#8220;][\/vc_icon][\/vc_column][\/vc_row][vc_row][vc_column width=&#8220;1\/1&#8243;][vc_custom_heading uncode_shortcode_id=&#8220;151432&#8243;]Nyn\u00ed budete vylou\u010deni z upom\u00ednek o tomto pr\u016fzkumu.[\/vc_custom_heading][\/vc_column][\/vc_row][vc_row][vc_column width=&#8220;1\/1&#8243;][vc_button button_color=&#8220;color-rgdb&#8220; size=&#8220;btn-xl&#8220; [&hellip;]<\/p>\n","protected":false},"author":13,"featured_media":0,"parent":0,"menu_order":0,"comment_status":"closed","ping_status":"closed","template":"","meta":{"_monsterinsights_skip_tracking":false,"_monsterinsights_sitenote_active":false,"_monsterinsights_sitenote_note":"","_monsterinsights_sitenote_category":0,"footnotes":""},"class_list":["post-109654","page","type-page","status-publish","hentry"],"_links":{"self":[{"href":"https:\/\/www.vetspanel.com\/cs\/wp-json\/wp\/v2\/pages\/109654","targetHints":{"allow":["GET"]}}],"collection":[{"href":"https:\/\/www.vetspanel.com\/cs\/wp-json\/wp\/v2\/pages"}],"about":[{"href":"https:\/\/www.vetspanel.com\/cs\/wp-json\/wp\/v2\/types\/page"}],"author":[{"embeddable":true,"href":"https:\/\/www.vetspanel.com\/cs\/wp-json\/wp\/v2\/users\/13"}],"replies":[{"embeddable":true,"href":"https:\/\/www.vetspanel.com\/cs\/wp-json\/wp\/v2\/comments?post=109654"}],"version-history":[{"count":0,"href":"https:\/\/www.vetspanel.com\/cs\/wp-json\/wp\/v2\/pages\/109654\/revisions"}],"wp:attachment":[{"href":"https:\/\/www.vetspanel.com\/cs\/wp-json\/wp\/v2\/media?parent=109654"}],"curies":[{"name":"wp","href":"https:\/\/api.w.org\/{rel}","templated":true}]}}