{"id":98943,"date":"2021-02-15T00:54:40","date_gmt":"2021-02-15T00:54:40","guid":{"rendered":"https:\/\/www.vetspanel.com\/preguntas-frecuentes\/"},"modified":"2023-07-25T12:37:35","modified_gmt":"2023-07-25T12:37:35","slug":"preguntas-frecuentes","status":"publish","type":"page","link":"https:\/\/www.vetspanel.com\/ag-es\/preguntas-frecuentes\/","title":{"rendered":"Preguntas Frecuentes"},"content":{"rendered":"<div class=\"wpb-content-wrapper\"><p>[vc_row row_height_percent=&#8221;0&#8243; overlay_alpha=&#8221;50&#8243; gutter_size=&#8221;3&#8243; column_width_percent=&#8221;100&#8243; shift_y=&#8221;0&#8243; z_index=&#8221;0&#8243; uncode_shortcode_id=&#8221;107571&#8243;][vc_column column_width_percent=&#8221;100&#8243; gutter_size=&#8221;3&#8243; font_family=&#8221;font-145443&#8243; back_color=&#8221;color-xsdn&#8221; overlay_alpha=&#8221;50&#8243; shift_x=&#8221;0&#8243; shift_y=&#8221;0&#8243; shift_y_down=&#8221;0&#8243; z_index=&#8221;0&#8243; medium_width=&#8221;0&#8243; mobile_width=&#8221;0&#8243; width=&#8221;1\/1&#8243; uncode_shortcode_id=&#8221;132158&#8243; back_color_type=&#8221;uncode-palette&#8221;][vc_custom_heading text_color=&#8221;color-wayh&#8221; heading_semantic=&#8221;h1&#8243; text_size=&#8221;h1&#8243; sub_lead=&#8221;yes&#8221; uncode_shortcode_id=&#8221;143533&#8243; text_color_type=&#8221;uncode-palette&#8221;]<\/p>\n<h1 style=\"text-align: left;\"><span class=\"font-385128\"><strong>Preguntas Frecuentes<\/strong><\/span><\/h1>\n<p>[\/vc_custom_heading][\/vc_column][\/vc_row][vc_row row_height_percent=&#8221;0&#8243; overlay_alpha=&#8221;50&#8243; gutter_size=&#8221;3&#8243; column_width_percent=&#8221;100&#8243; shift_y=&#8221;0&#8243; z_index=&#8221;0&#8243; uncode_shortcode_id=&#8221;127205&#8243;][vc_column column_width_percent=&#8221;100&#8243; gutter_size=&#8221;3&#8243; style=&#8221;light&#8221; font_family=&#8221;font-385128&#8243; back_color=&#8221;color-xsdn&#8221; overlay_color=&#8221;color-nhtu&#8221; overlay_alpha=&#8221;50&#8243; overlay_color_blend=&#8221;soft-light&#8221; shift_x=&#8221;0&#8243; shift_y=&#8221;0&#8243; shift_y_down=&#8221;0&#8243; z_index=&#8221;0&#8243; medium_width=&#8221;0&#8243; mobile_width=&#8221;0&#8243; width=&#8221;1\/1&#8243; uncode_shortcode_id=&#8221;489377&#8243; back_color_type=&#8221;uncode-palette&#8221; overlay_color_type=&#8221;uncode-palette&#8221;][vc_accordion typography=&#8221;yes&#8221;][vc_accordion_tab icon=&#8221;fa fa-question&#8221; gutter_size=&#8221;2&#8243; column_padding=&#8221;2&#8243; title=&#8221;\u00bfC\u00f3mo me uno a Vetspanel?&#8221; tab_id=&#8221;1613349699-1-42&#8243;][vc_wp_text]Si est\u00e1 interesado en participar, por favor env\u00ede un correo electr\u00f3nico a: contact@vetspanel.com[\/vc_wp_text][\/vc_accordion_tab][vc_accordion_tab icon=&#8221;fa fa-user&#8221; gutter_size=&#8221;2&#8243; column_padding=&#8221;2&#8243; title=&#8221;\u00bfQui\u00e9n puede unirse a Vetspanel?&#8221; tab_id=&#8221;1613349699-2-93&#8243;][vc_wp_text]Profesionales del \u00e1mbito veterinario como veterinarios, asistentes veterinarios, gerentes de veterinaria, t\u00e9cnicos, etc.[\/vc_wp_text][\/vc_accordion_tab][vc_accordion_tab icon=&#8221;fa fa-gbp&#8221; gutter_size=&#8221;2&#8243; column_padding=&#8221;2&#8243; title=&#8221;\u00bfCu\u00e1nto cuesta participar?&#8221; tab_id=&#8221;7e2d0227-bcc0-5&#8243;][vc_wp_text]Nada[\/vc_wp_text][\/vc_accordion_tab][vc_accordion_tab icon=&#8221;fa fa-wpforms&#8221; gutter_size=&#8221;2&#8243; column_padding=&#8221;2&#8243; title=&#8221;\u00bfPuedo completar mi solicitud de registro despu\u00e9s?&#8221; tab_id=&#8221;6b8ce965-17fe-3&#8243;][vc_wp_text]S\u00ed, puede hacerlo, sin embargo, cuanto antes complete el formulario de solicitud (le llevar\u00e1 solo un minuto), antes podr\u00e1 participar en nuestras encuestas y recibir recompensas.[\/vc_wp_text][\/vc_accordion_tab][vc_accordion_tab icon=&#8221;fa fa-envelope2&#8243; gutter_size=&#8221;2&#8243; column_padding=&#8221;2&#8243; title=&#8221;En nuestro trabajo usamos todos el mismo correo electr\u00f3nico, \u00bfpodemos todos participar en las encuestas?&#8221; tab_id=&#8221;41a5b12e-c72a-4&#8243;][vc_wp_text]Cada miembro de Vetspanel necesita tener un correo electronico propio para registrarse, de este modo cada profesional completar\u00e1 su propia encuesta y tendremos m\u00e1s opiniones distintas.[\/vc_wp_text][\/vc_accordion_tab][vc_accordion_tab icon=&#8221;fa fa-bank&#8221; gutter_size=&#8221;2&#8243; column_padding=&#8221;2&#8243; title=&#8221;\u00bfC\u00f3mo puedo ganar puntos?&#8221; tab_id=&#8221;1e114f7a-987e-0&#8243;][vc_wp_text]Participando y completando nuestras encuestas, las cuales pueden ser on line, por tel\u00e9fono, en persona o grupos de debate.[\/vc_wp_text][\/vc_accordion_tab][vc_accordion_tab icon=&#8221;fa fa-diamond&#8221; gutter_size=&#8221;2&#8243; column_padding=&#8221;2&#8243; title=&#8221;\u00bfC\u00faando puedo empezar a canjear mis puntos?&#8221; tab_id=&#8221;673b539f-af05-0&#8243;][vc_wp_text]Inmediatamente. Una vez que haya completado una encuesta, puede entrar en su cuenta de Vetspanel y canjear sus puntos.[\/vc_wp_text][\/vc_accordion_tab][vc_accordion_tab icon=&#8221;fa fa-cancel&#8221; gutter_size=&#8221;2&#8243; column_padding=&#8221;2&#8243; title=&#8221;\u00bfC\u00f3mo puedo cancelar mi cuenta de Vetspanel?&#8221; tab_id=&#8221;99c09934-0de2-6&#8243;][vc_wp_text]Inicie sesi\u00f3n con su cuenta de miembro. Vaya a la p\u00e1gina\/pesta\u00f1a \u201cPerfil\u201d y despl\u00e1cese hasta la parte inferior de su perfil. Haga clic en &#8220;Para darse de baja por favor haga clic aqu\u00ed&#8221; .[\/vc_wp_text][\/vc_accordion_tab][\/vc_accordion][\/vc_column][\/vc_row]<\/p>\n<\/div>","protected":false},"excerpt":{"rendered":"<p>[vc_row row_height_percent=&#8221;0&#8243; overlay_alpha=&#8221;50&#8243; gutter_size=&#8221;3&#8243; column_width_percent=&#8221;100&#8243; shift_y=&#8221;0&#8243; z_index=&#8221;0&#8243; uncode_shortcode_id=&#8221;107571&#8243;][vc_column column_width_percent=&#8221;100&#8243; gutter_size=&#8221;3&#8243; font_family=&#8221;font-145443&#8243; back_color=&#8221;color-xsdn&#8221; overlay_alpha=&#8221;50&#8243; shift_x=&#8221;0&#8243; shift_y=&#8221;0&#8243; shift_y_down=&#8221;0&#8243; z_index=&#8221;0&#8243; medium_width=&#8221;0&#8243; mobile_width=&#8221;0&#8243; width=&#8221;1\/1&#8243; [&hellip;]<\/p>\n","protected":false},"author":2,"featured_media":0,"parent":0,"menu_order":0,"comment_status":"closed","ping_status":"closed","template":"","meta":{"_monsterinsights_skip_tracking":false,"_monsterinsights_sitenote_active":false,"_monsterinsights_sitenote_note":"","_monsterinsights_sitenote_category":0,"footnotes":""},"class_list":["post-98943","page","type-page","status-publish","hentry"],"_links":{"self":[{"href":"https:\/\/www.vetspanel.com\/ag-es\/wp-json\/wp\/v2\/pages\/98943","targetHints":{"allow":["GET"]}}],"collection":[{"href":"https:\/\/www.vetspanel.com\/ag-es\/wp-json\/wp\/v2\/pages"}],"about":[{"href":"https:\/\/www.vetspanel.com\/ag-es\/wp-json\/wp\/v2\/types\/page"}],"author":[{"embeddable":true,"href":"https:\/\/www.vetspanel.com\/ag-es\/wp-json\/wp\/v2\/users\/2"}],"replies":[{"embeddable":true,"href":"https:\/\/www.vetspanel.com\/ag-es\/wp-json\/wp\/v2\/comments?post=98943"}],"version-history":[{"count":0,"href":"https:\/\/www.vetspanel.com\/ag-es\/wp-json\/wp\/v2\/pages\/98943\/revisions"}],"wp:attachment":[{"href":"https:\/\/www.vetspanel.com\/ag-es\/wp-json\/wp\/v2\/media?parent=98943"}],"curies":[{"name":"wp","href":"https:\/\/api.w.org\/{rel}","templated":true}]}}